{"id":24,"date":"2025-06-03T10:10:21","date_gmt":"2025-06-03T10:10:21","guid":{"rendered":"https:\/\/c-secure.eu\/?page_id=24"},"modified":"2025-06-11T12:36:44","modified_gmt":"2025-06-11T12:36:44","slug":"about-c-secure","status":"publish","type":"page","link":"https:\/\/c-secure.eu\/de\/uber-c-secure\/","title":{"rendered":"\u00dcber C-secure"},"content":{"rendered":"<section\n        class=\"text-media bg-white class-full-width\">\n            <div class=\"container image-right\">\n                            <div class=\"media image-with-text\">\n                    <img decoding=\"async\" src=\"https:\/\/c-secure.eu\/wp-content\/uploads\/2025\/06\/About-C-secure-profile_2.jpg\" alt=\"\u00dcber-C-sicheres-Profil_2\">\n                                    <\/div>\n                        <div class=\"info\">\n                <div>\n                                            <h2 class=\"heading\">C-secure<\/h2>\n                                                                <div class=\"content\"><p><em>Ein kreatives Team<\/em><\/p>\n<p class=\"translation-block\"><b>Von links nach rechts:<\/b> Alexis van der Wilde, Clea Ridder und Matthias Ridder. Das Managementteam von C-secure \u2013 geb\u00fcndelte langj\u00e4hrige Erfahrung mit Entwicklung, Fertigung und Vertrieb von attraktiven Qualit\u00e4tsprodukten zu attraktiven Preisen auf dem internationalen Markt. Attraktiv nicht nur f\u00fcr den Verbraucher, sondern auch f\u00fcr unsere H\u00e4ndler.<\/p>\n<\/div>\n                                    <\/div>\n            <\/div>\n        <\/div>\n    <\/section>\n\n\n\n<section class=\"quote\">\n    <div class=\"boxed\">\n        <h2 class=\"heading\">Unsere Geschichte<\/h2>\n            <\/div>\n<\/section>\n\n\n\n<section\n        class=\"text-media bg-pale-gray class-full-width\">\n            <div class=\"container image-right\">\n                            <div class=\"media image-with-text\">\n                    <img decoding=\"async\" src=\"https:\/\/c-secure.eu\/wp-content\/uploads\/2025\/06\/How-we-work-_-C-secure-03.jpg\" alt=\"How-we-work-_-C-secure-03\">\n                                    <\/div>\n                        <div class=\"info\">\n                <div>\n                                            <h2 class=\"heading\">Seit 2013<\/h2>\n                                                                <div class=\"content\"><p>2013 kamen wir bei einem Gespr\u00e4ch unter Freunden darauf, wie schnell die technologischen Entwicklungen auf den verschiedenen M\u00e4rkten fortschreiten. Wie Banken und Kreditkartenunternehmen die alten Karten durch neue Karten mit RFID oder NFC ersetzen. Karten, mit denen man zwar kontaktlos bezahlen kann, die jedoch nicht gegen elektronischen Taschendiebstahl gesch\u00fctzt sind.<\/p>\n<\/div>\n                                    <\/div>\n            <\/div>\n        <\/div>\n    <\/section>\n\n\n\n<section\n        class=\"text-media bg-pale-gray class-full-width\">\n            <div class=\"container image-left\">\n                            <div class=\"media image-with-text\">\n                    <img decoding=\"async\" src=\"https:\/\/c-secure.eu\/wp-content\/uploads\/2025\/06\/Leather_c-secure_2019_pattern.jpg\" alt=\"Leder_c-secure_2019_Muster\">\n                                            <div class=\"text-in-image\">Feinstes italienisches Leder<\/div>\n                                    <\/div>\n                        <div class=\"info\">\n                <div>\n                                            <h2 class=\"heading\">Innovativit\u00e4t<\/h2>\n                                                                <div class=\"content\"><p>Ein Portemonnaie oder Kartenhalter mit RFID-Schutz ist heutzutage unerl\u00e4sslich. Die drahtlosen Leseger\u00e4te zum Aussp\u00e4hen Ihrer Daten arbeiten mit Funkwellen, die durch jeden Stoff und jedes Leder dringen. Dagegen hilft nichts au\u00dfer einem speziellen Schutz f\u00fcr Ihre Karten. Und dann kommt C-secure ins Spiel. Mit der perfekten L\u00f6sung zum Aufbewahren von Karten mit RFID-Schutz.<\/p>\n<\/div>\n                                    <\/div>\n            <\/div>\n        <\/div>\n    <\/section>\n\n\n\n<section\n        class=\"text-media bg-pale-gray class-full-width\">\n            <div class=\"container image-right\">\n                            <div class=\"media image-with-text\">\n                    <img decoding=\"async\" src=\"https:\/\/c-secure.eu\/wp-content\/uploads\/2025\/06\/How-we-work-_-C-secure-02.jpg\" alt=\"How-we-work-_-C-secure-02\">\n                                    <\/div>\n                        <div class=\"info\">\n                <div>\n                                            <h2 class=\"heading\">Hauptsitz in den Niederlanden<\/h2>\n                                                                <div class=\"content\"><p>Seit seinem Markteintritt 2013 ist unser Portemonnaie ein echter Verkaufsschlager, sowohl bei Unternehmen als bei Verbrauchern. Darum ist C-secure immer auf der Suche nach neuen Verkaufsstellen, um der st\u00e4ndig wachsenden Nachfrage entsprechen zu k\u00f6nnen. H\u00e4ndler, die wie wir Wert auf ausgezeichneten Kundendienst legen, laden wir herzlich ein, mit unserem Hauptsitz in Arnheim in den Niederlanden Kontakt aufzunehmen.<\/p>\n<\/div>\n                                    <\/div>\n            <\/div>\n        <\/div>\n    <\/section>\n\n\n\n<section class=\"texts\">\n    <div class=\"boxed\">\n                    <div class=\"rows\">\n                <div class=\"row row-headings\">\n                                            <div class=\"col heading-col index-0\">\n                                                            <h2 class=\"heading\">Unsere Kunden<\/h2>\n                                                    <\/div>\n                                    <\/div>\n                <div class=\"row row-content\">\n                                            <div class=\"col content-col index-0\">\n                            <div class=\"content\">\n                                                                    <p><em>Wir arbeiten mit einigen der besten Unternehmen der Welt zusammen, die ihr Vertrauen in unser K\u00f6nnen setzen.<\/em><\/p>\n                                                            <\/div>\n                        <\/div>\n                                    <\/div>\n            <\/div>\n        \t      <\/div>\n<\/section>\n\n\n\n\n<section class=\"media\">\n    <div class=\"boxed one-column width-boxed\">\n        <span class=\"heading\"><\/span>\n        <div class=\"items\">\n                                                                    <div class=\"media-item\">\n                                                    <div class=\"image\">\n                                                                    <img decoding=\"async\" src=\"https:\/\/c-secure.eu\/wp-content\/uploads\/2025\/06\/Clients_C-Secure_logos_2019.jpg\"\n                                         alt=\"Clients_C-Secure_logos_2019\">\n                                                                                                <\/div>\n                                            <\/div>\n                                    <\/div>\n    <\/div>\n<\/section>\n\n\n\n\n\n<section class=\"call-to-action bg-green\">\n    <div class=\"container boxed\">\n        <div class=\"info\">\n            <div>\n                                    <h2 class=\"heading\">An einer Zusammenarbeit mit C-Secure interessiert?<\/h2>\n                                                                    <a href=\"https:\/\/c-secure.eu\/de\/kontakt-c-sicher\/\" class=\"button\">Kontakt<\/a>\n                            <\/div>\n        <\/div>\n    <\/div>\n<\/section>","protected":false},"excerpt":{"rendered":"","protected":false},"author":1,"featured_media":0,"parent":0,"menu_order":0,"comment_status":"closed","ping_status":"closed","template":"","meta":{"_acf_changed":false,"footnotes":""},"class_list":["post-24","page","type-page","status-publish"],"acf":[],"_links":{"self":[{"href":"https:\/\/c-secure.eu\/de\/wp-json\/wp\/v2\/pages\/24","targetHints":{"allow":["GET"]}}],"collection":[{"href":"https:\/\/c-secure.eu\/de\/wp-json\/wp\/v2\/pages"}],"about":[{"href":"https:\/\/c-secure.eu\/de\/wp-json\/wp\/v2\/types\/page"}],"author":[{"embeddable":true,"href":"https:\/\/c-secure.eu\/de\/wp-json\/wp\/v2\/users\/1"}],"replies":[{"embeddable":true,"href":"https:\/\/c-secure.eu\/de\/wp-json\/wp\/v2\/comments?post=24"}],"version-history":[{"count":16,"href":"https:\/\/c-secure.eu\/de\/wp-json\/wp\/v2\/pages\/24\/revisions"}],"predecessor-version":[{"id":19502,"href":"https:\/\/c-secure.eu\/de\/wp-json\/wp\/v2\/pages\/24\/revisions\/19502"}],"wp:attachment":[{"href":"https:\/\/c-secure.eu\/de\/wp-json\/wp\/v2\/media?parent=24"}],"curies":[{"name":"wp","href":"https:\/\/api.w.org\/{rel}","templated":true}]}}