{"id":19283,"date":"2025-06-04T13:39:47","date_gmt":"2025-06-04T13:39:47","guid":{"rendered":"https:\/\/c-secure.eu\/?post_type=product&#038;p=19283"},"modified":"2025-06-12T14:17:08","modified_gmt":"2025-06-12T14:17:08","slug":"cardholder","status":"publish","type":"product","link":"https:\/\/c-secure.eu\/de\/product\/karteninhaber\/","title":{"rendered":"Kartenh\u00fclle"},"content":{"rendered":"<section class=\"media\">\n    <div class=\"boxed two-columns width-boxed\">\n        <span class=\"heading\"><\/span>\n        <div class=\"items\">\n                                                                    <div class=\"media-item\">\n                                                    <div class=\"splide\" id=\"slide-607218920\" aria-label=\"Diashow\" role=\"group\">\n                                <div class=\"splide__track\">\n                                    <ul class=\"splide__list\">\n                                                                                    <li class=\"splide__slide\">\n                                                <img decoding=\"async\" src=\"https:\/\/c-secure.eu\/wp-content\/uploads\/2025\/06\/XL_Cardholder_C-secure_2019_02.jpg\" alt=\"XL Kartenhalter\"\/>\n                                            <\/li>\n                                                                                    <li class=\"splide__slide\">\n                                                <img decoding=\"async\" src=\"https:\/\/c-secure.eu\/wp-content\/uploads\/2025\/06\/XL_Cardholder_C-secure_2019_01.jpg\" alt=\"XL Kartenhalter\"\/>\n                                            <\/li>\n                                                                            <\/ul>\n                                <\/div>\n                            <\/div>\n\n                            \n                            <script>\n                                document.addEventListener('DOMContentLoaded', function () {\n                                    const splide = new Splide('#slide-607218920', {\n                                        type: 'fade',\n                                        perPage: 1,\n                                        autoplay: true,\n                                        focus: 'center',\n                                        padding: '0%',\n                                        pauseOnHover: false,\n                                        pauseOnFocus: false,\n                                        pagination: true,\n                                        arrows: true,\n                                        speed: 600,\n                                        rewind: true\n                                    });\n\n                                    splide.on('mounted move', function () {\n                                        const slides = splide.Components.Slides.get();\n                                        slides.forEach(slide => {\n                                            slide.slide.classList.remove('is-center');\n                                        });\n\n                                        const current = splide.Components.Slides.getAt(splide.index);\n                                        if (current) {\n                                            current.slide.classList.add('is-center');\n                                        }\n                                    });\n\n                                    splide.mount();\n                                });\n                            <\/script>\n\n                                            <\/div>\n                                                        <div class=\"media-item\">\n                                                    <div class=\"image\">\n                                                                    <img decoding=\"async\" src=\"https:\/\/c-secure.eu\/wp-content\/uploads\/2025\/06\/C-secure_Cardholder_2019-1.jpg\"\n                                         alt=\"C-secure_Karteninhaber_2019 (1)\">\n                                                                                                <\/div>\n                                            <\/div>\n                                    <\/div>\n    <\/div>\n<\/section>\n\n\n\n\n\n<section class=\"texts\">\n    <div class=\"boxed\">\n                    <div class=\"rows\">\n                <div class=\"row row-headings\">\n                                            <div class=\"col heading-col index-0\">\n                                                            <h2 class=\"heading\">Kartenh\u00fclle<\/h2>\n                                                    <\/div>\n                                    <\/div>\n                <div class=\"row row-content\">\n                                            <div class=\"col content-col index-0\">\n                            <div class=\"content\">\n                                                                    <p>Durchdachtes Design<\/p>\n                                                            <\/div>\n                        <\/div>\n                                    <\/div>\n            <\/div>\n        \t      <\/div>\n<\/section>\n\n\n\n\n<section class=\"texts\">\n    <div class=\"boxed\">\n                    <div class=\"rows\">\n                <div class=\"row row-headings\">\n                                            <div class=\"col heading-col index-0\">\n                                                    <\/div>\n                                            <div class=\"col heading-col index-1\">\n                                                    <\/div>\n                                    <\/div>\n                <div class=\"row row-content\">\n                                            <div class=\"col content-col index-0\">\n                            <div class=\"content\">\n                                                                    <p>Begr\u00fc\u00dfen Sie unsere minimalistischen, kompakten Kartenhalter aus Aluminium, die in verschiedenen Farben erh\u00e4ltlich sind. F\u00fcr Menschen, die schlichtes Design m\u00f6gen. Die Kartenhalter sch\u00fctzen Ihre Karten vor Abnutzung und Skimming. Alle Kartenhalter sind mit einem patentierten Mechanismus ausgestattet, der einen einfachen Zugriff auf Ihre Karten erm\u00f6glicht.<\/p>\n                                                            <\/div>\n                        <\/div>\n                                            <div class=\"col content-col index-1\">\n                            <div class=\"content\">\n                                                                    <ul>\n<li class=\"translation-block\"><b>Material:<\/b> Langlebiges Aluminium<\/li>\n<li><b>Speichert und sch\u00fctzt:<\/b>\u00a04 bis 7 Karten<\/li>\n<li><b>Gr\u00f6\u00dfe:<\/b>\u00a061 x 95 x 8 mm<\/li>\n<li><b>Gewicht:<\/b>\u00a045 Gramm<\/li>\n<\/ul>\n                                                            <\/div>\n                        <\/div>\n                                    <\/div>\n            <\/div>\n        \t      <\/div>\n<\/section>\n\n\n\n\n<section class=\"media\">\n    <div class=\"boxed six-columns width-boxed\">\n        <span class=\"heading\"><\/span>\n        <div class=\"items\">\n                                                                    <div class=\"media-item\">\n                                                    <div class=\"image\">\n                                                                    <img decoding=\"async\" src=\"https:\/\/c-secure.eu\/wp-content\/uploads\/2025\/06\/Cardholder_Black.jpg\"\n                                         alt=\"Kartenhalter Schwarz\">\n                                                                            <p class=\"text-under-image\">Schwarz<\/p>\n                                                                                                <\/div>\n                                            <\/div>\n                                                        <div class=\"media-item\">\n                                                    <div class=\"image\">\n                                                                    <img decoding=\"async\" src=\"https:\/\/c-secure.eu\/wp-content\/uploads\/2025\/06\/C-secure_Cardholder_Blue.jpg\"\n                                         alt=\"Kartenhalter Blau\">\n                                                                            <p class=\"text-under-image\">Blau<\/p>\n                                                                                                <\/div>\n                                            <\/div>\n                                                        <div class=\"media-item\">\n                                                    <div class=\"image\">\n                                                                    <img decoding=\"async\" src=\"https:\/\/c-secure.eu\/wp-content\/uploads\/2025\/06\/C-secure_Cardholder_Champagne.jpg\"\n                                         alt=\"Karteninhaber Champagner\">\n                                                                            <p class=\"text-under-image\">Champagner Gold<\/p>\n                                                                                                <\/div>\n                                            <\/div>\n                                                        <div class=\"media-item\">\n                                                    <div class=\"image\">\n                                                                    <img decoding=\"async\" src=\"https:\/\/c-secure.eu\/wp-content\/uploads\/2025\/06\/C-secure_Wallet_Grey.jpg\"\n                                         alt=\"Kartenhalter Grau\">\n                                                                            <p class=\"text-under-image\">Grau<\/p>\n                                                                                                <\/div>\n                                            <\/div>\n                                    <\/div>\n    <\/div>\n<\/section>\n\n\n\n\n\n<section class=\"media\">\n    <div class=\"boxed six-columns width-boxed\">\n        <span class=\"heading\"><\/span>\n        <div class=\"items\">\n                                                                    <div class=\"media-item\">\n                                                    <div class=\"image\">\n                                                                    <img decoding=\"async\" src=\"https:\/\/c-secure.eu\/wp-content\/uploads\/2025\/06\/C-secure_Cardholder_Red.jpg\"\n                                         alt=\"Karteninhaber Rot\">\n                                                                            <p class=\"text-under-image\">Rot<\/p>\n                                                                                                <\/div>\n                                            <\/div>\n                                                        <div class=\"media-item\">\n                                                    <div class=\"image\">\n                                                                    <img decoding=\"async\" src=\"https:\/\/c-secure.eu\/wp-content\/uploads\/2025\/06\/C-secure_Wallet_Silver.jpg\"\n                                         alt=\"Kartenhalter Silber\">\n                                                                            <p class=\"text-under-image\">Silber<\/p>\n                                                                                                <\/div>\n                                            <\/div>\n                                                        <div class=\"media-item\">\n                                                    <div class=\"image\">\n                                                                    <img decoding=\"async\" src=\"https:\/\/c-secure.eu\/wp-content\/uploads\/2025\/06\/C-secure_Cardholder_Brown-1.jpg\"\n                                         alt=\"Kartenhalter Braun\">\n                                                                            <p class=\"text-under-image\">Braun<\/p>\n                                                                                                <\/div>\n                                            <\/div>\n                                                        <div class=\"media-item\">\n                                                    <div class=\"image\">\n                                                                    <img decoding=\"async\" src=\"https:\/\/c-secure.eu\/wp-content\/uploads\/2025\/06\/C-secure_Cardholder_DarkBlue.jpg\"\n                                         alt=\"Kartenhalter Dunkelblau\">\n                                                                            <p class=\"text-under-image\">Dunkelblau<\/p>\n                                                                                                <\/div>\n                                            <\/div>\n                                    <\/div>\n    <\/div>\n<\/section>\n\n\n\n\n\n<section class=\"media\">\n    <div class=\"boxed six-columns width-boxed\">\n        <span class=\"heading\">Limitierte Auflage:<\/span>\n        <div class=\"items\">\n                                                                    <div class=\"media-item\">\n                                                    <div class=\"image\">\n                                                                    <img decoding=\"async\" src=\"https:\/\/c-secure.eu\/wp-content\/uploads\/2025\/06\/C-secure_Cardholder_Blue-1.jpg\"\n                                         alt=\"Kartenhalter Blau\">\n                                                                            <p class=\"text-under-image\">Indigoblau<\/p>\n                                                                                                <\/div>\n                                            <\/div>\n                                                        <div class=\"media-item\">\n                                                    <div class=\"image\">\n                                                                    <img decoding=\"async\" src=\"https:\/\/c-secure.eu\/wp-content\/uploads\/2025\/06\/C-secure_Cardholder_Olive_Green.jpg\"\n                                         alt=\"Kartenhalter Olivgr\u00fcn\">\n                                                                            <p class=\"text-under-image\">Olivgr\u00fcn<\/p>\n                                                                                                <\/div>\n                                            <\/div>\n                                                        <div class=\"media-item\">\n                                                    <div class=\"image\">\n                                                                    <img decoding=\"async\" src=\"https:\/\/c-secure.eu\/wp-content\/uploads\/2025\/06\/C-secure_Cardholder_Purple.jpg\"\n                                         alt=\"Kartenhalter Violett\">\n                                                                            <p class=\"text-under-image\">Lila<\/p>\n                                                                                                <\/div>\n                                            <\/div>\n                                    <\/div>\n    <\/div>\n<\/section>\n\n\n\n\n\n<section class=\"texts\">\n    <div class=\"boxed\">\n                    <div class=\"rows\">\n                <div class=\"row row-headings\">\n                                            <div class=\"col heading-col index-0\">\n                                                    <\/div>\n                                    <\/div>\n                <div class=\"row row-content\">\n                                            <div class=\"col content-col index-0\">\n                            <div class=\"content\">\n                                                                    <p><b>Gravierte Kartenhalter in Marmoroptik (NEW)\u00a0<strong><em>Sonderausgabe)<\/em><\/strong><\/b><\/p>\n<p>Begr\u00fc\u00dfen Sie diese Sonderausgabe unseres robusten, minimalistischen Kartenhalters. F\u00fcr Menschen, die ein schlichtes Design mit einem edlen \u00c4u\u00dferen m\u00f6gen. Unsere gravierten Kartenhalter in Marmoroptik sind in drei Farben erh\u00e4ltlich: Schwarz, Grau und Ros\u00e9gold. Sie sind f\u00fcr eine lange Lebensdauer mit einem Hauch von Klasse konzipiert und sch\u00fctzen bis zu 7 Karten vor Abnutzung und Skimming. (Auch als XL erh\u00e4ltlich)<\/p>\n                                                            <\/div>\n                        <\/div>\n                                    <\/div>\n            <\/div>\n        \t      <\/div>\n<\/section>\n\n\n\n\n<section class=\"media\">\n    <div class=\"boxed six-columns width-boxed\">\n        <span class=\"heading\"><\/span>\n        <div class=\"items\">\n                                                                    <div class=\"media-item\">\n                                                    <div class=\"image\">\n                                                                    <img decoding=\"async\" src=\"https:\/\/c-secure.eu\/wp-content\/uploads\/2025\/06\/cardholder_engraved_C-secure_black_side.jpg\"\n                                         alt=\"Kartenhalter Schwarz\">\n                                                                            <p class=\"text-under-image\">Schwarz<\/p>\n                                                                                                <\/div>\n                                            <\/div>\n                                                        <div class=\"media-item\">\n                                                    <div class=\"image\">\n                                                                    <img decoding=\"async\" src=\"https:\/\/c-secure.eu\/wp-content\/uploads\/2025\/06\/cardholder_engraved_C-secure_grey_side.jpg\"\n                                         alt=\"Kartenhalter Grau\">\n                                                                            <p class=\"text-under-image\">Grau<\/p>\n                                                                                                <\/div>\n                                            <\/div>\n                                                        <div class=\"media-item\">\n                                                    <div class=\"image\">\n                                                                    <img decoding=\"async\" src=\"https:\/\/c-secure.eu\/wp-content\/uploads\/2025\/06\/cardholder_engraved_C-secure_rose_side.jpg\"\n                                         alt=\"Karteninhaber Rose\">\n                                                                            <p class=\"text-under-image\">Ros\u00e9gold<\/p>\n                                                                                                <\/div>\n                                            <\/div>\n                                                        <div class=\"media-item\">\n                                                    <div class=\"splide\" id=\"slide-254255460\" aria-label=\"Diashow\" role=\"group\">\n                                <div class=\"splide__track\">\n                                    <ul class=\"splide__list\">\n                                                                                    <li class=\"splide__slide\">\n                                                <img decoding=\"async\" src=\"https:\/\/c-secure.eu\/wp-content\/uploads\/2025\/06\/cardholder_engraved_C-secure_rose_back-1.jpg\" alt=\"Karteninhaber_graviert_C-secure_rose_back (1)\"\/>\n                                            <\/li>\n                                                                                    <li class=\"splide__slide\">\n                                                <img decoding=\"async\" src=\"https:\/\/c-secure.eu\/wp-content\/uploads\/2025\/06\/cardholder_engraved_C-secure_rose_front01.jpg\" alt=\"kartenhalter_graviert_C-secure_rose_front01\"\/>\n                                            <\/li>\n                                                                            <\/ul>\n                                <\/div>\n                            <\/div>\n\n                            \n                            <script>\n                                document.addEventListener('DOMContentLoaded', function () {\n                                    const splide = new Splide('#slide-254255460', {\n                                        type: 'fade',\n                                        perPage: 1,\n                                        autoplay: true,\n                                        focus: 'center',\n                                        padding: '0%',\n                                        pauseOnHover: false,\n                                        pauseOnFocus: false,\n                                        pagination: true,\n                                        arrows: true,\n                                        speed: 600,\n                                        rewind: true\n                                    });\n\n                                    splide.on('mounted move', function () {\n                                        const slides = splide.Components.Slides.get();\n                                        slides.forEach(slide => {\n                                            slide.slide.classList.remove('is-center');\n                                        });\n\n                                        const current = splide.Components.Slides.getAt(splide.index);\n                                        if (current) {\n                                            current.slide.classList.add('is-center');\n                                        }\n                                    });\n\n                                    splide.mount();\n                                });\n                            <\/script>\n\n                                            <\/div>\n                                    <\/div>\n    <\/div>\n<\/section>","protected":false},"featured_media":19284,"template":"","meta":{"_acf_changed":true},"class_list":["post-19283","product","type-product","status-publish","has-post-thumbnail","hentry"],"acf":[],"_links":{"self":[{"href":"https:\/\/c-secure.eu\/de\/wp-json\/wp\/v2\/product\/19283","targetHints":{"allow":["GET"]}}],"collection":[{"href":"https:\/\/c-secure.eu\/de\/wp-json\/wp\/v2\/product"}],"about":[{"href":"https:\/\/c-secure.eu\/de\/wp-json\/wp\/v2\/types\/product"}],"wp:featuredmedia":[{"embeddable":true,"href":"https:\/\/c-secure.eu\/de\/wp-json\/wp\/v2\/media\/19284"}],"wp:attachment":[{"href":"https:\/\/c-secure.eu\/de\/wp-json\/wp\/v2\/media?parent=19283"}],"curies":[{"name":"wp","href":"https:\/\/api.w.org\/{rel}","templated":true}]}}