{"id":19287,"date":"2025-06-04T13:40:13","date_gmt":"2025-06-04T13:40:13","guid":{"rendered":"https:\/\/c-secure.eu\/?post_type=product&#038;p=19287"},"modified":"2025-06-12T11:59:18","modified_gmt":"2025-06-12T11:59:18","slug":"coin-wallet","status":"publish","type":"product","link":"https:\/\/c-secure.eu\/de\/product\/portemonnaie\/","title":{"rendered":"Portemonnaie mit M\u00fcnzfach"},"content":{"rendered":"<section class=\"media\">\n    <div class=\"boxed two-columns width-boxed\">\n        <span class=\"heading\"><\/span>\n        <div class=\"items\">\n                                                                    <div class=\"media-item\">\n                                                    <div class=\"splide\" id=\"slide-1485997018\" aria-label=\"Diashow\" role=\"group\">\n                                <div class=\"splide__track\">\n                                    <ul class=\"splide__list\">\n                                                                                    <li class=\"splide__slide\">\n                                                <img decoding=\"async\" src=\"https:\/\/c-secure.eu\/wp-content\/uploads\/2025\/06\/C-secure_coin_wallet_2019_front.jpg\" alt=\"\"\/>\n                                            <\/li>\n                                                                                    <li class=\"splide__slide\">\n                                                <img decoding=\"async\" src=\"https:\/\/c-secure.eu\/wp-content\/uploads\/2025\/06\/C-secure_coin_wallet_2019_side2.jpg\" alt=\"\"\/>\n                                            <\/li>\n                                                                            <\/ul>\n                                <\/div>\n                            <\/div>\n\n                            \n                            <script>\n                                document.addEventListener('DOMContentLoaded', function () {\n                                    const splide = new Splide('#slide-1485997018', {\n                                        type: 'fade',\n                                        perPage: 1,\n                                        autoplay: true,\n                                        focus: 'center',\n                                        padding: '0%',\n                                        pauseOnHover: false,\n                                        pauseOnFocus: false,\n                                        pagination: true,\n                                        arrows: true,\n                                        speed: 600,\n                                        rewind: true\n                                    });\n\n                                    splide.on('mounted move', function () {\n                                        const slides = splide.Components.Slides.get();\n                                        slides.forEach(slide => {\n                                            slide.slide.classList.remove('is-center');\n                                        });\n\n                                        const current = splide.Components.Slides.getAt(splide.index);\n                                        if (current) {\n                                            current.slide.classList.add('is-center');\n                                        }\n                                    });\n\n                                    splide.mount();\n                                });\n                            <\/script>\n\n                                            <\/div>\n                                                        <div class=\"media-item\">\n                                                    <div class=\"image\">\n                                                                    <img decoding=\"async\" src=\"https:\/\/c-secure.eu\/wp-content\/uploads\/2025\/06\/C-secure_coin_wallet_2019_table.jpg\"\n                                         alt=\"\">\n                                                                                                <\/div>\n                                            <\/div>\n                                    <\/div>\n    <\/div>\n<\/section>\n\n\n\n\n\n<section class=\"texts\">\n    <div class=\"boxed\">\n                    <div class=\"rows\">\n                <div class=\"row row-headings\">\n                                            <div class=\"col heading-col index-0\">\n                                                            <h2 class=\"heading\">Brieftasche mit M\u00fcnzfach<\/h2>\n                                                    <\/div>\n                                    <\/div>\n                <div class=\"row row-content\">\n                                            <div class=\"col content-col index-0\">\n                            <div class=\"content\">\n                                                                    <div id=\"pg-2155-1\" class=\"panel-grid panel-has-style\">\n<div class=\"panel-row-style panel-row-style-for-2155-1\">\n<div id=\"pgc-2155-1-0\" class=\"panel-grid-cell\">\n<div id=\"panel-2155-1-0-0\" class=\"so-panel widget widget_black-studio-tinymce widget_black_studio_tinymce panel-first-child panel-last-child\" data-index=\"2\">\n<div class=\"textwidget\">\n<p>Der Klassiker von C-secure mit Platz f\u00fcr M\u00fcnzen<\/p>\n<\/div>\n<\/div>\n<\/div>\n<\/div>\n<\/div>\n                                                            <\/div>\n                        <\/div>\n                                    <\/div>\n            <\/div>\n        \t      <\/div>\n<\/section>\n\n\n\n\n<section class=\"texts\">\n    <div class=\"boxed\">\n                    <div class=\"rows\">\n                <div class=\"row row-headings\">\n                                            <div class=\"col heading-col index-0\">\n                                                    <\/div>\n                                            <div class=\"col heading-col index-1\">\n                                                    <\/div>\n                                    <\/div>\n                <div class=\"row row-content\">\n                                            <div class=\"col content-col index-0\">\n                            <div class=\"content\">\n                                                                    <p>Das klassische c-secure Portemonnaie, aber dieses Mal mit Platz f\u00fcr M\u00fcnzen. Diese Geldb\u00f6rsen bieten Platz f\u00fcr bis zu 7 Karten und haben ein zus\u00e4tzliches M\u00fcnzfach. Die Vintage-Edition besteht aus Vintage-Rindsleder, leicht geschliffen und naturbelassen. Die klassische Version besteht aus vollnarbigem Rindernappaleder. Die Prestige-Ausf\u00fchrung ist aus gefinishtem Rinderspaltleder gefertigt.<\/p>\n<p>Alle unsere Geldb\u00f6rsen sind mit einem patentierten Mechanismus ausgestattet, der einen einfachen Zugriff auf Ihre Karten erm\u00f6glicht.<\/p>\n                                                            <\/div>\n                        <\/div>\n                                            <div class=\"col content-col index-1\">\n                            <div class=\"content\">\n                                                                    <ul>\n<li><b>Material:<\/b>\u00a0Klassisches Leder, Vintage-Leder, Prestige Pull Up<\/li>\n<li><b>Speichert und sch\u00fctzt:<\/b>\u00a04 bis 7 Karten, Visitenkarten, Papiergeld<\/li>\n<li><b>Gr\u00f6\u00dfe:<\/b>\u00a068 x 95 x 18 mm<\/li>\n<li class=\"translation-block\"><b>Gewicht:<\/b> 72 Gramm<\/li>\n<\/ul>\n<p><em>*F\u00fcr alle unsere Geldb\u00f6rsen verwenden wir Leder, das von Mastrotto in Italien hergestellt wird. Es handelt sich dabei um hochwertiges Leder, das unter guten Arbeitsbedingungen und mit R\u00fccksicht auf die Umwelt gegerbt wird.<\/em><\/p>\n<ul>\n<li style=\"list-style-type: none;\"><\/li>\n<\/ul>\n                                                            <\/div>\n                        <\/div>\n                                    <\/div>\n            <\/div>\n        \t      <\/div>\n<\/section>\n\n\n\n\n<section class=\"media\">\n    <div class=\"boxed six-columns width-boxed\">\n        <span class=\"heading\">Neue Sommerausgabe:<\/span>\n        <div class=\"items\">\n                                                                    <div class=\"media-item\">\n                                                    <div class=\"image\">\n                                                                    <img decoding=\"async\" src=\"https:\/\/c-secure.eu\/wp-content\/uploads\/2025\/06\/C-secure_coinwallet_Orchidea.jpg\"\n                                         alt=\"\">\n                                                                            <p class=\"text-under-image\">Orchidea<\/p>\n                                                                                                <\/div>\n                                            <\/div>\n                                                        <div class=\"media-item\">\n                                                    <div class=\"image\">\n                                                                    <img decoding=\"async\" src=\"https:\/\/c-secure.eu\/wp-content\/uploads\/2025\/06\/C-secure_coinwallet_Lime.jpg\"\n                                         alt=\"\">\n                                                                            <p class=\"text-under-image\">Limette<\/p>\n                                                                                                <\/div>\n                                            <\/div>\n                                                        <div class=\"media-item\">\n                                                    <div class=\"image\">\n                                                                    <img decoding=\"async\" src=\"https:\/\/c-secure.eu\/wp-content\/uploads\/2025\/06\/C-secure_coinwallet_LiliumOrange.jpg\"\n                                         alt=\"\">\n                                                                            <p class=\"text-under-image\">Orchidea<\/p>\n                                                                                                <\/div>\n                                            <\/div>\n                                    <\/div>\n    <\/div>\n<\/section>\n\n\n\n\n\n<section class=\"media\">\n    <div class=\"boxed six-columns width-boxed\">\n        <span class=\"heading\">Vintage-Leder:<\/span>\n        <div class=\"items\">\n                                                                    <div class=\"media-item\">\n                                                    <div class=\"image\">\n                                                                    <img decoding=\"async\" src=\"https:\/\/c-secure.eu\/wp-content\/uploads\/2025\/06\/C-secure_Blackwood_coinwallet.jpg\"\n                                         alt=\"\">\n                                                                            <p class=\"text-under-image\">Schwarzholz<\/p>\n                                                                                                <\/div>\n                                            <\/div>\n                                                        <div class=\"media-item\">\n                                                    <div class=\"image\">\n                                                                    <img decoding=\"async\" src=\"https:\/\/c-secure.eu\/wp-content\/uploads\/2025\/06\/C-secure_Gognac_coinwallet.jpg\"\n                                         alt=\"\">\n                                                                            <p class=\"text-under-image\">Cognac<\/p>\n                                                                                                <\/div>\n                                            <\/div>\n                                                        <div class=\"media-item\">\n                                                    <div class=\"image\">\n                                                                    <img decoding=\"async\" src=\"https:\/\/c-secure.eu\/wp-content\/uploads\/2025\/06\/C-secure_Bordeaux_coinwallet.jpg\"\n                                         alt=\"\">\n                                                                            <p class=\"text-under-image\">Bordeaux<\/p>\n                                                                                                <\/div>\n                                            <\/div>\n                                                        <div class=\"media-item\">\n                                                    <div class=\"image\">\n                                                                    <img decoding=\"async\" src=\"https:\/\/c-secure.eu\/wp-content\/uploads\/2025\/06\/C-secure_coin_wallet_Brown.jpg\"\n                                         alt=\"\">\n                                                                            <p class=\"text-under-image\">Braun<\/p>\n                                                                                                <\/div>\n                                            <\/div>\n                                                        <div class=\"media-item\">\n                                                    <div class=\"image\">\n                                                                    <img decoding=\"async\" src=\"https:\/\/c-secure.eu\/wp-content\/uploads\/2025\/06\/C-secure_coin_wallet_Buffalo.jpg\"\n                                         alt=\"\">\n                                                                            <p class=\"text-under-image\">B\u00fcffel<\/p>\n                                                                                                <\/div>\n                                            <\/div>\n                                    <\/div>\n    <\/div>\n<\/section>\n\n\n\n\n\n<section class=\"media\">\n    <div class=\"boxed six-columns width-boxed\">\n        <span class=\"heading\">Klassisches Leder:<\/span>\n        <div class=\"items\">\n                                                                    <div class=\"media-item\">\n                                                    <div class=\"image\">\n                                                                    <img decoding=\"async\" src=\"https:\/\/c-secure.eu\/wp-content\/uploads\/2025\/06\/C-secure_Black_Nero_coinwallet.jpg\"\n                                         alt=\"\">\n                                                                            <p class=\"text-under-image\">Schwarz Nero<\/p>\n                                                                                                <\/div>\n                                            <\/div>\n                                                        <div class=\"media-item\">\n                                                    <div class=\"image\">\n                                                                    <img decoding=\"async\" src=\"https:\/\/c-secure.eu\/wp-content\/uploads\/2025\/06\/IMG_3515-Ciliegia-768x512_coinwallet.jpg\"\n                                         alt=\"\">\n                                                                            <p class=\"text-under-image\">Ciliegia<\/p>\n                                                                                                <\/div>\n                                            <\/div>\n                                                        <div class=\"media-item\">\n                                                    <div class=\"image\">\n                                                                    <img decoding=\"async\" src=\"https:\/\/c-secure.eu\/wp-content\/uploads\/2025\/06\/C-secure_coin_wallet_Blue_Marino.jpg\"\n                                         alt=\"\">\n                                                                            <p class=\"text-under-image\">Blau Marino<\/p>\n                                                                                                <\/div>\n                                            <\/div>\n                                    <\/div>\n    <\/div>\n<\/section>\n\n\n\n\n\n<section class=\"media\">\n    <div class=\"boxed four-columns width-boxed\">\n        <span class=\"heading\"><\/span>\n        <div class=\"items\">\n                                                                    <div class=\"media-item\">\n                                                    <div class=\"image\">\n                                                                    <img decoding=\"async\" src=\"https:\/\/c-secure.eu\/wp-content\/uploads\/2025\/06\/Olive-green_coinwallet.jpg\"\n                                         alt=\"\">\n                                                                            <p class=\"text-under-image\">Olivgr\u00fcn<\/p>\n                                                                                                <\/div>\n                                            <\/div>\n                                                        <div class=\"media-item\">\n                                                    <div class=\"image\">\n                                                                    <a href=\"https:\/\/c-secure.eu\/wp-content\/uploads\/2025\/06\/Olive-Green-3_open_inside_whiteBG.jpg\"\n                                       class=\"glightbox\"\n                                       data-gallery=\"media-gallery\"\n                                       aria-label=\"\">\n                                        <img decoding=\"async\" src=\"https:\/\/c-secure.eu\/wp-content\/uploads\/2025\/06\/Olive-Green-3_open_inside_whiteBG.jpg\"\n                                             alt=\"\">\n                                    <\/a>\n                                    \n                                                            <\/div>\n                                            <\/div>\n                                    <\/div>\n    <\/div>\n<\/section>\n\n\n\n\n\n<section class=\"media\">\n    <div class=\"boxed six-columns width-boxed\">\n        <span class=\"heading\">Limitierte Auflagen:<\/span>\n        <div class=\"items\">\n                                                                    <div class=\"media-item\">\n                                                    <div class=\"image\">\n                                                                    <img decoding=\"async\" src=\"https:\/\/c-secure.eu\/wp-content\/uploads\/2025\/06\/C-secure_coinwallet_Naval.jpg\"\n                                         alt=\"\">\n                                                                            <p class=\"text-under-image\">Naval<\/p>\n                                                                                                <\/div>\n                                            <\/div>\n                                                        <div class=\"media-item\">\n                                                    <div class=\"image\">\n                                                                    <img decoding=\"async\" src=\"https:\/\/c-secure.eu\/wp-content\/uploads\/2025\/06\/C-secure_coinwallet_Purple.jpg\"\n                                         alt=\"\">\n                                                                            <p class=\"text-under-image\">Cardinale<\/p>\n                                                                                                <\/div>\n                                            <\/div>\n                                                        <div class=\"media-item\">\n                                                    <div class=\"image\">\n                                                                    <img decoding=\"async\" src=\"https:\/\/c-secure.eu\/wp-content\/uploads\/2025\/06\/C-secure_coinwallet_Auburn.jpg\"\n                                         alt=\"\">\n                                                                            <p class=\"text-under-image\">Auburn<\/p>\n                                                                                                <\/div>\n                                            <\/div>\n                                    <\/div>\n    <\/div>\n<\/section>\n\n\n\n\n\n<section class=\"media\">\n    <div class=\"boxed six-columns width-boxed\">\n        <span class=\"heading\">Limitierte Auflage Metallic-Leder<\/span>\n        <div class=\"items\">\n                                                                    <div class=\"media-item\">\n                                                    <div class=\"image\">\n                                                                    <img decoding=\"async\" src=\"https:\/\/c-secure.eu\/wp-content\/uploads\/2025\/06\/Red-Metallic-coin.jpg\"\n                                         alt=\"\">\n                                                                            <p class=\"text-under-image\">Rotes Metallic-Leder<\/p>\n                                                                                                <\/div>\n                                            <\/div>\n                                                        <div class=\"media-item\">\n                                                    <div class=\"image\">\n                                                                    <img decoding=\"async\" src=\"https:\/\/c-secure.eu\/wp-content\/uploads\/2025\/06\/Blue-Metallic-coin.jpg\"\n                                         alt=\"\">\n                                                                            <p class=\"text-under-image\">Blaues Metallic-Leder<\/p>\n                                                                                                <\/div>\n                                            <\/div>\n                                    <\/div>\n    <\/div>\n<\/section>","protected":false},"featured_media":19288,"template":"","meta":{"_acf_changed":true},"class_list":["post-19287","product","type-product","status-publish","has-post-thumbnail","hentry"],"acf":[],"_links":{"self":[{"href":"https:\/\/c-secure.eu\/de\/wp-json\/wp\/v2\/product\/19287","targetHints":{"allow":["GET"]}}],"collection":[{"href":"https:\/\/c-secure.eu\/de\/wp-json\/wp\/v2\/product"}],"about":[{"href":"https:\/\/c-secure.eu\/de\/wp-json\/wp\/v2\/types\/product"}],"wp:featuredmedia":[{"embeddable":true,"href":"https:\/\/c-secure.eu\/de\/wp-json\/wp\/v2\/media\/19288"}],"wp:attachment":[{"href":"https:\/\/c-secure.eu\/de\/wp-json\/wp\/v2\/media?parent=19287"}],"curies":[{"name":"wp","href":"https:\/\/api.w.org\/{rel}","templated":true}]}}