{"id":19289,"date":"2025-06-04T13:40:28","date_gmt":"2025-06-04T13:40:28","guid":{"rendered":"https:\/\/c-secure.eu\/?post_type=product&#038;p=19289"},"modified":"2025-06-12T14:18:43","modified_gmt":"2025-06-12T14:18:43","slug":"xl-cardholder","status":"publish","type":"product","link":"https:\/\/c-secure.eu\/de\/product\/xl-karteninhaber\/","title":{"rendered":"XL Kartenhalter"},"content":{"rendered":"<section class=\"media\">\n    <div class=\"boxed two-columns width-boxed\">\n        <span class=\"heading\"><\/span>\n        <div class=\"items\">\n                                                                    <div class=\"media-item\">\n                                                    <div class=\"image\">\n                                                                    <a href=\"https:\/\/c-secure.eu\/wp-content\/uploads\/2025\/06\/XL_Cardholder_C-secure_2019_01.jpg\"\n                                       class=\"glightbox\"\n                                       data-gallery=\"media-gallery\"\n                                       aria-label=\"XL Kartenhalter\">\n                                        <img decoding=\"async\" src=\"https:\/\/c-secure.eu\/wp-content\/uploads\/2025\/06\/XL_Cardholder_C-secure_2019_01.jpg\"\n                                             alt=\"XL Kartenhalter\">\n                                    <\/a>\n                                    \n                                                            <\/div>\n                                            <\/div>\n                                                        <div class=\"media-item\">\n                                                    <div class=\"image\">\n                                                                    <img decoding=\"async\" src=\"https:\/\/c-secure.eu\/wp-content\/uploads\/2025\/06\/XL_Cardholder_C-secure_2019_02.jpg\"\n                                         alt=\"XL Kartenhalter\">\n                                                                                                <\/div>\n                                            <\/div>\n                                    <\/div>\n    <\/div>\n<\/section>\n\n\n\n\n\n<section class=\"texts\">\n    <div class=\"boxed\">\n                    <div class=\"rows\">\n                <div class=\"row row-headings\">\n                                            <div class=\"col heading-col index-0\">\n                                                            <h2 class=\"heading\">XL Kartenhalter<\/h2>\n                                                    <\/div>\n                                    <\/div>\n                <div class=\"row row-content\">\n                                            <div class=\"col content-col index-0\">\n                            <div class=\"content\">\n                                                                    <p>Durchdachtes Design<\/p>\n                                                            <\/div>\n                        <\/div>\n                                    <\/div>\n            <\/div>\n        \t      <\/div>\n<\/section>\n\n\n\n\n<section class=\"texts\">\n    <div class=\"boxed\">\n                    <div class=\"rows\">\n                <div class=\"row row-headings\">\n                                            <div class=\"col heading-col index-0\">\n                                                    <\/div>\n                                            <div class=\"col heading-col index-1\">\n                                                    <\/div>\n                                    <\/div>\n                <div class=\"row row-content\">\n                                            <div class=\"col content-col index-0\">\n                            <div class=\"content\">\n                                                                    <p>Begr\u00fc\u00dfen Sie die XL-Version unseres robusten, minimalistischen Kartenhalters. Erh\u00e4ltlich in verschiedenen Farben, f\u00fcr Menschen, die schlankes Design m\u00f6gen, aber auch etwas Platz brauchen. Der XL-Kartenhalter sch\u00fctzt bis zu 12 Karten vor Abnutzung und Skimming.<\/p>\n                                                            <\/div>\n                        <\/div>\n                                            <div class=\"col content-col index-1\">\n                            <div class=\"content\">\n                                                                    <ul>\n<li class=\"translation-block\"><b>Material:<\/b> Langlebiges Aluminium<\/li>\n<li><b>Speichert und sch\u00fctzt:<\/b>\u00a08 bis 12 Karten<\/li>\n<li><b>Gr\u00f6\u00dfe:<\/b>\u00a068 x 95 x 12 mm<\/li>\n<li><b>Gewicht:<\/b>\u00a065 Gramm<\/li>\n<\/ul>\n                                                            <\/div>\n                        <\/div>\n                                    <\/div>\n            <\/div>\n        \t      <\/div>\n<\/section>\n\n\n\n\n<section class=\"media\">\n    <div class=\"boxed seven-columns width-boxed\">\n        <span class=\"heading\"><\/span>\n        <div class=\"items\">\n                                                                    <div class=\"media-item\">\n                                                    <div class=\"image\">\n                                                                    <img decoding=\"async\" src=\"https:\/\/c-secure.eu\/wp-content\/uploads\/2025\/06\/XL_Cardholder_C-secure_blue02.jpg\"\n                                         alt=\"XL Kartenhalter Blau\">\n                                                                            <p class=\"text-under-image\">Blau<\/p>\n                                                                                                <\/div>\n                                            <\/div>\n                                                        <div class=\"media-item\">\n                                                    <div class=\"image\">\n                                                                    <img decoding=\"async\" src=\"https:\/\/c-secure.eu\/wp-content\/uploads\/2025\/06\/XL_Cardholder_C-secure_red02.jpg\"\n                                         alt=\"XL Kartenhalter Bordeaux\">\n                                                                            <p class=\"text-under-image\">Bordeaux<\/p>\n                                                                                                <\/div>\n                                            <\/div>\n                                                        <div class=\"media-item\">\n                                                    <div class=\"image\">\n                                                                    <img decoding=\"async\" src=\"https:\/\/c-secure.eu\/wp-content\/uploads\/2025\/06\/XL_Cardholder_C-secure_champagne02.jpg\"\n                                         alt=\"XL Kartenhalter Champagner Gold\">\n                                                                            <p class=\"text-under-image\">Champagner Gold<\/p>\n                                                                                                <\/div>\n                                            <\/div>\n                                                        <div class=\"media-item\">\n                                                    <div class=\"image\">\n                                                                    <img decoding=\"async\" src=\"https:\/\/c-secure.eu\/wp-content\/uploads\/2025\/06\/XL_Cardholder_C-secure_silver02.jpg\"\n                                         alt=\"XL Kartenhalter Silber\">\n                                                                            <p class=\"text-under-image\">Silber<\/p>\n                                                                                                <\/div>\n                                            <\/div>\n                                                        <div class=\"media-item\">\n                                                    <div class=\"image\">\n                                                                    <img decoding=\"async\" src=\"https:\/\/c-secure.eu\/wp-content\/uploads\/2025\/06\/XL_Cardholder_C-secure_black01.jpg\"\n                                         alt=\"XL Kartenhalter Schwarz\">\n                                                                            <p class=\"text-under-image\">Schwarz<\/p>\n                                                                                                <\/div>\n                                            <\/div>\n                                                        <div class=\"media-item\">\n                                                    <div class=\"image\">\n                                                                    <img decoding=\"async\" src=\"https:\/\/c-secure.eu\/wp-content\/uploads\/2025\/06\/XL_Cardholder_C-secure_brown02.jpg\"\n                                         alt=\"XL Kartenhalter Braun\">\n                                                                            <p class=\"text-under-image\">Braun<\/p>\n                                                                                                <\/div>\n                                            <\/div>\n                                                        <div class=\"media-item\">\n                                                    <div class=\"image\">\n                                                                    <img decoding=\"async\" src=\"https:\/\/c-secure.eu\/wp-content\/uploads\/2025\/06\/XL_Cardholder_C-secure_grey02.jpg\"\n                                         alt=\"XL Kartenhalter Grau\">\n                                                                            <p class=\"text-under-image\">Grau<\/p>\n                                                                                                <\/div>\n                                            <\/div>\n                                    <\/div>\n    <\/div>\n<\/section>\n\n\n\n\n\n<section class=\"texts\">\n    <div class=\"boxed\">\n                    <div class=\"rows\">\n                <div class=\"row row-headings\">\n                                            <div class=\"col heading-col index-0\">\n                                                    <\/div>\n                                    <\/div>\n                <div class=\"row row-content\">\n                                            <div class=\"col content-col index-0\">\n                            <div class=\"content\">\n                                                                    <p><strong>Gravierte Kartenhalter in Marmoroptik (NEUE Sonderedition)<\/strong><\/p>\n<p>Begr\u00fc\u00dfen Sie die XL-Version dieses robusten und minimalistischen Kartenhalters in Sonderausf\u00fchrung. Erh\u00e4ltlich in verschiedenen Farben, f\u00fcr Menschen, die schlichtes Design m\u00f6gen, aber auch etwas Klasse und Platz brauchen. Unsere gravierten Kartenhalter in Marmoroptik sind in drei Farben erh\u00e4ltlich: Schwarz, Grau und Ros\u00e9gold. Sie sind f\u00fcr eine lange Lebensdauer ausgelegt und sch\u00fctzen bis zu 12 Karten vor Abnutzung und Absch\u00f6pfung.<\/p>\n                                                            <\/div>\n                        <\/div>\n                                    <\/div>\n            <\/div>\n        \t      <\/div>\n<\/section>\n\n\n\n\n<section class=\"media\">\n    <div class=\"boxed six-columns width-boxed\">\n        <span class=\"heading\"><\/span>\n        <div class=\"items\">\n                                                                    <div class=\"media-item\">\n                                                    <div class=\"image\">\n                                                                    <img decoding=\"async\" src=\"https:\/\/c-secure.eu\/wp-content\/uploads\/2025\/06\/XLcardholder_engraved_C-secure_black_Side.jpg\"\n                                         alt=\"XL Kartenhalter Schwarz\">\n                                                                            <p class=\"text-under-image\">Schwarz<\/p>\n                                                                                                <\/div>\n                                            <\/div>\n                                                        <div class=\"media-item\">\n                                                    <div class=\"image\">\n                                                                    <img decoding=\"async\" src=\"https:\/\/c-secure.eu\/wp-content\/uploads\/2025\/06\/XLcardholder_engraved_C-secure_Grey_Side.jpg\"\n                                         alt=\"XL Kartenhalter Grau\">\n                                                                            <p class=\"text-under-image\">Grau<\/p>\n                                                                                                <\/div>\n                                            <\/div>\n                                                        <div class=\"media-item\">\n                                                    <div class=\"image\">\n                                                                    <img decoding=\"async\" src=\"https:\/\/c-secure.eu\/wp-content\/uploads\/2025\/06\/XLcardholder_engraved_C-secure_Rose_Side.jpg\"\n                                         alt=\"XL Kartenhalter Rose Gold\">\n                                                                            <p class=\"text-under-image\">Ros\u00e9gold<\/p>\n                                                                                                <\/div>\n                                            <\/div>\n                                                        <div class=\"media-item\">\n                                                    <div class=\"splide\" id=\"slide-170373958\" aria-label=\"Diashow\" role=\"group\">\n                                <div class=\"splide__track\">\n                                    <ul class=\"splide__list\">\n                                                                                    <li class=\"splide__slide\">\n                                                <img decoding=\"async\" src=\"https:\/\/c-secure.eu\/wp-content\/uploads\/2025\/06\/XLcardholder_engraved_C-secure_black_front.jpg\" alt=\"XLKartenhalter_graviert_C-gesichert_schwarz_vorne\"\/>\n                                            <\/li>\n                                                                                    <li class=\"splide__slide\">\n                                                <img decoding=\"async\" src=\"https:\/\/c-secure.eu\/wp-content\/uploads\/2025\/06\/XLcardholder_engraved_C-secure_black_back-1.jpg\" alt=\"XLKartenhalter_graviert_C-gesichert_schwarz_zur\u00fcck (1)\"\/>\n                                            <\/li>\n                                                                            <\/ul>\n                                <\/div>\n                            <\/div>\n\n                            \n                            <script>\n                                document.addEventListener('DOMContentLoaded', function () {\n                                    const splide = new Splide('#slide-170373958', {\n                                        type: 'fade',\n                                        perPage: 1,\n                                        autoplay: true,\n                                        focus: 'center',\n                                        padding: '0%',\n                                        pauseOnHover: false,\n                                        pauseOnFocus: false,\n                                        pagination: true,\n                                        arrows: true,\n                                        speed: 600,\n                                        rewind: true\n                                    });\n\n                                    splide.on('mounted move', function () {\n                                        const slides = splide.Components.Slides.get();\n                                        slides.forEach(slide => {\n                                            slide.slide.classList.remove('is-center');\n                                        });\n\n                                        const current = splide.Components.Slides.getAt(splide.index);\n                                        if (current) {\n                                            current.slide.classList.add('is-center');\n                                        }\n                                    });\n\n                                    splide.mount();\n                                });\n                            <\/script>\n\n                                            <\/div>\n                                    <\/div>\n    <\/div>\n<\/section>","protected":false},"featured_media":19291,"template":"","meta":{"_acf_changed":true},"class_list":["post-19289","product","type-product","status-publish","has-post-thumbnail","hentry"],"acf":[],"_links":{"self":[{"href":"https:\/\/c-secure.eu\/de\/wp-json\/wp\/v2\/product\/19289","targetHints":{"allow":["GET"]}}],"collection":[{"href":"https:\/\/c-secure.eu\/de\/wp-json\/wp\/v2\/product"}],"about":[{"href":"https:\/\/c-secure.eu\/de\/wp-json\/wp\/v2\/types\/product"}],"wp:featuredmedia":[{"embeddable":true,"href":"https:\/\/c-secure.eu\/de\/wp-json\/wp\/v2\/media\/19291"}],"wp:attachment":[{"href":"https:\/\/c-secure.eu\/de\/wp-json\/wp\/v2\/media?parent=19289"}],"curies":[{"name":"wp","href":"https:\/\/api.w.org\/{rel}","templated":true}]}}