{"id":19293,"date":"2025-06-04T13:40:50","date_gmt":"2025-06-04T13:40:50","guid":{"rendered":"https:\/\/c-secure.eu\/?post_type=product&#038;p=19293"},"modified":"2025-06-12T14:23:01","modified_gmt":"2025-06-12T14:23:01","slug":"xl-wallet","status":"publish","type":"product","link":"https:\/\/c-secure.eu\/de\/product\/xl-geldborse\/","title":{"rendered":"XL-Brieftasche"},"content":{"rendered":"<section class=\"media\">\n    <div class=\"boxed two-columns width-boxed\">\n        <span class=\"heading\"><\/span>\n        <div class=\"items\">\n                                                                    <div class=\"media-item\">\n                                                    <div class=\"splide\" id=\"slide-1847163332\" aria-label=\"Diashow\" role=\"group\">\n                                <div class=\"splide__track\">\n                                    <ul class=\"splide__list\">\n                                                                                    <li class=\"splide__slide\">\n                                                <img decoding=\"async\" src=\"https:\/\/c-secure.eu\/wp-content\/uploads\/2025\/06\/XL_Wallet_C-secure_2019_01-1.jpg\" alt=\"\"\/>\n                                            <\/li>\n                                                                                    <li class=\"splide__slide\">\n                                                <img decoding=\"async\" src=\"https:\/\/c-secure.eu\/wp-content\/uploads\/2025\/06\/XL_Wallet_C-secure_2019_02.jpg\" alt=\"\"\/>\n                                            <\/li>\n                                                                            <\/ul>\n                                <\/div>\n                            <\/div>\n\n                            \n                            <script>\n                                document.addEventListener('DOMContentLoaded', function () {\n                                    const splide = new Splide('#slide-1847163332', {\n                                        type: 'fade',\n                                        perPage: 1,\n                                        autoplay: true,\n                                        focus: 'center',\n                                        padding: '0%',\n                                        pauseOnHover: false,\n                                        pauseOnFocus: false,\n                                        pagination: true,\n                                        arrows: true,\n                                        speed: 600,\n                                        rewind: true\n                                    });\n\n                                    splide.on('mounted move', function () {\n                                        const slides = splide.Components.Slides.get();\n                                        slides.forEach(slide => {\n                                            slide.slide.classList.remove('is-center');\n                                        });\n\n                                        const current = splide.Components.Slides.getAt(splide.index);\n                                        if (current) {\n                                            current.slide.classList.add('is-center');\n                                        }\n                                    });\n\n                                    splide.mount();\n                                });\n                            <\/script>\n\n                                            <\/div>\n                                                        <div class=\"media-item\">\n                                                    <div class=\"image\">\n                                                                    <img decoding=\"async\" src=\"https:\/\/c-secure.eu\/wp-content\/uploads\/2025\/06\/XL_Wallet_C-secure_2019_team.jpg\"\n                                         alt=\"XL Brieftasche\">\n                                                                                                <\/div>\n                                            <\/div>\n                                    <\/div>\n    <\/div>\n<\/section>\n\n\n\n\n\n<section class=\"texts\">\n    <div class=\"boxed\">\n                    <div class=\"rows\">\n                <div class=\"row row-headings\">\n                                            <div class=\"col heading-col index-0\">\n                                                            <h2 class=\"heading\">XL Brieftasche<\/h2>\n                                                    <\/div>\n                                    <\/div>\n                <div class=\"row row-content\">\n                                            <div class=\"col content-col index-0\">\n                            <div class=\"content\">\n                                                                    <p>Die XL-Version des Klassikers von C-secure<\/p>\n                                                            <\/div>\n                        <\/div>\n                                    <\/div>\n            <\/div>\n        \t      <\/div>\n<\/section>\n\n\n\n\n<section class=\"texts\">\n    <div class=\"boxed\">\n                    <div class=\"rows\">\n                <div class=\"row row-headings\">\n                                            <div class=\"col heading-col index-0\">\n                                                    <\/div>\n                                            <div class=\"col heading-col index-1\">\n                                                    <\/div>\n                                    <\/div>\n                <div class=\"row row-content\">\n                                            <div class=\"col content-col index-0\">\n                            <div class=\"content\">\n                                                                    <p>Begr\u00fc\u00dfen Sie die gro\u00dfe Schwester der Einzelbrieftasche, f\u00fcr Menschen, die gerne etwas mehr Platz haben. Die XL-Geldb\u00f6rsen bieten Platz f\u00fcr bis zu 12 Karten und sind aus klassischem, vollnarbigem Rindsleder europ\u00e4ischer Herkunft gefertigt. Sie sind anilingef\u00e4rbt und mit \u00d6len, nat\u00fcrlichen Wachsen und Harzen veredelt. Das \u00c4u\u00dfere hat einen festen, wachsartigen Griff und ein gl\u00e4nzendes Aussehen mit leichtem Zweifarbeneffekt.<\/p>\n<p>Alle unsere Geldb\u00f6rsen sind mit einem patentierten Mechanismus ausgestattet, der einen einfachen Zugriff auf Ihre Karten erm\u00f6glicht.<\/p>\n                                                            <\/div>\n                        <\/div>\n                                            <div class=\"col content-col index-1\">\n                            <div class=\"content\">\n                                                                    <ul>\n<li><b>Material:<\/b>\u00a0Klassisches vollnarbiges Rindsleder europ\u00e4ischer Herkunft<\/li>\n<li><b>Speichert und sch\u00fctzt:<\/b>\u00a08 bis 12 Karten, Visitenkarten, Papiergeld und M\u00fcnzen.<\/li>\n<li><b>Gr\u00f6\u00dfe:<\/b>\u00a070 x 100 x 20 mm<\/li>\n<li><b>Gewicht:<\/b>\u00a086 Gramm<\/li>\n<\/ul>\n<p><em>*F\u00fcr alle unsere Geldb\u00f6rsen verwenden wir Leder, das von Mastrotto in Italien hergestellt wird. Es handelt sich dabei um hochwertiges Leder, das unter guten Arbeitsbedingungen und mit R\u00fccksicht auf die Umwelt gegerbt wird.<\/em><\/p>\n                                                            <\/div>\n                        <\/div>\n                                    <\/div>\n            <\/div>\n        \t      <\/div>\n<\/section>\n\n\n\n\n<section class=\"media\">\n    <div class=\"boxed five-columns width-boxed\">\n        <span class=\"heading\"><\/span>\n        <div class=\"items\">\n                                                                    <div class=\"media-item\">\n                                                    <div class=\"image\">\n                                                                    <img decoding=\"async\" src=\"https:\/\/c-secure.eu\/wp-content\/uploads\/2025\/06\/C-secure_XL_wallet_Nero01.jpg\"\n                                         alt=\"XL Brieftasche Nero\">\n                                                                            <p class=\"text-under-image\">Nero<\/p>\n                                                                                                <\/div>\n                                            <\/div>\n                                                        <div class=\"media-item\">\n                                                    <div class=\"image\">\n                                                                    <img decoding=\"async\" src=\"https:\/\/c-secure.eu\/wp-content\/uploads\/2025\/06\/C-secure_XL_wallet_Mogano02.jpg\"\n                                         alt=\"XL Geldb\u00f6rse Mogano\">\n                                                                            <p class=\"text-under-image\">Mogano<\/p>\n                                                                                                <\/div>\n                                            <\/div>\n                                                        <div class=\"media-item\">\n                                                    <div class=\"image\">\n                                                                    <img decoding=\"async\" src=\"https:\/\/c-secure.eu\/wp-content\/uploads\/2025\/06\/C-secure_XL_wallet_Chestnut03.jpg\"\n                                         alt=\"XL Brieftasche Kastanie\">\n                                                                            <p class=\"text-under-image\">Kastanie<\/p>\n                                                                                                <\/div>\n                                            <\/div>\n                                                        <div class=\"media-item\">\n                                                    <div class=\"image\">\n                                                                    <img decoding=\"async\" src=\"https:\/\/c-secure.eu\/wp-content\/uploads\/2025\/06\/C-secure_XL_wallet_Chic04.jpg\"\n                                         alt=\"XL Brieftasche Chic\">\n                                                                            <p class=\"text-under-image\">Schick<\/p>\n                                                                                                <\/div>\n                                            <\/div>\n                                    <\/div>\n    <\/div>\n<\/section>\n\n\n\n\n\n<section class=\"media\">\n    <div class=\"boxed five-columns width-boxed\">\n        <span class=\"heading\"><\/span>\n        <div class=\"items\">\n                                                                    <div class=\"media-item\">\n                                                    <div class=\"image\">\n                                                                    <img decoding=\"async\" src=\"https:\/\/c-secure.eu\/wp-content\/uploads\/2025\/06\/C-secure_XL_wallet_Cobalt05.jpg\"\n                                         alt=\"XL Brieftasche Cobalt\">\n                                                                            <p class=\"text-under-image\">Kobalt<\/p>\n                                                                                                <\/div>\n                                            <\/div>\n                                                        <div class=\"media-item\">\n                                                    <div class=\"image\">\n                                                                    <img decoding=\"async\" src=\"https:\/\/c-secure.eu\/wp-content\/uploads\/2025\/06\/C-secure_XL_wallet_Red06.jpg\"\n                                         alt=\"XL Brieftasche Rot\">\n                                                                            <p class=\"text-under-image\">Rot<\/p>\n                                                                                                <\/div>\n                                            <\/div>\n                                                        <div class=\"media-item\">\n                                                    <div class=\"image\">\n                                                                    <img decoding=\"async\" src=\"https:\/\/c-secure.eu\/wp-content\/uploads\/2025\/06\/C-secure_XL_wallet_Arancio_07.jpg\"\n                                         alt=\"XL Brieftasche Arancio\">\n                                                                            <p class=\"text-under-image\">Arancio<\/p>\n                                                                                                <\/div>\n                                            <\/div>\n                                                        <div class=\"media-item\">\n                                                    <div class=\"image\">\n                                                                    <img decoding=\"async\" src=\"https:\/\/c-secure.eu\/wp-content\/uploads\/2025\/06\/C-secure_XL_wallet_Solis_08.jpg\"\n                                         alt=\"XL Brieftasche Solis\">\n                                                                            <p class=\"text-under-image\">Solis<\/p>\n                                                                                                <\/div>\n                                            <\/div>\n                                    <\/div>\n    <\/div>\n<\/section>\n\n\n\n\n\n<section class=\"media\">\n    <div class=\"boxed five-columns width-boxed\">\n        <span class=\"heading\">Limitierte Auflage Metallic-Leder<\/span>\n        <div class=\"items\">\n                                                                    <div class=\"media-item\">\n                                                    <div class=\"image\">\n                                                                    <img decoding=\"async\" src=\"https:\/\/c-secure.eu\/wp-content\/uploads\/2025\/06\/Red-Metallic-XL.jpg\"\n                                         alt=\"XL Brieftasche Rot\">\n                                                                            <p class=\"text-under-image\">Rotes Metallic-Leder<\/p>\n                                                                                                <\/div>\n                                            <\/div>\n                                                        <div class=\"media-item\">\n                                                    <div class=\"image\">\n                                                                    <img decoding=\"async\" src=\"https:\/\/c-secure.eu\/wp-content\/uploads\/2025\/06\/Blue-Metallic-XL.jpg\"\n                                         alt=\"XL Brieftasche Blau\">\n                                                                            <p class=\"text-under-image\">Blaues Metallic-Leder<\/p>\n                                                                                                <\/div>\n                                            <\/div>\n                                    <\/div>\n    <\/div>\n<\/section>","protected":false},"featured_media":19294,"template":"","meta":{"_acf_changed":true},"class_list":["post-19293","product","type-product","status-publish","has-post-thumbnail","hentry"],"acf":[],"_links":{"self":[{"href":"https:\/\/c-secure.eu\/de\/wp-json\/wp\/v2\/product\/19293","targetHints":{"allow":["GET"]}}],"collection":[{"href":"https:\/\/c-secure.eu\/de\/wp-json\/wp\/v2\/product"}],"about":[{"href":"https:\/\/c-secure.eu\/de\/wp-json\/wp\/v2\/types\/product"}],"wp:featuredmedia":[{"embeddable":true,"href":"https:\/\/c-secure.eu\/de\/wp-json\/wp\/v2\/media\/19294"}],"wp:attachment":[{"href":"https:\/\/c-secure.eu\/de\/wp-json\/wp\/v2\/media?parent=19293"}],"curies":[{"name":"wp","href":"https:\/\/api.w.org\/{rel}","templated":true}]}}