{"id":19351,"date":"2025-06-04T15:10:54","date_gmt":"2025-06-04T15:10:54","guid":{"rendered":"https:\/\/c-secure.eu\/?page_id=19351"},"modified":"2025-06-11T11:54:46","modified_gmt":"2025-06-11T11:54:46","slug":"national-agents","status":"publish","type":"page","link":"https:\/\/c-secure.eu\/es\/agentes-nacionales\/","title":{"rendered":"Agentes nacionales"},"content":{"rendered":"<section class=\"columns\">\n    <div class=\"boxed\">\n        <div class=\"items\">\n                                <div class=\"item\">\n                                                    <div class=\"image\">\n                                <img decoding=\"async\" src=\"https:\/\/c-secure.eu\/wp-content\/uploads\/2025\/06\/Agent-Finland.jpg\"\n                                     alt=\"\">\n                            <\/div>\n                                                                            <p class=\"heading\">Agente minorista Finlandia<\/p>\n                                                                            <p class=\"name\">TTF-International Oy Ltd<\/p>\n                                                                            <div class=\"content\">\n                                <p class=\"member-role\">+358 400 711266<br \/>\nMerkkitukku<br \/>\nGneissitie 8 A 7<br \/>\n90620 Oulu<br \/>\nFinlandia<\/p>\n                            <\/div>\n                                                                    <\/div>\n                                    <div class=\"item\">\n                                                    <div class=\"image\">\n                                <img decoding=\"async\" src=\"https:\/\/c-secure.eu\/wp-content\/uploads\/2025\/06\/Retail-agent-Ireland.jpg\"\n                                     alt=\"\">\n                            <\/div>\n                                                                            <p class=\"heading\">Agente minorista Irlanda<\/p>\n                                                                            <p class=\"name\">G Molins and Company Ltd<\/p>\n                                                                            <div class=\"content\">\n                                <p class=\"member-role\"><a href=\"mailto:gregmolins@gmail.com\" target=\"_blank\" rel=\"noopener\">gregmolins@gmail.com<\/a><br \/>\n37 Larchfield Road<br \/>\nGoatstown Dubl\u00edn 14<br \/>\nIrlanda<\/p>\n                            <\/div>\n                                                                    <\/div>\n                                    <div class=\"item\">\n                                                    <div class=\"image\">\n                                <img decoding=\"async\" src=\"https:\/\/c-secure.eu\/wp-content\/uploads\/2025\/06\/Agent-Portugal-C-secure.jpg\"\n                                     alt=\"\">\n                            <\/div>\n                                                                            <p class=\"heading\">Agente minorista Portugal<\/p>\n                                                                            <p class=\"name\">Typesell LDA<\/p>\n                                                                            <div class=\"content\">\n                                <p class=\"member-role\">+351 21 414 32 21<br \/>\nElospark II - Armazem 6<br \/>\n2735 - 521 Cacem<br \/>\nPortugal<\/p>\n                            <\/div>\n                                                                    <\/div>\n                                    <div class=\"item\">\n                                                    <div class=\"image\">\n                                <img decoding=\"async\" src=\"https:\/\/c-secure.eu\/wp-content\/uploads\/2025\/06\/Agent-Swiss-C-secure.jpg\"\n                                     alt=\"\">\n                            <\/div>\n                                                                            <p class=\"heading\">Agente minorista Suiza<\/p>\n                                                                            <p class=\"name\">Montres - Leurs<\/p>\n                                                                            <div class=\"content\">\n                                <p>+41 79 698 00 06<br \/>\nf.provenzale@montres-leurs.ch<br \/>\nRue de la Combe 11<br \/>\n1260 Nyon<br \/>\nSuiza<\/p>\n                            <\/div>\n                                                                    <\/div>\n                                    <div class=\"item\">\n                                                    <div class=\"image\">\n                                <img decoding=\"async\" src=\"https:\/\/c-secure.eu\/wp-content\/uploads\/2025\/06\/Retail-agent-Greece-C-secure-2020.jpg\"\n                                     alt=\"\">\n                            <\/div>\n                                                                            <p class=\"heading\">Agente minorista Grecia<\/p>\n                                                                            <p class=\"name\">Nancy Fotopoulou<\/p>\n                                                                            <div class=\"content\">\n                                <p>+30210-9852823<br \/>\n<a href=\"http:\/\/www.fotopoulou.com.gr\/\" target=\"_blank\" rel=\"noopener\" data-saferedirecturl=\"https:\/\/www.google.com\/url?q=http:\/\/www.fotopoulou.com.gr\/&amp;source=gmail&amp;ust=1581859772046000&amp;usg=AFQjCNEl7mT2AZgWR9VLtfpmB9k8Rf_RQw\">www.fotopoulou.com.gr<\/a><br \/>\n4, calle Maltezou<br \/>\n17455 Alimos Atenas<br \/>\nGrecia<\/p>\n                            <\/div>\n                                                                    <\/div>\n                                    <\/div>\n    <\/div>\n<\/section>\n\n\n<section\n        class=\"text-media bg-pale-gray class-full-width\">\n            <div class=\"container image-right\">\n                            <div class=\"media image-with-text\">\n                    <img decoding=\"async\" src=\"https:\/\/c-secure.eu\/wp-content\/uploads\/2025\/06\/Fashion-Access-Hong-Kong-2019.jpg\" alt=\"Moda-Acceso-Hong-Kong-2019\">\n                                    <\/div>\n                        <div class=\"info\">\n                <div>\n                                            <h2 class=\"heading\">D\u00f3nde encontrarnos<\/h2>\n                                                                <div class=\"content\"><p class=\"translation-block\">C-secure est\u00e1 presente en eventos y ferias de todo el mundo. <a href=\"https:\/\/c-secure.eu\/es\/contacto-c-seguro\/\" target=\"_self\">Esta<\/a> p\u00e1gina ofrece una visi\u00f3n general de los pr\u00f3ximos eventos y ferias en los que puede encontrarnos. Esta p\u00e1gina se actualiza peri\u00f3dicamente, as\u00ed que aseg\u00farese de confirmar las fechas antes de asistir a un evento.<\/p>\n<p>Desde el a\u00f1o de 2014, cada a\u00f1o estamos presente en Hong Kong, en la exposici\u00f3n HKTDC en abril y en la feria Mega Show Part 1 en octubre.<\/p>\n<p>EXPOSICIONES 2020<\/p>\n<p>29 - 31 de enero CIFF - Copenhague - Dinamarca<\/p>\n<p>7 - 11 de febrero Ambiente -Frankfurt - Alemania<\/p>\n<p>8 - 10 de marzo Shoe Gallery - D\u00fcsseldorf Alemania<\/p>\n<p>31 de marzo - 2 de abril Fashion Access - Hong Kong<\/p>\n<p>27 - 30 de abril Feria del regalo HKDC - Hong Kong<\/p>\n<p>4 - 8 septiembre M&amp;O - Par\u00eds - Francia<\/p>\n<p>20 - 23 de octubre Mega Show parte 1 - Hong Kong<\/p>\n<\/div>\n                                    <\/div>\n            <\/div>\n        <\/div>\n    <\/section>","protected":false},"excerpt":{"rendered":"","protected":false},"author":1,"featured_media":0,"parent":0,"menu_order":0,"comment_status":"closed","ping_status":"closed","template":"","meta":{"_acf_changed":false,"footnotes":""},"class_list":["post-19351","page","type-page","status-publish"],"acf":[],"_links":{"self":[{"href":"https:\/\/c-secure.eu\/es\/wp-json\/wp\/v2\/pages\/19351","targetHints":{"allow":["GET"]}}],"collection":[{"href":"https:\/\/c-secure.eu\/es\/wp-json\/wp\/v2\/pages"}],"about":[{"href":"https:\/\/c-secure.eu\/es\/wp-json\/wp\/v2\/types\/page"}],"author":[{"embeddable":true,"href":"https:\/\/c-secure.eu\/es\/wp-json\/wp\/v2\/users\/1"}],"replies":[{"embeddable":true,"href":"https:\/\/c-secure.eu\/es\/wp-json\/wp\/v2\/comments?post=19351"}],"version-history":[{"count":5,"href":"https:\/\/c-secure.eu\/es\/wp-json\/wp\/v2\/pages\/19351\/revisions"}],"predecessor-version":[{"id":19484,"href":"https:\/\/c-secure.eu\/es\/wp-json\/wp\/v2\/pages\/19351\/revisions\/19484"}],"wp:attachment":[{"href":"https:\/\/c-secure.eu\/es\/wp-json\/wp\/v2\/media?parent=19351"}],"curies":[{"name":"wp","href":"https:\/\/api.w.org\/{rel}","templated":true}]}}