{"id":24,"date":"2025-06-03T10:10:21","date_gmt":"2025-06-03T10:10:21","guid":{"rendered":"https:\/\/c-secure.eu\/?page_id=24"},"modified":"2025-06-11T12:36:44","modified_gmt":"2025-06-11T12:36:44","slug":"about-c-secure","status":"publish","type":"page","link":"https:\/\/c-secure.eu\/es\/acerca-de-c-secure\/","title":{"rendered":"QUienes somos"},"content":{"rendered":"<section\n        class=\"text-media bg-white class-full-width\">\n            <div class=\"container image-right\">\n                            <div class=\"media image-with-text\">\n                    <img decoding=\"async\" src=\"https:\/\/c-secure.eu\/wp-content\/uploads\/2025\/06\/About-C-secure-profile_2.jpg\" alt=\"Acerca de-C-secure-profile_2\">\n                                    <\/div>\n                        <div class=\"info\">\n                <div>\n                                            <h2 class=\"heading\">C-secure<\/h2>\n                                                                <div class=\"content\"><p><em>Equipo creativo<\/em><\/p>\n<p class=\"translation-block\"><b>De izquierda a derecha:<\/b> Alexis van der Wilde, Clea Ridder y Matthias Ridder. Somos el equipo directivo de c-secure y contamos con muchos a\u00f1os de experiencia en el desarrollo, la producci\u00f3n y la venta de productos atractivos y de calidad en todo el mundo a precios igualmente atractivos. Nuestros productos no s\u00f3lo son atractivos para los consumidores, sino tambi\u00e9n para nuestros distribuidores.<\/p>\n<\/div>\n                                    <\/div>\n            <\/div>\n        <\/div>\n    <\/section>\n\n\n\n<section class=\"quote\">\n    <div class=\"boxed\">\n        <h2 class=\"heading\">Nuestra historia<\/h2>\n            <\/div>\n<\/section>\n\n\n\n<section\n        class=\"text-media bg-pale-gray class-full-width\">\n            <div class=\"container image-right\">\n                            <div class=\"media image-with-text\">\n                    <img decoding=\"async\" src=\"https:\/\/c-secure.eu\/wp-content\/uploads\/2025\/06\/How-we-work-_-C-secure-03.jpg\" alt=\"How-we-work-_-C-secure-03\">\n                                    <\/div>\n                        <div class=\"info\">\n                <div>\n                                            <h2 class=\"heading\">Activo desde el a\u00f1o 2013<\/h2>\n                                                                <div class=\"content\"><p>En el a\u00f1o de 2013, nos reunimos con un grupo de amigos para discutir la velocidad con que la tecnolog\u00eda avanzaba en diferentes mercados, sobre el tema de que los bancos y las empresas de expedici\u00f3n de tarjetas de cr\u00e9dito iban a cambiar las tarjetas viejas por otras nuevas inteligentes sin contacto para pagar, y que todas las tarjetas iban a incorporar tecnolog\u00eda RFID o NFC, pero que las tarjetas no ser\u00edan protegidas contra el carterismo electr\u00f3nico.<\/p>\n<\/div>\n                                    <\/div>\n            <\/div>\n        <\/div>\n    <\/section>\n\n\n\n<section\n        class=\"text-media bg-pale-gray class-full-width\">\n            <div class=\"container image-left\">\n                            <div class=\"media image-with-text\">\n                    <img decoding=\"async\" src=\"https:\/\/c-secure.eu\/wp-content\/uploads\/2025\/06\/Leather_c-secure_2019_pattern.jpg\" alt=\"Piel_c-secure_2019_pattern\">\n                                            <div class=\"text-in-image\">M\u00e1s refinado cuero italiano<\/div>\n                                    <\/div>\n                        <div class=\"info\">\n                <div>\n                                            <h2 class=\"heading\">Somos innovadores<\/h2>\n                                                                <div class=\"content\"><p>Lo que necesitamos en la actualidad es un billetero o tarjetero que nos proteja contra el robo de nuestros datos RFID. El lector inal\u00e1mbrico con que se roban sus datos, puede leer los datos a trav\u00e9s de cualquier tela o piel. Es imposible bloquear las ondas de radio, a menos, por supuesto, que proteja sus tarjetas. Aqu\u00ed es donde entra C-secure. C-secure es la mejor soluci\u00f3n si busca un tarjetero con protecci\u00f3n RFID.<\/p>\n<\/div>\n                                    <\/div>\n            <\/div>\n        <\/div>\n    <\/section>\n\n\n\n<section\n        class=\"text-media bg-pale-gray class-full-width\">\n            <div class=\"container image-right\">\n                            <div class=\"media image-with-text\">\n                    <img decoding=\"async\" src=\"https:\/\/c-secure.eu\/wp-content\/uploads\/2025\/06\/How-we-work-_-C-secure-02.jpg\" alt=\"How-we-work-_-C-secure-02\">\n                                    <\/div>\n                        <div class=\"info\">\n                <div>\n                                            <h2 class=\"heading\">Nuestra oficina central en los Pa\u00edses Bajos<\/h2>\n                                                                <div class=\"content\"><p>Desde que comenzamos a comercializar el tarjetero en 2013, hemos tenido gran \u00e9xito, tanto en la venta de empresa a empresa (B2B), como en la de empresa a consumidor (B2C). Por esta raz\u00f3n, C-secure sigue buscando m\u00e1s puntos de venta porque la demanda no ha dejado de crecer. Los minoristas que ofrezcan una excelente atenci\u00f3n al cliente como hace C-secure, son invitados a contactar con C-secure en Arnhem, Pa\u00edses Bajos (oficina central).<\/p>\n<\/div>\n                                    <\/div>\n            <\/div>\n        <\/div>\n    <\/section>\n\n\n\n<section class=\"texts\">\n    <div class=\"boxed\">\n                    <div class=\"rows\">\n                <div class=\"row row-headings\">\n                                            <div class=\"col heading-col index-0\">\n                                                            <h2 class=\"heading\">Nuestros clientes<\/h2>\n                                                    <\/div>\n                                    <\/div>\n                <div class=\"row row-content\">\n                                            <div class=\"col content-col index-0\">\n                            <div class=\"content\">\n                                                                    <p><em>Trabajamos con algunas de las mejores compa\u00f1\u00edas del mundo que reconocen nuestra artesan\u00eda.<\/em><\/p>\n                                                            <\/div>\n                        <\/div>\n                                    <\/div>\n            <\/div>\n        \t      <\/div>\n<\/section>\n\n\n\n\n<section class=\"media\">\n    <div class=\"boxed one-column width-boxed\">\n        <span class=\"heading\"><\/span>\n        <div class=\"items\">\n                                                                    <div class=\"media-item\">\n                                                    <div class=\"image\">\n                                                                    <img decoding=\"async\" src=\"https:\/\/c-secure.eu\/wp-content\/uploads\/2025\/06\/Clients_C-Secure_logos_2019.jpg\"\n                                         alt=\"Clients_C-Secure_logos_2019\">\n                                                                                                <\/div>\n                                            <\/div>\n                                    <\/div>\n    <\/div>\n<\/section>\n\n\n\n\n\n<section class=\"call-to-action bg-green\">\n    <div class=\"container boxed\">\n        <div class=\"info\">\n            <div>\n                                    <h2 class=\"heading\">Le interesa trabajar con C-Secure?<\/h2>\n                                                                    <a href=\"https:\/\/c-secure.eu\/es\/contacto-c-seguro\/\" class=\"button\">Cont\u00e1ctenos<\/a>\n                            <\/div>\n        <\/div>\n    <\/div>\n<\/section>","protected":false},"excerpt":{"rendered":"","protected":false},"author":1,"featured_media":0,"parent":0,"menu_order":0,"comment_status":"closed","ping_status":"closed","template":"","meta":{"_acf_changed":false,"footnotes":""},"class_list":["post-24","page","type-page","status-publish"],"acf":[],"_links":{"self":[{"href":"https:\/\/c-secure.eu\/es\/wp-json\/wp\/v2\/pages\/24","targetHints":{"allow":["GET"]}}],"collection":[{"href":"https:\/\/c-secure.eu\/es\/wp-json\/wp\/v2\/pages"}],"about":[{"href":"https:\/\/c-secure.eu\/es\/wp-json\/wp\/v2\/types\/page"}],"author":[{"embeddable":true,"href":"https:\/\/c-secure.eu\/es\/wp-json\/wp\/v2\/users\/1"}],"replies":[{"embeddable":true,"href":"https:\/\/c-secure.eu\/es\/wp-json\/wp\/v2\/comments?post=24"}],"version-history":[{"count":16,"href":"https:\/\/c-secure.eu\/es\/wp-json\/wp\/v2\/pages\/24\/revisions"}],"predecessor-version":[{"id":19502,"href":"https:\/\/c-secure.eu\/es\/wp-json\/wp\/v2\/pages\/24\/revisions\/19502"}],"wp:attachment":[{"href":"https:\/\/c-secure.eu\/es\/wp-json\/wp\/v2\/media?parent=24"}],"curies":[{"name":"wp","href":"https:\/\/api.w.org\/{rel}","templated":true}]}}