{"id":19289,"date":"2025-06-04T13:40:28","date_gmt":"2025-06-04T13:40:28","guid":{"rendered":"https:\/\/c-secure.eu\/?post_type=product&#038;p=19289"},"modified":"2025-06-12T14:18:43","modified_gmt":"2025-06-12T14:18:43","slug":"xl-cardholder","status":"publish","type":"product","link":"https:\/\/c-secure.eu\/es\/product\/tarjetero-xl\/","title":{"rendered":"Tarjetero XL"},"content":{"rendered":"<section class=\"media\">\n    <div class=\"boxed two-columns width-boxed\">\n        <span class=\"heading\"><\/span>\n        <div class=\"items\">\n                                                                    <div class=\"media-item\">\n                                                    <div class=\"image\">\n                                                                    <a href=\"https:\/\/c-secure.eu\/wp-content\/uploads\/2025\/06\/XL_Cardholder_C-secure_2019_01.jpg\"\n                                       class=\"glightbox\"\n                                       data-gallery=\"media-gallery\"\n                                       aria-label=\"Tarjetero XL\">\n                                        <img decoding=\"async\" src=\"https:\/\/c-secure.eu\/wp-content\/uploads\/2025\/06\/XL_Cardholder_C-secure_2019_01.jpg\"\n                                             alt=\"Tarjetero XL\">\n                                    <\/a>\n                                    \n                                                            <\/div>\n                                            <\/div>\n                                                        <div class=\"media-item\">\n                                                    <div class=\"image\">\n                                                                    <img decoding=\"async\" src=\"https:\/\/c-secure.eu\/wp-content\/uploads\/2025\/06\/XL_Cardholder_C-secure_2019_02.jpg\"\n                                         alt=\"Tarjetero XL\">\n                                                                                                <\/div>\n                                            <\/div>\n                                    <\/div>\n    <\/div>\n<\/section>\n\n\n\n\n\n<section class=\"texts\">\n    <div class=\"boxed\">\n                    <div class=\"rows\">\n                <div class=\"row row-headings\">\n                                            <div class=\"col heading-col index-0\">\n                                                            <h2 class=\"heading\">Tarjetero XL<\/h2>\n                                                    <\/div>\n                                    <\/div>\n                <div class=\"row row-content\">\n                                            <div class=\"col content-col index-0\">\n                            <div class=\"content\">\n                                                                    <p>Dise\u00f1o sofisticado<\/p>\n                                                            <\/div>\n                        <\/div>\n                                    <\/div>\n            <\/div>\n        \t      <\/div>\n<\/section>\n\n\n\n\n<section class=\"texts\">\n    <div class=\"boxed\">\n                    <div class=\"rows\">\n                <div class=\"row row-headings\">\n                                            <div class=\"col heading-col index-0\">\n                                                    <\/div>\n                                            <div class=\"col heading-col index-1\">\n                                                    <\/div>\n                                    <\/div>\n                <div class=\"row row-content\">\n                                            <div class=\"col content-col index-0\">\n                            <div class=\"content\">\n                                                                    <p>Salude a la versi\u00f3n XL de nuestro tarjetero duradero y minimalista. Disponible en varios colores, para quienes prefieren un dise\u00f1o elegante pero tambi\u00e9n necesitan espacio. El tarjetero XL protege hasta 12 tarjetas contra el desgaste y el robo.<\/p>\n                                                            <\/div>\n                        <\/div>\n                                            <div class=\"col content-col index-1\">\n                            <div class=\"content\">\n                                                                    <ul>\n<li class=\"translation-block\"><b>Material:<\/b> Aluminio resistente<\/li>\n<li><b>Almacena y protege:<\/b>\u00a0De 8 a 12 tarjetas<\/li>\n<li><b>Tama\u00f1o:<\/b>\u00a068 x 95 x 12 mm<\/li>\n<li><b>Peso:<\/b>\u00a065 gramos<\/li>\n<\/ul>\n                                                            <\/div>\n                        <\/div>\n                                    <\/div>\n            <\/div>\n        \t      <\/div>\n<\/section>\n\n\n\n\n<section class=\"media\">\n    <div class=\"boxed seven-columns width-boxed\">\n        <span class=\"heading\"><\/span>\n        <div class=\"items\">\n                                                                    <div class=\"media-item\">\n                                                    <div class=\"image\">\n                                                                    <img decoding=\"async\" src=\"https:\/\/c-secure.eu\/wp-content\/uploads\/2025\/06\/XL_Cardholder_C-secure_blue02.jpg\"\n                                         alt=\"Tarjetero XL Azul\">\n                                                                            <p class=\"text-under-image\">Azul<\/p>\n                                                                                                <\/div>\n                                            <\/div>\n                                                        <div class=\"media-item\">\n                                                    <div class=\"image\">\n                                                                    <img decoding=\"async\" src=\"https:\/\/c-secure.eu\/wp-content\/uploads\/2025\/06\/XL_Cardholder_C-secure_red02.jpg\"\n                                         alt=\"Tarjetero XL Burdeos\">\n                                                                            <p class=\"text-under-image\">Burdeos<\/p>\n                                                                                                <\/div>\n                                            <\/div>\n                                                        <div class=\"media-item\">\n                                                    <div class=\"image\">\n                                                                    <img decoding=\"async\" src=\"https:\/\/c-secure.eu\/wp-content\/uploads\/2025\/06\/XL_Cardholder_C-secure_champagne02.jpg\"\n                                         alt=\"Tarjetero XL Champ\u00e1n Oro\">\n                                                                            <p class=\"text-under-image\">Champ\u00e1n Oro<\/p>\n                                                                                                <\/div>\n                                            <\/div>\n                                                        <div class=\"media-item\">\n                                                    <div class=\"image\">\n                                                                    <img decoding=\"async\" src=\"https:\/\/c-secure.eu\/wp-content\/uploads\/2025\/06\/XL_Cardholder_C-secure_silver02.jpg\"\n                                         alt=\"Tarjetero XL Plata\">\n                                                                            <p class=\"text-under-image\">Plata<\/p>\n                                                                                                <\/div>\n                                            <\/div>\n                                                        <div class=\"media-item\">\n                                                    <div class=\"image\">\n                                                                    <img decoding=\"async\" src=\"https:\/\/c-secure.eu\/wp-content\/uploads\/2025\/06\/XL_Cardholder_C-secure_black01.jpg\"\n                                         alt=\"Tarjetero XL Negro\">\n                                                                            <p class=\"text-under-image\">Negro<\/p>\n                                                                                                <\/div>\n                                            <\/div>\n                                                        <div class=\"media-item\">\n                                                    <div class=\"image\">\n                                                                    <img decoding=\"async\" src=\"https:\/\/c-secure.eu\/wp-content\/uploads\/2025\/06\/XL_Cardholder_C-secure_brown02.jpg\"\n                                         alt=\"Tarjetero XL Marr\u00f3n\">\n                                                                            <p class=\"text-under-image\">Marr\u00f3n<\/p>\n                                                                                                <\/div>\n                                            <\/div>\n                                                        <div class=\"media-item\">\n                                                    <div class=\"image\">\n                                                                    <img decoding=\"async\" src=\"https:\/\/c-secure.eu\/wp-content\/uploads\/2025\/06\/XL_Cardholder_C-secure_grey02.jpg\"\n                                         alt=\"Tarjetero XL Gris\">\n                                                                            <p class=\"text-under-image\">Gris<\/p>\n                                                                                                <\/div>\n                                            <\/div>\n                                    <\/div>\n    <\/div>\n<\/section>\n\n\n\n\n\n<section class=\"texts\">\n    <div class=\"boxed\">\n                    <div class=\"rows\">\n                <div class=\"row row-headings\">\n                                            <div class=\"col heading-col index-0\">\n                                                    <\/div>\n                                    <\/div>\n                <div class=\"row row-content\">\n                                            <div class=\"col content-col index-0\">\n                            <div class=\"content\">\n                                                                    <p><strong>Tarjeteros grabados con aspecto de m\u00e1rmol (NUEVA edici\u00f3n especial)<\/strong><\/p>\n<p>Salude a la versi\u00f3n XL de este tarjetero de edici\u00f3n especial, duradero y minimalista. Disponible en varios colores, para las personas a las que les gusta el dise\u00f1o elegante pero tambi\u00e9n necesitan algo de clase y espacio. Nuestros tarjeteros grabados con aspecto de m\u00e1rmol est\u00e1n disponibles en tres colores: negro, gris y oro rosa. Est\u00e1n dise\u00f1ados para durar y proteger hasta 12 tarjetas contra el desgaste y el robo.<\/p>\n                                                            <\/div>\n                        <\/div>\n                                    <\/div>\n            <\/div>\n        \t      <\/div>\n<\/section>\n\n\n\n\n<section class=\"media\">\n    <div class=\"boxed six-columns width-boxed\">\n        <span class=\"heading\"><\/span>\n        <div class=\"items\">\n                                                                    <div class=\"media-item\">\n                                                    <div class=\"image\">\n                                                                    <img decoding=\"async\" src=\"https:\/\/c-secure.eu\/wp-content\/uploads\/2025\/06\/XLcardholder_engraved_C-secure_black_Side.jpg\"\n                                         alt=\"Tarjetero XL Negro\">\n                                                                            <p class=\"text-under-image\">Negro<\/p>\n                                                                                                <\/div>\n                                            <\/div>\n                                                        <div class=\"media-item\">\n                                                    <div class=\"image\">\n                                                                    <img decoding=\"async\" src=\"https:\/\/c-secure.eu\/wp-content\/uploads\/2025\/06\/XLcardholder_engraved_C-secure_Grey_Side.jpg\"\n                                         alt=\"Tarjetero XL Gris\">\n                                                                            <p class=\"text-under-image\">Gris<\/p>\n                                                                                                <\/div>\n                                            <\/div>\n                                                        <div class=\"media-item\">\n                                                    <div class=\"image\">\n                                                                    <img decoding=\"async\" src=\"https:\/\/c-secure.eu\/wp-content\/uploads\/2025\/06\/XLcardholder_engraved_C-secure_Rose_Side.jpg\"\n                                         alt=\"Tarjetero XL Oro Rosa\">\n                                                                            <p class=\"text-under-image\">Oro rosa<\/p>\n                                                                                                <\/div>\n                                            <\/div>\n                                                        <div class=\"media-item\">\n                                                    <div class=\"splide\" id=\"slide-200172845\" aria-label=\"Presentaci\u00f3n de diapositivas\" role=\"group\">\n                                <div class=\"splide__track\">\n                                    <ul class=\"splide__list\">\n                                                                                    <li class=\"splide__slide\">\n                                                <img decoding=\"async\" src=\"https:\/\/c-secure.eu\/wp-content\/uploads\/2025\/06\/XLcardholder_engraved_C-secure_black_front.jpg\" alt=\"Tarjetero XL_grabado_C-seguro_frente_negro\"\/>\n                                            <\/li>\n                                                                                    <li class=\"splide__slide\">\n                                                <img decoding=\"async\" src=\"https:\/\/c-secure.eu\/wp-content\/uploads\/2025\/06\/XLcardholder_engraved_C-secure_black_back-1.jpg\" alt=\"Tarjetero XL_grabado_C-secure_black_back (1)\"\/>\n                                            <\/li>\n                                                                            <\/ul>\n                                <\/div>\n                            <\/div>\n\n                            \n                            <script>\n                                document.addEventListener('DOMContentLoaded', function () {\n                                    const splide = new Splide('#slide-200172845', {\n                                        type: 'fade',\n                                        perPage: 1,\n                                        autoplay: true,\n                                        focus: 'center',\n                                        padding: '0%',\n                                        pauseOnHover: false,\n                                        pauseOnFocus: false,\n                                        pagination: true,\n                                        arrows: true,\n                                        speed: 600,\n                                        rewind: true\n                                    });\n\n                                    splide.on('mounted move', function () {\n                                        const slides = splide.Components.Slides.get();\n                                        slides.forEach(slide => {\n                                            slide.slide.classList.remove('is-center');\n                                        });\n\n                                        const current = splide.Components.Slides.getAt(splide.index);\n                                        if (current) {\n                                            current.slide.classList.add('is-center');\n                                        }\n                                    });\n\n                                    splide.mount();\n                                });\n                            <\/script>\n\n                                            <\/div>\n                                    <\/div>\n    <\/div>\n<\/section>","protected":false},"featured_media":19291,"template":"","meta":{"_acf_changed":true},"class_list":["post-19289","product","type-product","status-publish","has-post-thumbnail","hentry"],"acf":[],"_links":{"self":[{"href":"https:\/\/c-secure.eu\/es\/wp-json\/wp\/v2\/product\/19289","targetHints":{"allow":["GET"]}}],"collection":[{"href":"https:\/\/c-secure.eu\/es\/wp-json\/wp\/v2\/product"}],"about":[{"href":"https:\/\/c-secure.eu\/es\/wp-json\/wp\/v2\/types\/product"}],"wp:featuredmedia":[{"embeddable":true,"href":"https:\/\/c-secure.eu\/es\/wp-json\/wp\/v2\/media\/19291"}],"wp:attachment":[{"href":"https:\/\/c-secure.eu\/es\/wp-json\/wp\/v2\/media?parent=19289"}],"curies":[{"name":"wp","href":"https:\/\/api.w.org\/{rel}","templated":true}]}}