{"id":19292,"date":"2025-06-04T13:40:37","date_gmt":"2025-06-04T13:40:37","guid":{"rendered":"https:\/\/c-secure.eu\/?post_type=product&#038;p=19292"},"modified":"2025-06-12T14:20:26","modified_gmt":"2025-06-12T14:20:26","slug":"xl-coinwallet","status":"publish","type":"product","link":"https:\/\/c-secure.eu\/es\/product\/monedero-xl\/","title":{"rendered":"Monedero XL"},"content":{"rendered":"<section class=\"media\">\n    <div class=\"boxed two-columns width-boxed\">\n        <span class=\"heading\"><\/span>\n        <div class=\"items\">\n                                                                    <div class=\"media-item\">\n                                                    <div class=\"splide\" id=\"slide-238844778\" aria-label=\"Presentaci\u00f3n de diapositivas\" role=\"group\">\n                                <div class=\"splide__track\">\n                                    <ul class=\"splide__list\">\n                                                                                    <li class=\"splide__slide\">\n                                                <img decoding=\"async\" src=\"https:\/\/c-secure.eu\/wp-content\/uploads\/2025\/06\/XL_Wallet_C-secure_2019_001-1.jpg\" alt=\"XL_Wallet_C-secure_2019_001 (1)\"\/>\n                                            <\/li>\n                                                                                    <li class=\"splide__slide\">\n                                                <img decoding=\"async\" src=\"https:\/\/c-secure.eu\/wp-content\/uploads\/2025\/06\/XL_Wallet_C-secure_2019_002.jpg\" alt=\"XL_Wallet_C-secure_2019_002\"\/>\n                                            <\/li>\n                                                                            <\/ul>\n                                <\/div>\n                            <\/div>\n\n                            \n                            <script>\n                                document.addEventListener('DOMContentLoaded', function () {\n                                    const splide = new Splide('#slide-238844778', {\n                                        type: 'fade',\n                                        perPage: 1,\n                                        autoplay: true,\n                                        focus: 'center',\n                                        padding: '0%',\n                                        pauseOnHover: false,\n                                        pauseOnFocus: false,\n                                        pagination: true,\n                                        arrows: true,\n                                        speed: 600,\n                                        rewind: true\n                                    });\n\n                                    splide.on('mounted move', function () {\n                                        const slides = splide.Components.Slides.get();\n                                        slides.forEach(slide => {\n                                            slide.slide.classList.remove('is-center');\n                                        });\n\n                                        const current = splide.Components.Slides.getAt(splide.index);\n                                        if (current) {\n                                            current.slide.classList.add('is-center');\n                                        }\n                                    });\n\n                                    splide.mount();\n                                });\n                            <\/script>\n\n                                            <\/div>\n                                                        <div class=\"media-item\">\n                                                    <div class=\"image\">\n                                                                    <img decoding=\"async\" src=\"https:\/\/c-secure.eu\/wp-content\/uploads\/2025\/06\/XL_Wallet_C-secure_2019_overview.jpg\"\n                                         alt=\"Monedero XL\">\n                                                                                                <\/div>\n                                            <\/div>\n                                    <\/div>\n    <\/div>\n<\/section>\n\n\n\n\n\n<section class=\"texts\">\n    <div class=\"boxed\">\n                    <div class=\"rows\">\n                <div class=\"row row-headings\">\n                                            <div class=\"col heading-col index-0\">\n                                                            <h2 class=\"heading\">Monedero XL (nuevo)<\/h2>\n                                                    <\/div>\n                                    <\/div>\n                <div class=\"row row-content\">\n                                            <div class=\"col content-col index-0\">\n                            <div class=\"content\">\n                                                                    <p>Una colecci\u00f3n con clase para los amantes del espacio.<\/p>\n                                                            <\/div>\n                        <\/div>\n                                    <\/div>\n            <\/div>\n        \t      <\/div>\n<\/section>\n\n\n\n\n<section class=\"texts\">\n    <div class=\"boxed\">\n                    <div class=\"rows\">\n                <div class=\"row row-headings\">\n                                            <div class=\"col heading-col index-0\">\n                                                    <\/div>\n                                            <div class=\"col heading-col index-1\">\n                                                    <\/div>\n                                    <\/div>\n                <div class=\"row row-content\">\n                                            <div class=\"col content-col index-0\">\n                            <div class=\"content\">\n                                                                    <p>Salude a nuestros monederos XL. Una colecci\u00f3n elegante para las personas a las que les gusta tener espacio extra. Los monederos XL tienen capacidad para hasta 12 tarjetas y ofrecen un bolsillo adicional para monedas. Todos los monederos est\u00e1n fabricados en piel de vacuno plena flor de origen europeo. Est\u00e1n te\u00f1idos con anilina y acabados con aceites, ceras naturales y resinas. El exterior tiene un tacto firme y ceroso y un aspecto brillante con un ligero efecto bicolor.<\/p>\n<p>Todas nuestras carteras est\u00e1n equipadas con un mecanismo patentado que facilita el acceso a sus tarjetas.<\/p>\n                                                            <\/div>\n                        <\/div>\n                                            <div class=\"col content-col index-1\">\n                            <div class=\"content\">\n                                                                    <ul>\n<li><b>Material:<\/b>\u00a0Cl\u00e1sica piel de vacuno plena flor de origen europeo<\/li>\n<li><b>Almacena y protege:<\/b>\u00a0De 8 a 12 tarjetas, tarjetas de visita, papel moneda y monedas.<\/li>\n<li><b>Tama\u00f1o:<\/b>\u00a070 x 100 x 25 mm<\/li>\n<li><b>Peso:<\/b>\u00a090 gramos<\/li>\n<\/ul>\n<p><em>*Para todas nuestras carteras, utilizamos cuero producido por Mastrotto en Italia. Se trata de cuero de alta calidad curtido en buenas condiciones de trabajo con cuidado y atenci\u00f3n al medio ambiente.<\/em><\/p>\n                                                            <\/div>\n                        <\/div>\n                                    <\/div>\n            <\/div>\n        \t      <\/div>\n<\/section>\n\n\n\n\n<section class=\"media\">\n    <div class=\"boxed five-columns width-boxed\">\n        <span class=\"heading\"><\/span>\n        <div class=\"items\">\n                                                                    <div class=\"media-item\">\n                                                    <div class=\"image\">\n                                                                    <img decoding=\"async\" src=\"https:\/\/c-secure.eu\/wp-content\/uploads\/2025\/06\/C-secure_XL_coinwallet_Nero.jpg\"\n                                         alt=\"Monedero XL Nero\">\n                                                                            <p class=\"text-under-image\">Nero<\/p>\n                                                                                                <\/div>\n                                            <\/div>\n                                                        <div class=\"media-item\">\n                                                    <div class=\"image\">\n                                                                    <img decoding=\"async\" src=\"https:\/\/c-secure.eu\/wp-content\/uploads\/2025\/06\/C-secure_XL_coinwallet_Mogano.jpg\"\n                                         alt=\"Monedero XL Mogano\">\n                                                                            <p class=\"text-under-image\">Mogano<\/p>\n                                                                                                <\/div>\n                                            <\/div>\n                                                        <div class=\"media-item\">\n                                                    <div class=\"image\">\n                                                                    <img decoding=\"async\" src=\"https:\/\/c-secure.eu\/wp-content\/uploads\/2025\/06\/C-secure_XL_coinwallet_Chestnut.jpg\"\n                                         alt=\"Monedero XL Casta\u00f1o\">\n                                                                            <p class=\"text-under-image\">Casta\u00f1o<\/p>\n                                                                                                <\/div>\n                                            <\/div>\n                                                        <div class=\"media-item\">\n                                                    <div class=\"image\">\n                                                                    <img decoding=\"async\" src=\"https:\/\/c-secure.eu\/wp-content\/uploads\/2025\/06\/C-secure_XL_coinwallet_Chic.jpg\"\n                                         alt=\"Monedero XL Chic\">\n                                                                            <p class=\"text-under-image\">Chic<\/p>\n                                                                                                <\/div>\n                                            <\/div>\n                                    <\/div>\n    <\/div>\n<\/section>\n\n\n\n\n\n<section class=\"media\">\n    <div class=\"boxed five-columns width-boxed\">\n        <span class=\"heading\"><\/span>\n        <div class=\"items\">\n                                                                    <div class=\"media-item\">\n                                                    <div class=\"image\">\n                                                                    <img decoding=\"async\" src=\"https:\/\/c-secure.eu\/wp-content\/uploads\/2025\/06\/C-secure_XL_coinwallet_Cobalt.jpg\"\n                                         alt=\"Monedero XL Cobalto\">\n                                                                            <p class=\"text-under-image\">Cobalto<\/p>\n                                                                                                <\/div>\n                                            <\/div>\n                                                        <div class=\"media-item\">\n                                                    <div class=\"image\">\n                                                                    <img decoding=\"async\" src=\"https:\/\/c-secure.eu\/wp-content\/uploads\/2025\/06\/C-secure_XL_coinwallet_Red.jpg\"\n                                         alt=\"Monedero XL Rojo\">\n                                                                            <p class=\"text-under-image\">Rojo<\/p>\n                                                                                                <\/div>\n                                            <\/div>\n                                                        <div class=\"media-item\">\n                                                    <div class=\"image\">\n                                                                    <img decoding=\"async\" src=\"https:\/\/c-secure.eu\/wp-content\/uploads\/2025\/06\/C-secure_XL_coinwallet_Arancio.jpg\"\n                                         alt=\"Monedero XL Arancio\">\n                                                                            <p class=\"text-under-image\">Arancio<\/p>\n                                                                                                <\/div>\n                                            <\/div>\n                                    <\/div>\n    <\/div>\n<\/section>\n\n\n\n\n\n<section class=\"media\">\n    <div class=\"boxed five-columns width-boxed\">\n        <span class=\"heading\">Edici\u00f3n limitada Piel metalizada<\/span>\n        <div class=\"items\">\n                                                                    <div class=\"media-item\">\n                                                    <div class=\"image\">\n                                                                    <img decoding=\"async\" src=\"https:\/\/c-secure.eu\/wp-content\/uploads\/2025\/06\/Blue-Metallic-coin-XL.jpg\"\n                                         alt=\"Monedero XL Azul Metalizado\">\n                                                                            <p class=\"text-under-image\">Piel azul metalizada<\/p>\n                                                                                                <\/div>\n                                            <\/div>\n                                                        <div class=\"media-item\">\n                                                    <div class=\"image\">\n                                                                    <img decoding=\"async\" src=\"https:\/\/c-secure.eu\/wp-content\/uploads\/2025\/06\/Red-Metallic-coin-XL.jpg\"\n                                         alt=\"Monedero XL Rojo metalizado\">\n                                                                            <p class=\"text-under-image\">Piel roja metalizada<\/p>\n                                                                                                <\/div>\n                                            <\/div>\n                                    <\/div>\n    <\/div>\n<\/section>","protected":false},"featured_media":19290,"template":"","meta":{"_acf_changed":true},"class_list":["post-19292","product","type-product","status-publish","has-post-thumbnail","hentry"],"acf":[],"_links":{"self":[{"href":"https:\/\/c-secure.eu\/es\/wp-json\/wp\/v2\/product\/19292","targetHints":{"allow":["GET"]}}],"collection":[{"href":"https:\/\/c-secure.eu\/es\/wp-json\/wp\/v2\/product"}],"about":[{"href":"https:\/\/c-secure.eu\/es\/wp-json\/wp\/v2\/types\/product"}],"wp:featuredmedia":[{"embeddable":true,"href":"https:\/\/c-secure.eu\/es\/wp-json\/wp\/v2\/media\/19290"}],"wp:attachment":[{"href":"https:\/\/c-secure.eu\/es\/wp-json\/wp\/v2\/media?parent=19292"}],"curies":[{"name":"wp","href":"https:\/\/api.w.org\/{rel}","templated":true}]}}