{"id":19293,"date":"2025-06-04T13:40:50","date_gmt":"2025-06-04T13:40:50","guid":{"rendered":"https:\/\/c-secure.eu\/?post_type=product&#038;p=19293"},"modified":"2025-06-12T14:23:01","modified_gmt":"2025-06-12T14:23:01","slug":"xl-wallet","status":"publish","type":"product","link":"https:\/\/c-secure.eu\/es\/product\/cartera-xl\/","title":{"rendered":"Cartera XL"},"content":{"rendered":"<section class=\"media\">\n    <div class=\"boxed two-columns width-boxed\">\n        <span class=\"heading\"><\/span>\n        <div class=\"items\">\n                                                                    <div class=\"media-item\">\n                                                    <div class=\"splide\" id=\"slide-1607401885\" aria-label=\"Presentaci\u00f3n de diapositivas\" role=\"group\">\n                                <div class=\"splide__track\">\n                                    <ul class=\"splide__list\">\n                                                                                    <li class=\"splide__slide\">\n                                                <img decoding=\"async\" src=\"https:\/\/c-secure.eu\/wp-content\/uploads\/2025\/06\/XL_Wallet_C-secure_2019_01-1.jpg\" alt=\"\"\/>\n                                            <\/li>\n                                                                                    <li class=\"splide__slide\">\n                                                <img decoding=\"async\" src=\"https:\/\/c-secure.eu\/wp-content\/uploads\/2025\/06\/XL_Wallet_C-secure_2019_02.jpg\" alt=\"\"\/>\n                                            <\/li>\n                                                                            <\/ul>\n                                <\/div>\n                            <\/div>\n\n                            \n                            <script>\n                                document.addEventListener('DOMContentLoaded', function () {\n                                    const splide = new Splide('#slide-1607401885', {\n                                        type: 'fade',\n                                        perPage: 1,\n                                        autoplay: true,\n                                        focus: 'center',\n                                        padding: '0%',\n                                        pauseOnHover: false,\n                                        pauseOnFocus: false,\n                                        pagination: true,\n                                        arrows: true,\n                                        speed: 600,\n                                        rewind: true\n                                    });\n\n                                    splide.on('mounted move', function () {\n                                        const slides = splide.Components.Slides.get();\n                                        slides.forEach(slide => {\n                                            slide.slide.classList.remove('is-center');\n                                        });\n\n                                        const current = splide.Components.Slides.getAt(splide.index);\n                                        if (current) {\n                                            current.slide.classList.add('is-center');\n                                        }\n                                    });\n\n                                    splide.mount();\n                                });\n                            <\/script>\n\n                                            <\/div>\n                                                        <div class=\"media-item\">\n                                                    <div class=\"image\">\n                                                                    <img decoding=\"async\" src=\"https:\/\/c-secure.eu\/wp-content\/uploads\/2025\/06\/XL_Wallet_C-secure_2019_team.jpg\"\n                                         alt=\"Cartera XL\">\n                                                                                                <\/div>\n                                            <\/div>\n                                    <\/div>\n    <\/div>\n<\/section>\n\n\n\n\n\n<section class=\"texts\">\n    <div class=\"boxed\">\n                    <div class=\"rows\">\n                <div class=\"row row-headings\">\n                                            <div class=\"col heading-col index-0\">\n                                                            <h2 class=\"heading\">Cartera XL<\/h2>\n                                                    <\/div>\n                                    <\/div>\n                <div class=\"row row-content\">\n                                            <div class=\"col content-col index-0\">\n                            <div class=\"content\">\n                                                                    <p>La versi\u00f3n XL del cl\u00e1sico de C-secure<\/p>\n                                                            <\/div>\n                        <\/div>\n                                    <\/div>\n            <\/div>\n        \t      <\/div>\n<\/section>\n\n\n\n\n<section class=\"texts\">\n    <div class=\"boxed\">\n                    <div class=\"rows\">\n                <div class=\"row row-headings\">\n                                            <div class=\"col heading-col index-0\">\n                                                    <\/div>\n                                            <div class=\"col heading-col index-1\">\n                                                    <\/div>\n                                    <\/div>\n                <div class=\"row row-content\">\n                                            <div class=\"col content-col index-0\">\n                            <div class=\"content\">\n                                                                    <p>Salude a la hermana mayor de la cartera sencilla, para quienes prefieren un poco m\u00e1s de espacio. Las Carteras XL tienen capacidad para hasta 12 tarjetas y est\u00e1n fabricadas en piel de vacuno plena flor cl\u00e1sica de origen europeo. Est\u00e1n te\u00f1idas con anilina y acabadas con aceites, ceras naturales y resinas. El exterior tiene un tacto firme y ceroso y un aspecto brillante con un ligero efecto bicolor.<\/p>\n<p>Todas nuestras carteras est\u00e1n equipadas con un mecanismo patentado que facilita el acceso a sus tarjetas.<\/p>\n                                                            <\/div>\n                        <\/div>\n                                            <div class=\"col content-col index-1\">\n                            <div class=\"content\">\n                                                                    <ul>\n<li><b>Material:<\/b>\u00a0Cl\u00e1sica piel de vacuno plena flor de origen europeo<\/li>\n<li><b>Almacena y protege:<\/b>\u00a0De 8 a 12 tarjetas, tarjetas de visita, papel moneda y monedas.<\/li>\n<li><b>Tama\u00f1o:<\/b>\u00a070 x 100 x 20 mm<\/li>\n<li><b>Peso:<\/b>\u00a086 gramos<\/li>\n<\/ul>\n<p><em>*Para todas nuestras carteras, utilizamos cuero producido por Mastrotto en Italia. Se trata de cuero de alta calidad curtido en buenas condiciones de trabajo con cuidado y atenci\u00f3n al medio ambiente.<\/em><\/p>\n                                                            <\/div>\n                        <\/div>\n                                    <\/div>\n            <\/div>\n        \t      <\/div>\n<\/section>\n\n\n\n\n<section class=\"media\">\n    <div class=\"boxed five-columns width-boxed\">\n        <span class=\"heading\"><\/span>\n        <div class=\"items\">\n                                                                    <div class=\"media-item\">\n                                                    <div class=\"image\">\n                                                                    <img decoding=\"async\" src=\"https:\/\/c-secure.eu\/wp-content\/uploads\/2025\/06\/C-secure_XL_wallet_Nero01.jpg\"\n                                         alt=\"Cartera XL Nero\">\n                                                                            <p class=\"text-under-image\">Nero<\/p>\n                                                                                                <\/div>\n                                            <\/div>\n                                                        <div class=\"media-item\">\n                                                    <div class=\"image\">\n                                                                    <img decoding=\"async\" src=\"https:\/\/c-secure.eu\/wp-content\/uploads\/2025\/06\/C-secure_XL_wallet_Mogano02.jpg\"\n                                         alt=\"Cartera XL Mogano\">\n                                                                            <p class=\"text-under-image\">Mogano<\/p>\n                                                                                                <\/div>\n                                            <\/div>\n                                                        <div class=\"media-item\">\n                                                    <div class=\"image\">\n                                                                    <img decoding=\"async\" src=\"https:\/\/c-secure.eu\/wp-content\/uploads\/2025\/06\/C-secure_XL_wallet_Chestnut03.jpg\"\n                                         alt=\"Cartera XL Casta\u00f1o\">\n                                                                            <p class=\"text-under-image\">Casta\u00f1o<\/p>\n                                                                                                <\/div>\n                                            <\/div>\n                                                        <div class=\"media-item\">\n                                                    <div class=\"image\">\n                                                                    <img decoding=\"async\" src=\"https:\/\/c-secure.eu\/wp-content\/uploads\/2025\/06\/C-secure_XL_wallet_Chic04.jpg\"\n                                         alt=\"Cartera XL Chic\">\n                                                                            <p class=\"text-under-image\">Chic<\/p>\n                                                                                                <\/div>\n                                            <\/div>\n                                    <\/div>\n    <\/div>\n<\/section>\n\n\n\n\n\n<section class=\"media\">\n    <div class=\"boxed five-columns width-boxed\">\n        <span class=\"heading\"><\/span>\n        <div class=\"items\">\n                                                                    <div class=\"media-item\">\n                                                    <div class=\"image\">\n                                                                    <img decoding=\"async\" src=\"https:\/\/c-secure.eu\/wp-content\/uploads\/2025\/06\/C-secure_XL_wallet_Cobalt05.jpg\"\n                                         alt=\"Cartera XL Cobalto\">\n                                                                            <p class=\"text-under-image\">Cobalto<\/p>\n                                                                                                <\/div>\n                                            <\/div>\n                                                        <div class=\"media-item\">\n                                                    <div class=\"image\">\n                                                                    <img decoding=\"async\" src=\"https:\/\/c-secure.eu\/wp-content\/uploads\/2025\/06\/C-secure_XL_wallet_Red06.jpg\"\n                                         alt=\"Cartera XL Rojo\">\n                                                                            <p class=\"text-under-image\">Rojo<\/p>\n                                                                                                <\/div>\n                                            <\/div>\n                                                        <div class=\"media-item\">\n                                                    <div class=\"image\">\n                                                                    <img decoding=\"async\" src=\"https:\/\/c-secure.eu\/wp-content\/uploads\/2025\/06\/C-secure_XL_wallet_Arancio_07.jpg\"\n                                         alt=\"Cartera XL Arancio\">\n                                                                            <p class=\"text-under-image\">Arancio<\/p>\n                                                                                                <\/div>\n                                            <\/div>\n                                                        <div class=\"media-item\">\n                                                    <div class=\"image\">\n                                                                    <img decoding=\"async\" src=\"https:\/\/c-secure.eu\/wp-content\/uploads\/2025\/06\/C-secure_XL_wallet_Solis_08.jpg\"\n                                         alt=\"Cartera XL Solis\">\n                                                                            <p class=\"text-under-image\">Solis<\/p>\n                                                                                                <\/div>\n                                            <\/div>\n                                    <\/div>\n    <\/div>\n<\/section>\n\n\n\n\n\n<section class=\"media\">\n    <div class=\"boxed five-columns width-boxed\">\n        <span class=\"heading\">Edici\u00f3n limitada Piel metalizada<\/span>\n        <div class=\"items\">\n                                                                    <div class=\"media-item\">\n                                                    <div class=\"image\">\n                                                                    <img decoding=\"async\" src=\"https:\/\/c-secure.eu\/wp-content\/uploads\/2025\/06\/Red-Metallic-XL.jpg\"\n                                         alt=\"Cartera XL Rojo\">\n                                                                            <p class=\"text-under-image\">Piel roja metalizada<\/p>\n                                                                                                <\/div>\n                                            <\/div>\n                                                        <div class=\"media-item\">\n                                                    <div class=\"image\">\n                                                                    <img decoding=\"async\" src=\"https:\/\/c-secure.eu\/wp-content\/uploads\/2025\/06\/Blue-Metallic-XL.jpg\"\n                                         alt=\"Cartera XL Azul\">\n                                                                            <p class=\"text-under-image\">Piel azul metalizada<\/p>\n                                                                                                <\/div>\n                                            <\/div>\n                                    <\/div>\n    <\/div>\n<\/section>","protected":false},"featured_media":19294,"template":"","meta":{"_acf_changed":true},"class_list":["post-19293","product","type-product","status-publish","has-post-thumbnail","hentry"],"acf":[],"_links":{"self":[{"href":"https:\/\/c-secure.eu\/es\/wp-json\/wp\/v2\/product\/19293","targetHints":{"allow":["GET"]}}],"collection":[{"href":"https:\/\/c-secure.eu\/es\/wp-json\/wp\/v2\/product"}],"about":[{"href":"https:\/\/c-secure.eu\/es\/wp-json\/wp\/v2\/types\/product"}],"wp:featuredmedia":[{"embeddable":true,"href":"https:\/\/c-secure.eu\/es\/wp-json\/wp\/v2\/media\/19294"}],"wp:attachment":[{"href":"https:\/\/c-secure.eu\/es\/wp-json\/wp\/v2\/media?parent=19293"}],"curies":[{"name":"wp","href":"https:\/\/api.w.org\/{rel}","templated":true}]}}