{"id":19351,"date":"2025-06-04T15:10:54","date_gmt":"2025-06-04T15:10:54","guid":{"rendered":"https:\/\/c-secure.eu\/?page_id=19351"},"modified":"2025-06-11T11:54:46","modified_gmt":"2025-06-11T11:54:46","slug":"national-agents","status":"publish","type":"page","link":"https:\/\/c-secure.eu\/fr\/agents-nationaux\/","title":{"rendered":"Agents nationaux"},"content":{"rendered":"<section class=\"columns\">\n    <div class=\"boxed\">\n        <div class=\"items\">\n                                <div class=\"item\">\n                                                    <div class=\"image\">\n                                <img decoding=\"async\" src=\"https:\/\/c-secure.eu\/wp-content\/uploads\/2025\/06\/Agent-Finland.jpg\"\n                                     alt=\"\">\n                            <\/div>\n                                                                            <p class=\"heading\">Agent de d\u00e9tail Finlande<\/p>\n                                                                            <p class=\"name\">TTF-International Oy Ltd<\/p>\n                                                                            <div class=\"content\">\n                                <p class=\"member-role\">+358 400 711266<br \/>\nMerkkitukku<br \/>\nGneissitie 8 A 7<br \/>\n90620 Oulu<br \/>\nFinlande<\/p>\n                            <\/div>\n                                                                    <\/div>\n                                    <div class=\"item\">\n                                                    <div class=\"image\">\n                                <img decoding=\"async\" src=\"https:\/\/c-secure.eu\/wp-content\/uploads\/2025\/06\/Retail-agent-Ireland.jpg\"\n                                     alt=\"\">\n                            <\/div>\n                                                                            <p class=\"heading\">Agent de d\u00e9tail Irlande<\/p>\n                                                                            <p class=\"name\">G Molins and Company Ltd<\/p>\n                                                                            <div class=\"content\">\n                                <p class=\"member-role\"><a href=\"mailto:gregmolins@gmail.com\" target=\"_blank\" rel=\"noopener\">gregmolins@gmail.com<\/a><br \/>\n37 Larchfield Road<br \/>\nGoatstown Dublin 14<br \/>\nIrlande<\/p>\n                            <\/div>\n                                                                    <\/div>\n                                    <div class=\"item\">\n                                                    <div class=\"image\">\n                                <img decoding=\"async\" src=\"https:\/\/c-secure.eu\/wp-content\/uploads\/2025\/06\/Agent-Portugal-C-secure.jpg\"\n                                     alt=\"\">\n                            <\/div>\n                                                                            <p class=\"heading\">Agent de d\u00e9tail Portugal<\/p>\n                                                                            <p class=\"name\">Typesell LDA<\/p>\n                                                                            <div class=\"content\">\n                                <p class=\"member-role\">+351 21 414 32 21<br \/>\nElospark II - Armazem 6<br \/>\n2735 - 521 Cacem<br \/>\nPortugal<\/p>\n                            <\/div>\n                                                                    <\/div>\n                                    <div class=\"item\">\n                                                    <div class=\"image\">\n                                <img decoding=\"async\" src=\"https:\/\/c-secure.eu\/wp-content\/uploads\/2025\/06\/Agent-Swiss-C-secure.jpg\"\n                                     alt=\"\">\n                            <\/div>\n                                                                            <p class=\"heading\">Agent de d\u00e9tail Suisse<\/p>\n                                                                            <p class=\"name\">Montres - Leurs<\/p>\n                                                                            <div class=\"content\">\n                                <p>+41 79 698 00 06<br \/>\nf.provenzale@montres-leurs.ch<br \/>\nRue de la Combe 11<br \/>\n1260 Nyon<br \/>\nSuisse<\/p>\n                            <\/div>\n                                                                    <\/div>\n                                    <div class=\"item\">\n                                                    <div class=\"image\">\n                                <img decoding=\"async\" src=\"https:\/\/c-secure.eu\/wp-content\/uploads\/2025\/06\/Retail-agent-Greece-C-secure-2020.jpg\"\n                                     alt=\"\">\n                            <\/div>\n                                                                            <p class=\"heading\">Agent de d\u00e9tail Gr\u00e8ce<\/p>\n                                                                            <p class=\"name\">Nancy Fotopoulou<\/p>\n                                                                            <div class=\"content\">\n                                <p>+30210-9852823<br \/>\n<a href=\"http:\/\/www.fotopoulou.com.gr\/\" target=\"_blank\" rel=\"noopener\" data-saferedirecturl=\"https:\/\/www.google.com\/url?q=http:\/\/www.fotopoulou.com.gr\/&amp;source=gmail&amp;ust=1581859772046000&amp;usg=AFQjCNEl7mT2AZgWR9VLtfpmB9k8Rf_RQw\">www.fotopoulou.com.gr<\/a><br \/>\n4, Maltezou str.<br \/>\n17455 Alimos Ath\u00e8nes<br \/>\nGr\u00e8ce<\/p>\n                            <\/div>\n                                                                    <\/div>\n                                    <\/div>\n    <\/div>\n<\/section>\n\n\n<section\n        class=\"text-media bg-pale-gray class-full-width\">\n            <div class=\"container image-right\">\n                            <div class=\"media image-with-text\">\n                    <img decoding=\"async\" src=\"https:\/\/c-secure.eu\/wp-content\/uploads\/2025\/06\/Fashion-Access-Hong-Kong-2019.jpg\" alt=\"Mode-Acc\u00e8s-Hong-Kong-2019\">\n                                    <\/div>\n                        <div class=\"info\">\n                <div>\n                                            <h2 class=\"heading\">O\u00f9 nous trouver<\/h2>\n                                                                <div class=\"content\"><p class=\"translation-block\">C-secure est pr\u00e9sent dans les \u00e9v\u00e9nements et les foires du monde entier. <a href=\"https:\/\/c-secure.eu\/fr\/contact-c-securise\/\" target=\"_self\">Cette page<\/a> donne un aper\u00e7u des \u00e9v\u00e9nements et foires \u00e0 venir sur lesquels vous pouvez nous trouver. Cette page est r\u00e9guli\u00e8rement mise \u00e0 jour, assurez-vous donc de confirmer les dates avant de participer \u00e0 un \u00e9v\u00e9nement.<\/p>\n<p>Depuis 2014, vous pouvez nous retrouver chaque ann\u00e9e \u00e0 Hong Kong pour l\u2019exposition HKTDC en avril et au Mega Show Part 1 en octobre.<\/p>\n<p>EXPOSITIONS 2020<\/p>\n<p>29 - 31 janvier CIFF - Copenhague - Danemark<\/p>\n<p>7 - 11 f\u00e9vrier Ambiente -Francfort - Allemagne<\/p>\n<p>8 - 10 mars Shoe Gallery - D\u00fcsseldorf Allemagne<\/p>\n<p>31 mars - 2 avril Fashion Access - Hong Kong<\/p>\n<p>27 - 30 avril HKDC Gift fair - Hong Kong<\/p>\n<p>4 - 8 septembre M&amp;O - Paris - France<\/p>\n<p>20 - 23 octobre Mega Show part 1 - Hong Kong<\/p>\n<\/div>\n                                    <\/div>\n            <\/div>\n        <\/div>\n    <\/section>","protected":false},"excerpt":{"rendered":"","protected":false},"author":1,"featured_media":0,"parent":0,"menu_order":0,"comment_status":"closed","ping_status":"closed","template":"","meta":{"_acf_changed":false,"footnotes":""},"class_list":["post-19351","page","type-page","status-publish"],"acf":[],"_links":{"self":[{"href":"https:\/\/c-secure.eu\/fr\/wp-json\/wp\/v2\/pages\/19351","targetHints":{"allow":["GET"]}}],"collection":[{"href":"https:\/\/c-secure.eu\/fr\/wp-json\/wp\/v2\/pages"}],"about":[{"href":"https:\/\/c-secure.eu\/fr\/wp-json\/wp\/v2\/types\/page"}],"author":[{"embeddable":true,"href":"https:\/\/c-secure.eu\/fr\/wp-json\/wp\/v2\/users\/1"}],"replies":[{"embeddable":true,"href":"https:\/\/c-secure.eu\/fr\/wp-json\/wp\/v2\/comments?post=19351"}],"version-history":[{"count":5,"href":"https:\/\/c-secure.eu\/fr\/wp-json\/wp\/v2\/pages\/19351\/revisions"}],"predecessor-version":[{"id":19484,"href":"https:\/\/c-secure.eu\/fr\/wp-json\/wp\/v2\/pages\/19351\/revisions\/19484"}],"wp:attachment":[{"href":"https:\/\/c-secure.eu\/fr\/wp-json\/wp\/v2\/media?parent=19351"}],"curies":[{"name":"wp","href":"https:\/\/api.w.org\/{rel}","templated":true}]}}