{"id":24,"date":"2025-06-03T10:10:21","date_gmt":"2025-06-03T10:10:21","guid":{"rendered":"https:\/\/c-secure.eu\/?page_id=24"},"modified":"2025-06-11T12:36:44","modified_gmt":"2025-06-11T12:36:44","slug":"about-c-secure","status":"publish","type":"page","link":"https:\/\/c-secure.eu\/fr\/a-propos-de-c-secure\/","title":{"rendered":"\u00c0 propos"},"content":{"rendered":"<section\n        class=\"text-media bg-white class-full-width\">\n            <div class=\"container image-right\">\n                            <div class=\"media image-with-text\">\n                    <img decoding=\"async\" src=\"https:\/\/c-secure.eu\/wp-content\/uploads\/2025\/06\/About-C-secure-profile_2.jpg\" alt=\"A propos du profil s\u00e9curis\u00e9_2\">\n                                    <\/div>\n                        <div class=\"info\">\n                <div>\n                                            <h2 class=\"heading\">C-secure<\/h2>\n                                                                <div class=\"content\"><p><em>Une \u00e9quipe cr\u00e9ative<\/em><\/p>\n<p class=\"translation-block\"><b>De gauche \u00e0 droite:<\/b> Alexis van der Wilde, Clea Ridder et Matthias Ridder. Nous sommes l'\u00e9quipe de direction de c-secure et pouvons nous appuyer sur de nombreuses ann\u00e9es d'exp\u00e9rience dans le d\u00e9veloppement, la production et la vente de produits attrayants et de qualit\u00e9 dans le monde entier, \u00e0 des prix tout aussi attrayants. Nos produits ne sont pas seulement attrayants pour les consommateurs, mais aussi pour nos distributeurs.<\/p>\n<\/div>\n                                    <\/div>\n            <\/div>\n        <\/div>\n    <\/section>\n\n\n\n<section class=\"quote\">\n    <div class=\"boxed\">\n        <h2 class=\"heading\">Notre histoire<\/h2>\n            <\/div>\n<\/section>\n\n\n\n<section\n        class=\"text-media bg-pale-gray class-full-width\">\n            <div class=\"container image-right\">\n                            <div class=\"media image-with-text\">\n                    <img decoding=\"async\" src=\"https:\/\/c-secure.eu\/wp-content\/uploads\/2025\/06\/How-we-work-_-C-secure-03.jpg\" alt=\"How-we-work-_-C-secure-03\">\n                                    <\/div>\n                        <div class=\"info\">\n                <div>\n                                            <h2 class=\"heading\">Depuis 2013<\/h2>\n                                                                <div class=\"content\"><p>En 2013, nous nous \u00e9tions r\u00e9unis entre amis. Nous avons discut\u00e9 de la vitesse \u00e0 laquelle \u00e9voluait la technologie sur diff\u00e9rents march\u00e9s et du fait que les banques et les soci\u00e9t\u00e9s \u00e9mettrices de cartes de cr\u00e9dit allaient remplacer les anciennes cartes par des nouvelles avec la possibilit\u00e9 de payer sans contact. Toutes les cartes sont dot\u00e9es de la technologie RFID ou NFC, mais ne sont pas prot\u00e9g\u00e9es contre le vol \u00e0 la tire \u00e9lectronique.<\/p>\n<\/div>\n                                    <\/div>\n            <\/div>\n        <\/div>\n    <\/section>\n\n\n\n<section\n        class=\"text-media bg-pale-gray class-full-width\">\n            <div class=\"container image-left\">\n                            <div class=\"media image-with-text\">\n                    <img decoding=\"async\" src=\"https:\/\/c-secure.eu\/wp-content\/uploads\/2025\/06\/Leather_c-secure_2019_pattern.jpg\" alt=\"Mod\u00e8le cuir_c-secure_2019\">\n                                            <div class=\"text-in-image\">Meilleur cuir italien<\/div>\n                                    <\/div>\n                        <div class=\"info\">\n                <div>\n                                            <h2 class=\"heading\">Nous innovons.<\/h2>\n                                                                <div class=\"content\"><p>Aujourd\u2019hui, nous avons besoin d'un portefeuille ou d\u2019un porte-cartes prot\u00e9g\u00e9 contre la RFID. Le lecteur sans fil qui vole vos donn\u00e9es peut les lire \u00e0 travers tout tissu ou cuir. Il n\u2019existe aucun moyen de bloquer les ondes radio, sauf si vous prot\u00e9gez vos cartes, bien s\u00fbr. C\u2019est l\u00e0 que C-secure intervient. C-secure est la solution parfaite si vous recherchez un porte-cartes avec protection RFID.<\/p>\n<\/div>\n                                    <\/div>\n            <\/div>\n        <\/div>\n    <\/section>\n\n\n\n<section\n        class=\"text-media bg-pale-gray class-full-width\">\n            <div class=\"container image-right\">\n                            <div class=\"media image-with-text\">\n                    <img decoding=\"async\" src=\"https:\/\/c-secure.eu\/wp-content\/uploads\/2025\/06\/How-we-work-_-C-secure-02.jpg\" alt=\"How-we-work-_-C-secure-02\">\n                                    <\/div>\n                        <div class=\"info\">\n                <div>\n                                            <h2 class=\"heading\">Les Pays-Bas, notre si\u00e8ge principal<\/h2>\n                                                                <div class=\"content\"><p>Depuis ses d\u00e9buts en 2013, la vente du portefeuille a remport\u00e9 un franc succ\u00e8s, dans le domaine B2B et B2C. Par cons\u00e9quent, C-secure est constamment \u00e0 la recherche de nouveaux points de vente, \u00e9tant donn\u00e9 que la demande ne cesse d'augmenter. Les d\u00e9taillants qui, \u00e0 l'instar de C-secure, b\u00e9n\u00e9ficient d'un excellent service client, sont toujours invit\u00e9s \u00e0 contacter C-secure \u00e0 Arnhem, aux Pays-Bas (si\u00e8ge principal).<\/p>\n<\/div>\n                                    <\/div>\n            <\/div>\n        <\/div>\n    <\/section>\n\n\n\n<section class=\"texts\">\n    <div class=\"boxed\">\n                    <div class=\"rows\">\n                <div class=\"row row-headings\">\n                                            <div class=\"col heading-col index-0\">\n                                                            <h2 class=\"heading\">Nos clients<\/h2>\n                                                    <\/div>\n                                    <\/div>\n                <div class=\"row row-content\">\n                                            <div class=\"col content-col index-0\">\n                            <div class=\"content\">\n                                                                    <p><em>Nous travaillons avec quelques-uns des meilleurs fabricants au monde. Ils croient en ce que nous sommes capables d\u2019accomplir.<\/em><\/p>\n                                                            <\/div>\n                        <\/div>\n                                    <\/div>\n            <\/div>\n        \t      <\/div>\n<\/section>\n\n\n\n\n<section class=\"media\">\n    <div class=\"boxed one-column width-boxed\">\n        <span class=\"heading\"><\/span>\n        <div class=\"items\">\n                                                                    <div class=\"media-item\">\n                                                    <div class=\"image\">\n                                                                    <img decoding=\"async\" src=\"https:\/\/c-secure.eu\/wp-content\/uploads\/2025\/06\/Clients_C-Secure_logos_2019.jpg\"\n                                         alt=\"Clients_C-Secure_logos_2019\">\n                                                                                                <\/div>\n                                            <\/div>\n                                    <\/div>\n    <\/div>\n<\/section>\n\n\n\n\n\n<section class=\"call-to-action bg-green\">\n    <div class=\"container boxed\">\n        <div class=\"info\">\n            <div>\n                                    <h2 class=\"heading\">Vous voulez travailler avec C-secure?<\/h2>\n                                                                    <a href=\"https:\/\/c-secure.eu\/fr\/contact-c-securise\/\" class=\"button\">Contactez-nous<\/a>\n                            <\/div>\n        <\/div>\n    <\/div>\n<\/section>","protected":false},"excerpt":{"rendered":"","protected":false},"author":1,"featured_media":0,"parent":0,"menu_order":0,"comment_status":"closed","ping_status":"closed","template":"","meta":{"_acf_changed":false,"footnotes":""},"class_list":["post-24","page","type-page","status-publish"],"acf":[],"_links":{"self":[{"href":"https:\/\/c-secure.eu\/fr\/wp-json\/wp\/v2\/pages\/24","targetHints":{"allow":["GET"]}}],"collection":[{"href":"https:\/\/c-secure.eu\/fr\/wp-json\/wp\/v2\/pages"}],"about":[{"href":"https:\/\/c-secure.eu\/fr\/wp-json\/wp\/v2\/types\/page"}],"author":[{"embeddable":true,"href":"https:\/\/c-secure.eu\/fr\/wp-json\/wp\/v2\/users\/1"}],"replies":[{"embeddable":true,"href":"https:\/\/c-secure.eu\/fr\/wp-json\/wp\/v2\/comments?post=24"}],"version-history":[{"count":16,"href":"https:\/\/c-secure.eu\/fr\/wp-json\/wp\/v2\/pages\/24\/revisions"}],"predecessor-version":[{"id":19502,"href":"https:\/\/c-secure.eu\/fr\/wp-json\/wp\/v2\/pages\/24\/revisions\/19502"}],"wp:attachment":[{"href":"https:\/\/c-secure.eu\/fr\/wp-json\/wp\/v2\/media?parent=24"}],"curies":[{"name":"wp","href":"https:\/\/api.w.org\/{rel}","templated":true}]}}