{"id":19283,"date":"2025-06-04T13:39:47","date_gmt":"2025-06-04T13:39:47","guid":{"rendered":"https:\/\/c-secure.eu\/?post_type=product&#038;p=19283"},"modified":"2025-06-12T14:17:08","modified_gmt":"2025-06-12T14:17:08","slug":"cardholder","status":"publish","type":"product","link":"https:\/\/c-secure.eu\/fr\/product\/titulaire-de-la-carte\/","title":{"rendered":"Porte-cartes"},"content":{"rendered":"<section class=\"media\">\n    <div class=\"boxed two-columns width-boxed\">\n        <span class=\"heading\"><\/span>\n        <div class=\"items\">\n                                                                    <div class=\"media-item\">\n                                                    <div class=\"splide\" id=\"slide-1908717965\" aria-label=\"Diaporama\" role=\"group\">\n                                <div class=\"splide__track\">\n                                    <ul class=\"splide__list\">\n                                                                                    <li class=\"splide__slide\">\n                                                <img decoding=\"async\" src=\"https:\/\/c-secure.eu\/wp-content\/uploads\/2025\/06\/XL_Cardholder_C-secure_2019_02.jpg\" alt=\"Porte-cartes XL\"\/>\n                                            <\/li>\n                                                                                    <li class=\"splide__slide\">\n                                                <img decoding=\"async\" src=\"https:\/\/c-secure.eu\/wp-content\/uploads\/2025\/06\/XL_Cardholder_C-secure_2019_01.jpg\" alt=\"Porte-cartes XL\"\/>\n                                            <\/li>\n                                                                            <\/ul>\n                                <\/div>\n                            <\/div>\n\n                            \n                            <script>\n                                document.addEventListener('DOMContentLoaded', function () {\n                                    const splide = new Splide('#slide-1908717965', {\n                                        type: 'fade',\n                                        perPage: 1,\n                                        autoplay: true,\n                                        focus: 'center',\n                                        padding: '0%',\n                                        pauseOnHover: false,\n                                        pauseOnFocus: false,\n                                        pagination: true,\n                                        arrows: true,\n                                        speed: 600,\n                                        rewind: true\n                                    });\n\n                                    splide.on('mounted move', function () {\n                                        const slides = splide.Components.Slides.get();\n                                        slides.forEach(slide => {\n                                            slide.slide.classList.remove('is-center');\n                                        });\n\n                                        const current = splide.Components.Slides.getAt(splide.index);\n                                        if (current) {\n                                            current.slide.classList.add('is-center');\n                                        }\n                                    });\n\n                                    splide.mount();\n                                });\n                            <\/script>\n\n                                            <\/div>\n                                                        <div class=\"media-item\">\n                                                    <div class=\"image\">\n                                                                    <img decoding=\"async\" src=\"https:\/\/c-secure.eu\/wp-content\/uploads\/2025\/06\/C-secure_Cardholder_2019-1.jpg\"\n                                         alt=\"C-secure_Cardholder_2019 (1)\">\n                                                                                                <\/div>\n                                            <\/div>\n                                    <\/div>\n    <\/div>\n<\/section>\n\n\n\n\n\n<section class=\"texts\">\n    <div class=\"boxed\">\n                    <div class=\"rows\">\n                <div class=\"row row-headings\">\n                                            <div class=\"col heading-col index-0\">\n                                                            <h2 class=\"heading\">Porte-cartes<\/h2>\n                                                    <\/div>\n                                    <\/div>\n                <div class=\"row row-content\">\n                                            <div class=\"col content-col index-0\">\n                            <div class=\"content\">\n                                                                    <p>Design intelligent<\/p>\n                                                            <\/div>\n                        <\/div>\n                                    <\/div>\n            <\/div>\n        \t      <\/div>\n<\/section>\n\n\n\n\n<section class=\"texts\">\n    <div class=\"boxed\">\n                    <div class=\"rows\">\n                <div class=\"row row-headings\">\n                                            <div class=\"col heading-col index-0\">\n                                                    <\/div>\n                                            <div class=\"col heading-col index-1\">\n                                                    <\/div>\n                                    <\/div>\n                <div class=\"row row-content\">\n                                            <div class=\"col content-col index-0\">\n                            <div class=\"content\">\n                                                                    <p>Le m\u00e9canisme brevet\u00e9 de notre portefeuille\/porte-cartes offre une m\u00e9thode simple et ais\u00e9e pour acc\u00e9der \u00e0 vos cartes.<\/p>\n                                                            <\/div>\n                        <\/div>\n                                            <div class=\"col content-col index-1\">\n                            <div class=\"content\">\n                                                                    <ul>\n<li class=\"translation-block\"><b>Mat\u00e9riau:<\/b> Aluminium durable<\/li>\n<li><b><b>Contient et prot\u00e8ge:<\/b><\/b>\u00a0Cartes (4 \u00e0 7)<\/li>\n<li><b>Taille :<\/b>\u00a0<b>Dimensions:<\/b> 61 x 95 x 8 mm<\/li>\n<li><b><b>Poids:<\/b> 45 grammes<\/b>\u00a045 grammes<\/li>\n<\/ul>\n                                                            <\/div>\n                        <\/div>\n                                    <\/div>\n            <\/div>\n        \t      <\/div>\n<\/section>\n\n\n\n\n<section class=\"media\">\n    <div class=\"boxed six-columns width-boxed\">\n        <span class=\"heading\"><\/span>\n        <div class=\"items\">\n                                                                    <div class=\"media-item\">\n                                                    <div class=\"image\">\n                                                                    <img decoding=\"async\" src=\"https:\/\/c-secure.eu\/wp-content\/uploads\/2025\/06\/Cardholder_Black.jpg\"\n                                         alt=\"Porte-cartes noir\">\n                                                                            <p class=\"text-under-image\">Noir<\/p>\n                                                                                                <\/div>\n                                            <\/div>\n                                                        <div class=\"media-item\">\n                                                    <div class=\"image\">\n                                                                    <img decoding=\"async\" src=\"https:\/\/c-secure.eu\/wp-content\/uploads\/2025\/06\/C-secure_Cardholder_Blue.jpg\"\n                                         alt=\"Porte-cartes bleu\">\n                                                                            <p class=\"text-under-image\">Blue<\/p>\n                                                                                                <\/div>\n                                            <\/div>\n                                                        <div class=\"media-item\">\n                                                    <div class=\"image\">\n                                                                    <img decoding=\"async\" src=\"https:\/\/c-secure.eu\/wp-content\/uploads\/2025\/06\/C-secure_Cardholder_Champagne.jpg\"\n                                         alt=\"Titulaire de la carte Champagne\">\n                                                                            <p class=\"text-under-image\">Champagne<\/p>\n                                                                                                <\/div>\n                                            <\/div>\n                                                        <div class=\"media-item\">\n                                                    <div class=\"image\">\n                                                                    <img decoding=\"async\" src=\"https:\/\/c-secure.eu\/wp-content\/uploads\/2025\/06\/C-secure_Wallet_Grey.jpg\"\n                                         alt=\"Porte-cartes gris\">\n                                                                            <p class=\"text-under-image\">Gris<\/p>\n                                                                                                <\/div>\n                                            <\/div>\n                                    <\/div>\n    <\/div>\n<\/section>\n\n\n\n\n\n<section class=\"media\">\n    <div class=\"boxed six-columns width-boxed\">\n        <span class=\"heading\"><\/span>\n        <div class=\"items\">\n                                                                    <div class=\"media-item\">\n                                                    <div class=\"image\">\n                                                                    <img decoding=\"async\" src=\"https:\/\/c-secure.eu\/wp-content\/uploads\/2025\/06\/C-secure_Cardholder_Red.jpg\"\n                                         alt=\"Porte-cartes rouge\">\n                                                                            <p class=\"text-under-image\">Rouge<\/p>\n                                                                                                <\/div>\n                                            <\/div>\n                                                        <div class=\"media-item\">\n                                                    <div class=\"image\">\n                                                                    <img decoding=\"async\" src=\"https:\/\/c-secure.eu\/wp-content\/uploads\/2025\/06\/C-secure_Wallet_Silver.jpg\"\n                                         alt=\"Porte-cartes argent\">\n                                                                            <p class=\"text-under-image\">Argent<\/p>\n                                                                                                <\/div>\n                                            <\/div>\n                                                        <div class=\"media-item\">\n                                                    <div class=\"image\">\n                                                                    <img decoding=\"async\" src=\"https:\/\/c-secure.eu\/wp-content\/uploads\/2025\/06\/C-secure_Cardholder_Brown-1.jpg\"\n                                         alt=\"Porte-cartes marron\">\n                                                                            <p class=\"text-under-image\">Marron<\/p>\n                                                                                                <\/div>\n                                            <\/div>\n                                                        <div class=\"media-item\">\n                                                    <div class=\"image\">\n                                                                    <img decoding=\"async\" src=\"https:\/\/c-secure.eu\/wp-content\/uploads\/2025\/06\/C-secure_Cardholder_DarkBlue.jpg\"\n                                         alt=\"Porte-cartes Bleu fonc\u00e9\">\n                                                                            <p class=\"text-under-image\">Bleu fonc\u00e9<\/p>\n                                                                                                <\/div>\n                                            <\/div>\n                                    <\/div>\n    <\/div>\n<\/section>\n\n\n\n\n\n<section class=\"media\">\n    <div class=\"boxed six-columns width-boxed\">\n        <span class=\"heading\">\u00c9dition limit\u00e9e :<\/span>\n        <div class=\"items\">\n                                                                    <div class=\"media-item\">\n                                                    <div class=\"image\">\n                                                                    <img decoding=\"async\" src=\"https:\/\/c-secure.eu\/wp-content\/uploads\/2025\/06\/C-secure_Cardholder_Blue-1.jpg\"\n                                         alt=\"Porte-cartes bleu\">\n                                                                            <p class=\"text-under-image\">Bleu indigo<\/p>\n                                                                                                <\/div>\n                                            <\/div>\n                                                        <div class=\"media-item\">\n                                                    <div class=\"image\">\n                                                                    <img decoding=\"async\" src=\"https:\/\/c-secure.eu\/wp-content\/uploads\/2025\/06\/C-secure_Cardholder_Olive_Green.jpg\"\n                                         alt=\"Porte-cartes Vert olive\">\n                                                                            <p class=\"text-under-image\">Vert olive<\/p>\n                                                                                                <\/div>\n                                            <\/div>\n                                                        <div class=\"media-item\">\n                                                    <div class=\"image\">\n                                                                    <img decoding=\"async\" src=\"https:\/\/c-secure.eu\/wp-content\/uploads\/2025\/06\/C-secure_Cardholder_Purple.jpg\"\n                                         alt=\"Porte-cartes violet\">\n                                                                            <p class=\"text-under-image\">Pourpre<\/p>\n                                                                                                <\/div>\n                                            <\/div>\n                                    <\/div>\n    <\/div>\n<\/section>\n\n\n\n\n\n<section class=\"texts\">\n    <div class=\"boxed\">\n                    <div class=\"rows\">\n                <div class=\"row row-headings\">\n                                            <div class=\"col heading-col index-0\">\n                                                    <\/div>\n                                    <\/div>\n                <div class=\"row row-content\">\n                                            <div class=\"col content-col index-0\">\n                            <div class=\"content\">\n                                                                    <p><b>Porte-cartes grav\u00e9s aspect marbre (NOUVEAU)\u00a0<strong><em>Edition sp\u00e9ciale)<\/em><\/strong><\/b><\/p>\n<p>Dites bonjour \u00e0 cette \u00e9dition sp\u00e9ciale de notre porte-cartes durable et minimaliste. Pour ceux qui aiment le design \u00e9pur\u00e9 et la classe. Nos porte-cartes grav\u00e9s fa\u00e7on marbre sont disponibles en trois couleurs : noir, gris et or rose. Ils sont con\u00e7us pour durer avec une touche de classe et prot\u00e8gent jusqu'\u00e0 7 cartes contre l'usure et l'\u00e9cr\u00e9mage. (\u00c9galement disponible en XL)<\/p>\n                                                            <\/div>\n                        <\/div>\n                                    <\/div>\n            <\/div>\n        \t      <\/div>\n<\/section>\n\n\n\n\n<section class=\"media\">\n    <div class=\"boxed six-columns width-boxed\">\n        <span class=\"heading\"><\/span>\n        <div class=\"items\">\n                                                                    <div class=\"media-item\">\n                                                    <div class=\"image\">\n                                                                    <img decoding=\"async\" src=\"https:\/\/c-secure.eu\/wp-content\/uploads\/2025\/06\/cardholder_engraved_C-secure_black_side.jpg\"\n                                         alt=\"Porte-cartes noir\">\n                                                                            <p class=\"text-under-image\">Noir<\/p>\n                                                                                                <\/div>\n                                            <\/div>\n                                                        <div class=\"media-item\">\n                                                    <div class=\"image\">\n                                                                    <img decoding=\"async\" src=\"https:\/\/c-secure.eu\/wp-content\/uploads\/2025\/06\/cardholder_engraved_C-secure_grey_side.jpg\"\n                                         alt=\"Porte-cartes gris\">\n                                                                            <p class=\"text-under-image\">Gris<\/p>\n                                                                                                <\/div>\n                                            <\/div>\n                                                        <div class=\"media-item\">\n                                                    <div class=\"image\">\n                                                                    <img decoding=\"async\" src=\"https:\/\/c-secure.eu\/wp-content\/uploads\/2025\/06\/cardholder_engraved_C-secure_rose_side.jpg\"\n                                         alt=\"Porte-cartes Rose\">\n                                                                            <p class=\"text-under-image\">Or rose<\/p>\n                                                                                                <\/div>\n                                            <\/div>\n                                                        <div class=\"media-item\">\n                                                    <div class=\"splide\" id=\"slide-1397408806\" aria-label=\"Diaporama\" role=\"group\">\n                                <div class=\"splide__track\">\n                                    <ul class=\"splide__list\">\n                                                                                    <li class=\"splide__slide\">\n                                                <img decoding=\"async\" src=\"https:\/\/c-secure.eu\/wp-content\/uploads\/2025\/06\/cardholder_engraved_C-secure_rose_back-1.jpg\" alt=\"porte-cartes_grav\u00e9_C-secure_rose_back (1)\"\/>\n                                            <\/li>\n                                                                                    <li class=\"splide__slide\">\n                                                <img decoding=\"async\" src=\"https:\/\/c-secure.eu\/wp-content\/uploads\/2025\/06\/cardholder_engraved_C-secure_rose_front01.jpg\" alt=\"cardholder_engraved_C-secure_rose_front01\"\/>\n                                            <\/li>\n                                                                            <\/ul>\n                                <\/div>\n                            <\/div>\n\n                            \n                            <script>\n                                document.addEventListener('DOMContentLoaded', function () {\n                                    const splide = new Splide('#slide-1397408806', {\n                                        type: 'fade',\n                                        perPage: 1,\n                                        autoplay: true,\n                                        focus: 'center',\n                                        padding: '0%',\n                                        pauseOnHover: false,\n                                        pauseOnFocus: false,\n                                        pagination: true,\n                                        arrows: true,\n                                        speed: 600,\n                                        rewind: true\n                                    });\n\n                                    splide.on('mounted move', function () {\n                                        const slides = splide.Components.Slides.get();\n                                        slides.forEach(slide => {\n                                            slide.slide.classList.remove('is-center');\n                                        });\n\n                                        const current = splide.Components.Slides.getAt(splide.index);\n                                        if (current) {\n                                            current.slide.classList.add('is-center');\n                                        }\n                                    });\n\n                                    splide.mount();\n                                });\n                            <\/script>\n\n                                            <\/div>\n                                    <\/div>\n    <\/div>\n<\/section>","protected":false},"featured_media":19284,"template":"","meta":{"_acf_changed":true},"class_list":["post-19283","product","type-product","status-publish","has-post-thumbnail","hentry"],"acf":[],"_links":{"self":[{"href":"https:\/\/c-secure.eu\/fr\/wp-json\/wp\/v2\/product\/19283","targetHints":{"allow":["GET"]}}],"collection":[{"href":"https:\/\/c-secure.eu\/fr\/wp-json\/wp\/v2\/product"}],"about":[{"href":"https:\/\/c-secure.eu\/fr\/wp-json\/wp\/v2\/types\/product"}],"wp:featuredmedia":[{"embeddable":true,"href":"https:\/\/c-secure.eu\/fr\/wp-json\/wp\/v2\/media\/19284"}],"wp:attachment":[{"href":"https:\/\/c-secure.eu\/fr\/wp-json\/wp\/v2\/media?parent=19283"}],"curies":[{"name":"wp","href":"https:\/\/api.w.org\/{rel}","templated":true}]}}