{"id":19287,"date":"2025-06-04T13:40:13","date_gmt":"2025-06-04T13:40:13","guid":{"rendered":"https:\/\/c-secure.eu\/?post_type=product&#038;p=19287"},"modified":"2025-06-12T11:59:18","modified_gmt":"2025-06-12T11:59:18","slug":"coin-wallet","status":"publish","type":"product","link":"https:\/\/c-secure.eu\/fr\/product\/porte-monnaie\/","title":{"rendered":"Portefeuille avec compartiment \u00e0 pi\u00e8ces"},"content":{"rendered":"<section class=\"media\">\n    <div class=\"boxed two-columns width-boxed\">\n        <span class=\"heading\"><\/span>\n        <div class=\"items\">\n                                                                    <div class=\"media-item\">\n                                                    <div class=\"splide\" id=\"slide-789783165\" aria-label=\"Diaporama\" role=\"group\">\n                                <div class=\"splide__track\">\n                                    <ul class=\"splide__list\">\n                                                                                    <li class=\"splide__slide\">\n                                                <img decoding=\"async\" src=\"https:\/\/c-secure.eu\/wp-content\/uploads\/2025\/06\/C-secure_coin_wallet_2019_front.jpg\" alt=\"\"\/>\n                                            <\/li>\n                                                                                    <li class=\"splide__slide\">\n                                                <img decoding=\"async\" src=\"https:\/\/c-secure.eu\/wp-content\/uploads\/2025\/06\/C-secure_coin_wallet_2019_side2.jpg\" alt=\"\"\/>\n                                            <\/li>\n                                                                            <\/ul>\n                                <\/div>\n                            <\/div>\n\n                            \n                            <script>\n                                document.addEventListener('DOMContentLoaded', function () {\n                                    const splide = new Splide('#slide-789783165', {\n                                        type: 'fade',\n                                        perPage: 1,\n                                        autoplay: true,\n                                        focus: 'center',\n                                        padding: '0%',\n                                        pauseOnHover: false,\n                                        pauseOnFocus: false,\n                                        pagination: true,\n                                        arrows: true,\n                                        speed: 600,\n                                        rewind: true\n                                    });\n\n                                    splide.on('mounted move', function () {\n                                        const slides = splide.Components.Slides.get();\n                                        slides.forEach(slide => {\n                                            slide.slide.classList.remove('is-center');\n                                        });\n\n                                        const current = splide.Components.Slides.getAt(splide.index);\n                                        if (current) {\n                                            current.slide.classList.add('is-center');\n                                        }\n                                    });\n\n                                    splide.mount();\n                                });\n                            <\/script>\n\n                                            <\/div>\n                                                        <div class=\"media-item\">\n                                                    <div class=\"image\">\n                                                                    <img decoding=\"async\" src=\"https:\/\/c-secure.eu\/wp-content\/uploads\/2025\/06\/C-secure_coin_wallet_2019_table.jpg\"\n                                         alt=\"\">\n                                                                                                <\/div>\n                                            <\/div>\n                                    <\/div>\n    <\/div>\n<\/section>\n\n\n\n\n\n<section class=\"texts\">\n    <div class=\"boxed\">\n                    <div class=\"rows\">\n                <div class=\"row row-headings\">\n                                            <div class=\"col heading-col index-0\">\n                                                            <h2 class=\"heading\">Portefeuille avec pochette \u00e0 monnaie<\/h2>\n                                                    <\/div>\n                                    <\/div>\n                <div class=\"row row-content\">\n                                            <div class=\"col content-col index-0\">\n                            <div class=\"content\">\n                                                                    <div id=\"pg-2155-1\" class=\"panel-grid panel-has-style\">\n<div class=\"panel-row-style panel-row-style-for-2155-1\">\n<div id=\"pgc-2155-1-0\" class=\"panel-grid-cell\">\n<div id=\"panel-2155-1-0-0\" class=\"so-panel widget widget_black-studio-tinymce widget_black_studio_tinymce panel-first-child panel-last-child\" data-index=\"2\">\n<div class=\"textwidget\">\n<p>Le classique de C-secure avec de la place pour les pi\u00e8ces de monnaie<\/p>\n<\/div>\n<\/div>\n<\/div>\n<\/div>\n<\/div>\n                                                            <\/div>\n                        <\/div>\n                                    <\/div>\n            <\/div>\n        \t      <\/div>\n<\/section>\n\n\n\n\n<section class=\"texts\">\n    <div class=\"boxed\">\n                    <div class=\"rows\">\n                <div class=\"row row-headings\">\n                                            <div class=\"col heading-col index-0\">\n                                                    <\/div>\n                                            <div class=\"col heading-col index-1\">\n                                                    <\/div>\n                                    <\/div>\n                <div class=\"row row-content\">\n                                            <div class=\"col content-col index-0\">\n                            <div class=\"content\">\n                                                                    <p>Le portefeuille classique c-secure, mais cette fois avec un espace pour les pi\u00e8ces de monnaie. Ces portefeuilles peuvent contenir jusqu'\u00e0 7 cartes et offrent une pochette suppl\u00e9mentaire pour la monnaie. L'\u00e9dition vintage est fabriqu\u00e9e en cuir bovin vintage, grain naturel l\u00e9g\u00e8rement poli. La version classique est en cuir bovin nappa pleine fleur. La gamme prestige est fabriqu\u00e9e en cro\u00fbte de cuir bovin finie.<\/p>\n<p>Tous nos portefeuilles sont \u00e9quip\u00e9s d'un m\u00e9canisme brevet\u00e9 qui facilite l'acc\u00e8s \u00e0 vos cartes.<\/p>\n                                                            <\/div>\n                        <\/div>\n                                            <div class=\"col content-col index-1\">\n                            <div class=\"content\">\n                                                                    <ul>\n<li><b>Mat\u00e9riau :<\/b>\u00a0Cuir classique, cuir vintage, Prestige Pull Up<\/li>\n<li><b><b>Contient et prot\u00e8ge:<\/b><\/b>\u00a04 \u00e0 7 cartes, cartes de visite, papier-monnaie<\/li>\n<li><b>Taille :<\/b>\u00a068 x 95 x 18 mm<\/li>\n<li class=\"translation-block\"><b>Poids:<\/b> 72 grammes<\/li>\n<\/ul>\n<p><em>*Pour tous nos portefeuilles, nous utilisons du cuir produit par Mastrotto en Italie. Il s'agit d'un cuir de haute qualit\u00e9, tann\u00e9 dans de bonnes conditions de travail et dans le respect de l'environnement.<\/em><\/p>\n<ul>\n<li style=\"list-style-type: none;\"><\/li>\n<\/ul>\n                                                            <\/div>\n                        <\/div>\n                                    <\/div>\n            <\/div>\n        \t      <\/div>\n<\/section>\n\n\n\n\n<section class=\"media\">\n    <div class=\"boxed six-columns width-boxed\">\n        <span class=\"heading\">Nouvelle \u00e9dition d'\u00e9t\u00e9 :<\/span>\n        <div class=\"items\">\n                                                                    <div class=\"media-item\">\n                                                    <div class=\"image\">\n                                                                    <img decoding=\"async\" src=\"https:\/\/c-secure.eu\/wp-content\/uploads\/2025\/06\/C-secure_coinwallet_Orchidea.jpg\"\n                                         alt=\"\">\n                                                                            <p class=\"text-under-image\">Orchid\u00e9e<\/p>\n                                                                                                <\/div>\n                                            <\/div>\n                                                        <div class=\"media-item\">\n                                                    <div class=\"image\">\n                                                                    <img decoding=\"async\" src=\"https:\/\/c-secure.eu\/wp-content\/uploads\/2025\/06\/C-secure_coinwallet_Lime.jpg\"\n                                         alt=\"\">\n                                                                            <p class=\"text-under-image\">Chaux<\/p>\n                                                                                                <\/div>\n                                            <\/div>\n                                                        <div class=\"media-item\">\n                                                    <div class=\"image\">\n                                                                    <img decoding=\"async\" src=\"https:\/\/c-secure.eu\/wp-content\/uploads\/2025\/06\/C-secure_coinwallet_LiliumOrange.jpg\"\n                                         alt=\"\">\n                                                                            <p class=\"text-under-image\">Orchid\u00e9e<\/p>\n                                                                                                <\/div>\n                                            <\/div>\n                                    <\/div>\n    <\/div>\n<\/section>\n\n\n\n\n\n<section class=\"media\">\n    <div class=\"boxed six-columns width-boxed\">\n        <span class=\"heading\">Cuir vintage :<\/span>\n        <div class=\"items\">\n                                                                    <div class=\"media-item\">\n                                                    <div class=\"image\">\n                                                                    <img decoding=\"async\" src=\"https:\/\/c-secure.eu\/wp-content\/uploads\/2025\/06\/C-secure_Blackwood_coinwallet.jpg\"\n                                         alt=\"\">\n                                                                            <p class=\"text-under-image\">Bois noir<\/p>\n                                                                                                <\/div>\n                                            <\/div>\n                                                        <div class=\"media-item\">\n                                                    <div class=\"image\">\n                                                                    <img decoding=\"async\" src=\"https:\/\/c-secure.eu\/wp-content\/uploads\/2025\/06\/C-secure_Gognac_coinwallet.jpg\"\n                                         alt=\"\">\n                                                                            <p class=\"text-under-image\">Cognac<\/p>\n                                                                                                <\/div>\n                                            <\/div>\n                                                        <div class=\"media-item\">\n                                                    <div class=\"image\">\n                                                                    <img decoding=\"async\" src=\"https:\/\/c-secure.eu\/wp-content\/uploads\/2025\/06\/C-secure_Bordeaux_coinwallet.jpg\"\n                                         alt=\"\">\n                                                                            <p class=\"text-under-image\">Bordeaux<\/p>\n                                                                                                <\/div>\n                                            <\/div>\n                                                        <div class=\"media-item\">\n                                                    <div class=\"image\">\n                                                                    <img decoding=\"async\" src=\"https:\/\/c-secure.eu\/wp-content\/uploads\/2025\/06\/C-secure_coin_wallet_Brown.jpg\"\n                                         alt=\"\">\n                                                                            <p class=\"text-under-image\">Marron<\/p>\n                                                                                                <\/div>\n                                            <\/div>\n                                                        <div class=\"media-item\">\n                                                    <div class=\"image\">\n                                                                    <img decoding=\"async\" src=\"https:\/\/c-secure.eu\/wp-content\/uploads\/2025\/06\/C-secure_coin_wallet_Buffalo.jpg\"\n                                         alt=\"\">\n                                                                            <p class=\"text-under-image\">Buffalo<\/p>\n                                                                                                <\/div>\n                                            <\/div>\n                                    <\/div>\n    <\/div>\n<\/section>\n\n\n\n\n\n<section class=\"media\">\n    <div class=\"boxed six-columns width-boxed\">\n        <span class=\"heading\">Cuir classique :<\/span>\n        <div class=\"items\">\n                                                                    <div class=\"media-item\">\n                                                    <div class=\"image\">\n                                                                    <img decoding=\"async\" src=\"https:\/\/c-secure.eu\/wp-content\/uploads\/2025\/06\/C-secure_Black_Nero_coinwallet.jpg\"\n                                         alt=\"\">\n                                                                            <p class=\"text-under-image\">Noir Nero<\/p>\n                                                                                                <\/div>\n                                            <\/div>\n                                                        <div class=\"media-item\">\n                                                    <div class=\"image\">\n                                                                    <img decoding=\"async\" src=\"https:\/\/c-secure.eu\/wp-content\/uploads\/2025\/06\/IMG_3515-Ciliegia-768x512_coinwallet.jpg\"\n                                         alt=\"\">\n                                                                            <p class=\"text-under-image\">Ciliegia<\/p>\n                                                                                                <\/div>\n                                            <\/div>\n                                                        <div class=\"media-item\">\n                                                    <div class=\"image\">\n                                                                    <img decoding=\"async\" src=\"https:\/\/c-secure.eu\/wp-content\/uploads\/2025\/06\/C-secure_coin_wallet_Blue_Marino.jpg\"\n                                         alt=\"\">\n                                                                            <p class=\"text-under-image\">Marin bleu<\/p>\n                                                                                                <\/div>\n                                            <\/div>\n                                    <\/div>\n    <\/div>\n<\/section>\n\n\n\n\n\n<section class=\"media\">\n    <div class=\"boxed four-columns width-boxed\">\n        <span class=\"heading\"><\/span>\n        <div class=\"items\">\n                                                                    <div class=\"media-item\">\n                                                    <div class=\"image\">\n                                                                    <img decoding=\"async\" src=\"https:\/\/c-secure.eu\/wp-content\/uploads\/2025\/06\/Olive-green_coinwallet.jpg\"\n                                         alt=\"\">\n                                                                            <p class=\"text-under-image\">Vert olive<\/p>\n                                                                                                <\/div>\n                                            <\/div>\n                                                        <div class=\"media-item\">\n                                                    <div class=\"image\">\n                                                                    <a href=\"https:\/\/c-secure.eu\/wp-content\/uploads\/2025\/06\/Olive-Green-3_open_inside_whiteBG.jpg\"\n                                       class=\"glightbox\"\n                                       data-gallery=\"media-gallery\"\n                                       aria-label=\"\">\n                                        <img decoding=\"async\" src=\"https:\/\/c-secure.eu\/wp-content\/uploads\/2025\/06\/Olive-Green-3_open_inside_whiteBG.jpg\"\n                                             alt=\"\">\n                                    <\/a>\n                                    \n                                                            <\/div>\n                                            <\/div>\n                                    <\/div>\n    <\/div>\n<\/section>\n\n\n\n\n\n<section class=\"media\">\n    <div class=\"boxed six-columns width-boxed\">\n        <span class=\"heading\">\u00c9ditions limit\u00e9es :<\/span>\n        <div class=\"items\">\n                                                                    <div class=\"media-item\">\n                                                    <div class=\"image\">\n                                                                    <img decoding=\"async\" src=\"https:\/\/c-secure.eu\/wp-content\/uploads\/2025\/06\/C-secure_coinwallet_Naval.jpg\"\n                                         alt=\"\">\n                                                                            <p class=\"text-under-image\">Naval<\/p>\n                                                                                                <\/div>\n                                            <\/div>\n                                                        <div class=\"media-item\">\n                                                    <div class=\"image\">\n                                                                    <img decoding=\"async\" src=\"https:\/\/c-secure.eu\/wp-content\/uploads\/2025\/06\/C-secure_coinwallet_Purple.jpg\"\n                                         alt=\"\">\n                                                                            <p class=\"text-under-image\">Cardinale<\/p>\n                                                                                                <\/div>\n                                            <\/div>\n                                                        <div class=\"media-item\">\n                                                    <div class=\"image\">\n                                                                    <img decoding=\"async\" src=\"https:\/\/c-secure.eu\/wp-content\/uploads\/2025\/06\/C-secure_coinwallet_Auburn.jpg\"\n                                         alt=\"\">\n                                                                            <p class=\"text-under-image\">Auburn<\/p>\n                                                                                                <\/div>\n                                            <\/div>\n                                    <\/div>\n    <\/div>\n<\/section>\n\n\n\n\n\n<section class=\"media\">\n    <div class=\"boxed six-columns width-boxed\">\n        <span class=\"heading\">Edition limit\u00e9e Cuir m\u00e9tallis\u00e9<\/span>\n        <div class=\"items\">\n                                                                    <div class=\"media-item\">\n                                                    <div class=\"image\">\n                                                                    <img decoding=\"async\" src=\"https:\/\/c-secure.eu\/wp-content\/uploads\/2025\/06\/Red-Metallic-coin.jpg\"\n                                         alt=\"\">\n                                                                            <p class=\"text-under-image\">Cuir rouge m\u00e9tallis\u00e9<\/p>\n                                                                                                <\/div>\n                                            <\/div>\n                                                        <div class=\"media-item\">\n                                                    <div class=\"image\">\n                                                                    <img decoding=\"async\" src=\"https:\/\/c-secure.eu\/wp-content\/uploads\/2025\/06\/Blue-Metallic-coin.jpg\"\n                                         alt=\"\">\n                                                                            <p class=\"text-under-image\">Cuir bleu m\u00e9tallis\u00e9<\/p>\n                                                                                                <\/div>\n                                            <\/div>\n                                    <\/div>\n    <\/div>\n<\/section>","protected":false},"featured_media":19288,"template":"","meta":{"_acf_changed":true},"class_list":["post-19287","product","type-product","status-publish","has-post-thumbnail","hentry"],"acf":[],"_links":{"self":[{"href":"https:\/\/c-secure.eu\/fr\/wp-json\/wp\/v2\/product\/19287","targetHints":{"allow":["GET"]}}],"collection":[{"href":"https:\/\/c-secure.eu\/fr\/wp-json\/wp\/v2\/product"}],"about":[{"href":"https:\/\/c-secure.eu\/fr\/wp-json\/wp\/v2\/types\/product"}],"wp:featuredmedia":[{"embeddable":true,"href":"https:\/\/c-secure.eu\/fr\/wp-json\/wp\/v2\/media\/19288"}],"wp:attachment":[{"href":"https:\/\/c-secure.eu\/fr\/wp-json\/wp\/v2\/media?parent=19287"}],"curies":[{"name":"wp","href":"https:\/\/api.w.org\/{rel}","templated":true}]}}