{"id":19289,"date":"2025-06-04T13:40:28","date_gmt":"2025-06-04T13:40:28","guid":{"rendered":"https:\/\/c-secure.eu\/?post_type=product&#038;p=19289"},"modified":"2025-06-12T14:18:43","modified_gmt":"2025-06-12T14:18:43","slug":"xl-cardholder","status":"publish","type":"product","link":"https:\/\/c-secure.eu\/fr\/product\/porte-cartes-xl\/","title":{"rendered":"Porte-cartes XL"},"content":{"rendered":"<section class=\"media\">\n    <div class=\"boxed two-columns width-boxed\">\n        <span class=\"heading\"><\/span>\n        <div class=\"items\">\n                                                                    <div class=\"media-item\">\n                                                    <div class=\"image\">\n                                                                    <a href=\"https:\/\/c-secure.eu\/wp-content\/uploads\/2025\/06\/XL_Cardholder_C-secure_2019_01.jpg\"\n                                       class=\"glightbox\"\n                                       data-gallery=\"media-gallery\"\n                                       aria-label=\"Porte-cartes XL\">\n                                        <img decoding=\"async\" src=\"https:\/\/c-secure.eu\/wp-content\/uploads\/2025\/06\/XL_Cardholder_C-secure_2019_01.jpg\"\n                                             alt=\"Porte-cartes XL\">\n                                    <\/a>\n                                    \n                                                            <\/div>\n                                            <\/div>\n                                                        <div class=\"media-item\">\n                                                    <div class=\"image\">\n                                                                    <img decoding=\"async\" src=\"https:\/\/c-secure.eu\/wp-content\/uploads\/2025\/06\/XL_Cardholder_C-secure_2019_02.jpg\"\n                                         alt=\"Porte-cartes XL\">\n                                                                                                <\/div>\n                                            <\/div>\n                                    <\/div>\n    <\/div>\n<\/section>\n\n\n\n\n\n<section class=\"texts\">\n    <div class=\"boxed\">\n                    <div class=\"rows\">\n                <div class=\"row row-headings\">\n                                            <div class=\"col heading-col index-0\">\n                                                            <h2 class=\"heading\">Porte-cartes XL<\/h2>\n                                                    <\/div>\n                                    <\/div>\n                <div class=\"row row-content\">\n                                            <div class=\"col content-col index-0\">\n                            <div class=\"content\">\n                                                                    <p>Design intelligent<\/p>\n                                                            <\/div>\n                        <\/div>\n                                    <\/div>\n            <\/div>\n        \t      <\/div>\n<\/section>\n\n\n\n\n<section class=\"texts\">\n    <div class=\"boxed\">\n                    <div class=\"rows\">\n                <div class=\"row row-headings\">\n                                            <div class=\"col heading-col index-0\">\n                                                    <\/div>\n                                            <div class=\"col heading-col index-1\">\n                                                    <\/div>\n                                    <\/div>\n                <div class=\"row row-content\">\n                                            <div class=\"col content-col index-0\">\n                            <div class=\"content\">\n                                                                    <p>Dites bonjour \u00e0 la version XL de notre porte-cartes durable et minimaliste. Disponible en plusieurs couleurs, il s'adresse aux personnes qui aiment le design \u00e9pur\u00e9 mais qui ont besoin d'espace. Le porte-cartes XL prot\u00e8ge jusqu'\u00e0 12 cartes contre l'usure et l'\u00e9cr\u00e9mage.<\/p>\n                                                            <\/div>\n                        <\/div>\n                                            <div class=\"col content-col index-1\">\n                            <div class=\"content\">\n                                                                    <ul>\n<li class=\"translation-block\"><b>Mat\u00e9riau:<\/b> Aluminium durable<\/li>\n<li><b><b>Contient et prot\u00e8ge:<\/b><\/b>\u00a08 \u00e0 12 cartes<\/li>\n<li><b>Taille :<\/b>\u00a068 x 95 x 12 mm<\/li>\n<li><b><b>Poids:<\/b> 45 grammes<\/b>\u00a065 grammes<\/li>\n<\/ul>\n                                                            <\/div>\n                        <\/div>\n                                    <\/div>\n            <\/div>\n        \t      <\/div>\n<\/section>\n\n\n\n\n<section class=\"media\">\n    <div class=\"boxed seven-columns width-boxed\">\n        <span class=\"heading\"><\/span>\n        <div class=\"items\">\n                                                                    <div class=\"media-item\">\n                                                    <div class=\"image\">\n                                                                    <img decoding=\"async\" src=\"https:\/\/c-secure.eu\/wp-content\/uploads\/2025\/06\/XL_Cardholder_C-secure_blue02.jpg\"\n                                         alt=\"Porte-cartes XL bleu\">\n                                                                            <p class=\"text-under-image\">Blue<\/p>\n                                                                                                <\/div>\n                                            <\/div>\n                                                        <div class=\"media-item\">\n                                                    <div class=\"image\">\n                                                                    <img decoding=\"async\" src=\"https:\/\/c-secure.eu\/wp-content\/uploads\/2025\/06\/XL_Cardholder_C-secure_red02.jpg\"\n                                         alt=\"Porte-cartes XL Bordeaux\">\n                                                                            <p class=\"text-under-image\">Bordeaux<\/p>\n                                                                                                <\/div>\n                                            <\/div>\n                                                        <div class=\"media-item\">\n                                                    <div class=\"image\">\n                                                                    <img decoding=\"async\" src=\"https:\/\/c-secure.eu\/wp-content\/uploads\/2025\/06\/XL_Cardholder_C-secure_champagne02.jpg\"\n                                         alt=\"Porte-cartes XL Champagne Gold\">\n                                                                            <p class=\"text-under-image\">Champagne<\/p>\n                                                                                                <\/div>\n                                            <\/div>\n                                                        <div class=\"media-item\">\n                                                    <div class=\"image\">\n                                                                    <img decoding=\"async\" src=\"https:\/\/c-secure.eu\/wp-content\/uploads\/2025\/06\/XL_Cardholder_C-secure_silver02.jpg\"\n                                         alt=\"Porte-cartes XL Argent\">\n                                                                            <p class=\"text-under-image\">Argent<\/p>\n                                                                                                <\/div>\n                                            <\/div>\n                                                        <div class=\"media-item\">\n                                                    <div class=\"image\">\n                                                                    <img decoding=\"async\" src=\"https:\/\/c-secure.eu\/wp-content\/uploads\/2025\/06\/XL_Cardholder_C-secure_black01.jpg\"\n                                         alt=\"Porte-cartes XL noir\">\n                                                                            <p class=\"text-under-image\">Noir<\/p>\n                                                                                                <\/div>\n                                            <\/div>\n                                                        <div class=\"media-item\">\n                                                    <div class=\"image\">\n                                                                    <img decoding=\"async\" src=\"https:\/\/c-secure.eu\/wp-content\/uploads\/2025\/06\/XL_Cardholder_C-secure_brown02.jpg\"\n                                         alt=\"Porte-cartes XL marron\">\n                                                                            <p class=\"text-under-image\">Marron<\/p>\n                                                                                                <\/div>\n                                            <\/div>\n                                                        <div class=\"media-item\">\n                                                    <div class=\"image\">\n                                                                    <img decoding=\"async\" src=\"https:\/\/c-secure.eu\/wp-content\/uploads\/2025\/06\/XL_Cardholder_C-secure_grey02.jpg\"\n                                         alt=\"Porte-cartes XL gris\">\n                                                                            <p class=\"text-under-image\">Gris<\/p>\n                                                                                                <\/div>\n                                            <\/div>\n                                    <\/div>\n    <\/div>\n<\/section>\n\n\n\n\n\n<section class=\"texts\">\n    <div class=\"boxed\">\n                    <div class=\"rows\">\n                <div class=\"row row-headings\">\n                                            <div class=\"col heading-col index-0\">\n                                                    <\/div>\n                                    <\/div>\n                <div class=\"row row-content\">\n                                            <div class=\"col content-col index-0\">\n                            <div class=\"content\">\n                                                                    <p><strong>Porte-cartes grav\u00e9s aspect marbre (NOUVEAU Edition sp\u00e9ciale)<\/strong><\/p>\n<p>Dites bonjour \u00e0 la version XL de cette \u00e9dition sp\u00e9ciale de ce porte-cartes durable et minimaliste. Disponible en plusieurs couleurs, il s'adresse aux personnes qui aiment le design \u00e9pur\u00e9 mais qui ont besoin d'un peu de classe et d'espace. Nos porte-cartes grav\u00e9s en marbre sont disponibles en trois couleurs : noir, gris et or rose. Ils sont con\u00e7us pour durer et prot\u00e9ger jusqu'\u00e0 12 cartes contre l'usure et l'\u00e9cr\u00e9mage.<\/p>\n                                                            <\/div>\n                        <\/div>\n                                    <\/div>\n            <\/div>\n        \t      <\/div>\n<\/section>\n\n\n\n\n<section class=\"media\">\n    <div class=\"boxed six-columns width-boxed\">\n        <span class=\"heading\"><\/span>\n        <div class=\"items\">\n                                                                    <div class=\"media-item\">\n                                                    <div class=\"image\">\n                                                                    <img decoding=\"async\" src=\"https:\/\/c-secure.eu\/wp-content\/uploads\/2025\/06\/XLcardholder_engraved_C-secure_black_Side.jpg\"\n                                         alt=\"Porte-cartes XL noir\">\n                                                                            <p class=\"text-under-image\">Noir<\/p>\n                                                                                                <\/div>\n                                            <\/div>\n                                                        <div class=\"media-item\">\n                                                    <div class=\"image\">\n                                                                    <img decoding=\"async\" src=\"https:\/\/c-secure.eu\/wp-content\/uploads\/2025\/06\/XLcardholder_engraved_C-secure_Grey_Side.jpg\"\n                                         alt=\"Porte-cartes XL gris\">\n                                                                            <p class=\"text-under-image\">Gris<\/p>\n                                                                                                <\/div>\n                                            <\/div>\n                                                        <div class=\"media-item\">\n                                                    <div class=\"image\">\n                                                                    <img decoding=\"async\" src=\"https:\/\/c-secure.eu\/wp-content\/uploads\/2025\/06\/XLcardholder_engraved_C-secure_Rose_Side.jpg\"\n                                         alt=\"XL Cardholder Rose Gold\">\n                                                                            <p class=\"text-under-image\">Or rose<\/p>\n                                                                                                <\/div>\n                                            <\/div>\n                                                        <div class=\"media-item\">\n                                                    <div class=\"splide\" id=\"slide-800528431\" aria-label=\"Diaporama\" role=\"group\">\n                                <div class=\"splide__track\">\n                                    <ul class=\"splide__list\">\n                                                                                    <li class=\"splide__slide\">\n                                                <img decoding=\"async\" src=\"https:\/\/c-secure.eu\/wp-content\/uploads\/2025\/06\/XLcardholder_engraved_C-secure_black_front.jpg\" alt=\"XLportefeuille_grav\u00e9_C-secure_noir_front\"\/>\n                                            <\/li>\n                                                                                    <li class=\"splide__slide\">\n                                                <img decoding=\"async\" src=\"https:\/\/c-secure.eu\/wp-content\/uploads\/2025\/06\/XLcardholder_engraved_C-secure_black_back-1.jpg\" alt=\"XLcardholder_engraved_C-secure_black_back (1)\"\/>\n                                            <\/li>\n                                                                            <\/ul>\n                                <\/div>\n                            <\/div>\n\n                            \n                            <script>\n                                document.addEventListener('DOMContentLoaded', function () {\n                                    const splide = new Splide('#slide-800528431', {\n                                        type: 'fade',\n                                        perPage: 1,\n                                        autoplay: true,\n                                        focus: 'center',\n                                        padding: '0%',\n                                        pauseOnHover: false,\n                                        pauseOnFocus: false,\n                                        pagination: true,\n                                        arrows: true,\n                                        speed: 600,\n                                        rewind: true\n                                    });\n\n                                    splide.on('mounted move', function () {\n                                        const slides = splide.Components.Slides.get();\n                                        slides.forEach(slide => {\n                                            slide.slide.classList.remove('is-center');\n                                        });\n\n                                        const current = splide.Components.Slides.getAt(splide.index);\n                                        if (current) {\n                                            current.slide.classList.add('is-center');\n                                        }\n                                    });\n\n                                    splide.mount();\n                                });\n                            <\/script>\n\n                                            <\/div>\n                                    <\/div>\n    <\/div>\n<\/section>","protected":false},"featured_media":19291,"template":"","meta":{"_acf_changed":true},"class_list":["post-19289","product","type-product","status-publish","has-post-thumbnail","hentry"],"acf":[],"_links":{"self":[{"href":"https:\/\/c-secure.eu\/fr\/wp-json\/wp\/v2\/product\/19289","targetHints":{"allow":["GET"]}}],"collection":[{"href":"https:\/\/c-secure.eu\/fr\/wp-json\/wp\/v2\/product"}],"about":[{"href":"https:\/\/c-secure.eu\/fr\/wp-json\/wp\/v2\/types\/product"}],"wp:featuredmedia":[{"embeddable":true,"href":"https:\/\/c-secure.eu\/fr\/wp-json\/wp\/v2\/media\/19291"}],"wp:attachment":[{"href":"https:\/\/c-secure.eu\/fr\/wp-json\/wp\/v2\/media?parent=19289"}],"curies":[{"name":"wp","href":"https:\/\/api.w.org\/{rel}","templated":true}]}}