{"id":19292,"date":"2025-06-04T13:40:37","date_gmt":"2025-06-04T13:40:37","guid":{"rendered":"https:\/\/c-secure.eu\/?post_type=product&#038;p=19292"},"modified":"2025-06-12T14:20:26","modified_gmt":"2025-06-12T14:20:26","slug":"xl-coinwallet","status":"publish","type":"product","link":"https:\/\/c-secure.eu\/fr\/product\/porte-monnaie-xl\/","title":{"rendered":"Porte-monnaie XL"},"content":{"rendered":"<section class=\"media\">\n    <div class=\"boxed two-columns width-boxed\">\n        <span class=\"heading\"><\/span>\n        <div class=\"items\">\n                                                                    <div class=\"media-item\">\n                                                    <div class=\"splide\" id=\"slide-895716243\" aria-label=\"Diaporama\" role=\"group\">\n                                <div class=\"splide__track\">\n                                    <ul class=\"splide__list\">\n                                                                                    <li class=\"splide__slide\">\n                                                <img decoding=\"async\" src=\"https:\/\/c-secure.eu\/wp-content\/uploads\/2025\/06\/XL_Wallet_C-secure_2019_001-1.jpg\" alt=\"XL_Wallet_C-secure_2019_001 (1)\"\/>\n                                            <\/li>\n                                                                                    <li class=\"splide__slide\">\n                                                <img decoding=\"async\" src=\"https:\/\/c-secure.eu\/wp-content\/uploads\/2025\/06\/XL_Wallet_C-secure_2019_002.jpg\" alt=\"XL_Wallet_C-secure_2019_002\"\/>\n                                            <\/li>\n                                                                            <\/ul>\n                                <\/div>\n                            <\/div>\n\n                            \n                            <script>\n                                document.addEventListener('DOMContentLoaded', function () {\n                                    const splide = new Splide('#slide-895716243', {\n                                        type: 'fade',\n                                        perPage: 1,\n                                        autoplay: true,\n                                        focus: 'center',\n                                        padding: '0%',\n                                        pauseOnHover: false,\n                                        pauseOnFocus: false,\n                                        pagination: true,\n                                        arrows: true,\n                                        speed: 600,\n                                        rewind: true\n                                    });\n\n                                    splide.on('mounted move', function () {\n                                        const slides = splide.Components.Slides.get();\n                                        slides.forEach(slide => {\n                                            slide.slide.classList.remove('is-center');\n                                        });\n\n                                        const current = splide.Components.Slides.getAt(splide.index);\n                                        if (current) {\n                                            current.slide.classList.add('is-center');\n                                        }\n                                    });\n\n                                    splide.mount();\n                                });\n                            <\/script>\n\n                                            <\/div>\n                                                        <div class=\"media-item\">\n                                                    <div class=\"image\">\n                                                                    <img decoding=\"async\" src=\"https:\/\/c-secure.eu\/wp-content\/uploads\/2025\/06\/XL_Wallet_C-secure_2019_overview.jpg\"\n                                         alt=\"Porte-monnaie XL\">\n                                                                                                <\/div>\n                                            <\/div>\n                                    <\/div>\n    <\/div>\n<\/section>\n\n\n\n\n\n<section class=\"texts\">\n    <div class=\"boxed\">\n                    <div class=\"rows\">\n                <div class=\"row row-headings\">\n                                            <div class=\"col heading-col index-0\">\n                                                            <h2 class=\"heading\">Porte-monnaie XL (nouveau)<\/h2>\n                                                    <\/div>\n                                    <\/div>\n                <div class=\"row row-content\">\n                                            <div class=\"col content-col index-0\">\n                            <div class=\"content\">\n                                                                    <p>Une collection \u00e9l\u00e9gante pour ceux qui aiment avoir un peu plus d'espace.<\/p>\n                                                            <\/div>\n                        <\/div>\n                                    <\/div>\n            <\/div>\n        \t      <\/div>\n<\/section>\n\n\n\n\n<section class=\"texts\">\n    <div class=\"boxed\">\n                    <div class=\"rows\">\n                <div class=\"row row-headings\">\n                                            <div class=\"col heading-col index-0\">\n                                                    <\/div>\n                                            <div class=\"col heading-col index-1\">\n                                                    <\/div>\n                                    <\/div>\n                <div class=\"row row-content\">\n                                            <div class=\"col content-col index-0\">\n                            <div class=\"content\">\n                                                                    <p>Dites bonjour \u00e0 nos porte-monnaie XL. Une collection \u00e9l\u00e9gante pour ceux qui aiment avoir un peu plus d'espace. Les porte-monnaie XL peuvent contenir jusqu'\u00e0 12 cartes et offrent une pochette suppl\u00e9mentaire pour la monnaie. Tous les portefeuilles sont fabriqu\u00e9s en cuir bovin classique pleine fleur d'origine europ\u00e9enne. Ils sont teints \u00e0 l'aniline et finis avec des huiles, des cires naturelles et des r\u00e9sines. L'ext\u00e9rieur a un toucher ferme et cireux et un aspect brillant avec un l\u00e9ger effet bicolore.<\/p>\n<p>Tous nos portefeuilles sont \u00e9quip\u00e9s d'un m\u00e9canisme brevet\u00e9 qui facilite l'acc\u00e8s \u00e0 vos cartes.<\/p>\n                                                            <\/div>\n                        <\/div>\n                                            <div class=\"col content-col index-1\">\n                            <div class=\"content\">\n                                                                    <ul>\n<li><b>Mat\u00e9riau :<\/b>\u00a0Cuir bovin pleine fleur classique d'origine europ\u00e9enne<\/li>\n<li><b><b>Contient et prot\u00e8ge:<\/b><\/b>\u00a08 \u00e0 12 cartes, cartes de visite, papier-monnaie et pi\u00e8ces de monnaie.<\/li>\n<li><b>Taille :<\/b>\u00a070 x 100 x 25 mm<\/li>\n<li><b><b>Poids:<\/b> 45 grammes<\/b>\u00a090 grammes<\/li>\n<\/ul>\n<p><em>*Pour tous nos portefeuilles, nous utilisons du cuir produit par Mastrotto en Italie. Il s'agit d'un cuir de haute qualit\u00e9, tann\u00e9 dans de bonnes conditions de travail et dans le respect de l'environnement.<\/em><\/p>\n                                                            <\/div>\n                        <\/div>\n                                    <\/div>\n            <\/div>\n        \t      <\/div>\n<\/section>\n\n\n\n\n<section class=\"media\">\n    <div class=\"boxed five-columns width-boxed\">\n        <span class=\"heading\"><\/span>\n        <div class=\"items\">\n                                                                    <div class=\"media-item\">\n                                                    <div class=\"image\">\n                                                                    <img decoding=\"async\" src=\"https:\/\/c-secure.eu\/wp-content\/uploads\/2025\/06\/C-secure_XL_coinwallet_Nero.jpg\"\n                                         alt=\"XL Porte-monnaie Nero\">\n                                                                            <p class=\"text-under-image\">Nero<\/p>\n                                                                                                <\/div>\n                                            <\/div>\n                                                        <div class=\"media-item\">\n                                                    <div class=\"image\">\n                                                                    <img decoding=\"async\" src=\"https:\/\/c-secure.eu\/wp-content\/uploads\/2025\/06\/C-secure_XL_coinwallet_Mogano.jpg\"\n                                         alt=\"XL Porte-monnaie Mogano\">\n                                                                            <p class=\"text-under-image\">Mogano<\/p>\n                                                                                                <\/div>\n                                            <\/div>\n                                                        <div class=\"media-item\">\n                                                    <div class=\"image\">\n                                                                    <img decoding=\"async\" src=\"https:\/\/c-secure.eu\/wp-content\/uploads\/2025\/06\/C-secure_XL_coinwallet_Chestnut.jpg\"\n                                         alt=\"XL Porte-monnaie Ch\u00e2taigne\">\n                                                                            <p class=\"text-under-image\">Marron<\/p>\n                                                                                                <\/div>\n                                            <\/div>\n                                                        <div class=\"media-item\">\n                                                    <div class=\"image\">\n                                                                    <img decoding=\"async\" src=\"https:\/\/c-secure.eu\/wp-content\/uploads\/2025\/06\/C-secure_XL_coinwallet_Chic.jpg\"\n                                         alt=\"XL Porte-monnaie Chic\">\n                                                                            <p class=\"text-under-image\">Chic<\/p>\n                                                                                                <\/div>\n                                            <\/div>\n                                    <\/div>\n    <\/div>\n<\/section>\n\n\n\n\n\n<section class=\"media\">\n    <div class=\"boxed five-columns width-boxed\">\n        <span class=\"heading\"><\/span>\n        <div class=\"items\">\n                                                                    <div class=\"media-item\">\n                                                    <div class=\"image\">\n                                                                    <img decoding=\"async\" src=\"https:\/\/c-secure.eu\/wp-content\/uploads\/2025\/06\/C-secure_XL_coinwallet_Cobalt.jpg\"\n                                         alt=\"Porte-monnaie XL Cobalt\">\n                                                                            <p class=\"text-under-image\">Cobalt<\/p>\n                                                                                                <\/div>\n                                            <\/div>\n                                                        <div class=\"media-item\">\n                                                    <div class=\"image\">\n                                                                    <img decoding=\"async\" src=\"https:\/\/c-secure.eu\/wp-content\/uploads\/2025\/06\/C-secure_XL_coinwallet_Red.jpg\"\n                                         alt=\"Porte-monnaie XL Rouge\">\n                                                                            <p class=\"text-under-image\">Rouge<\/p>\n                                                                                                <\/div>\n                                            <\/div>\n                                                        <div class=\"media-item\">\n                                                    <div class=\"image\">\n                                                                    <img decoding=\"async\" src=\"https:\/\/c-secure.eu\/wp-content\/uploads\/2025\/06\/C-secure_XL_coinwallet_Arancio.jpg\"\n                                         alt=\"XL Porte-monnaie Arancio\">\n                                                                            <p class=\"text-under-image\">Arancio<\/p>\n                                                                                                <\/div>\n                                            <\/div>\n                                    <\/div>\n    <\/div>\n<\/section>\n\n\n\n\n\n<section class=\"media\">\n    <div class=\"boxed five-columns width-boxed\">\n        <span class=\"heading\">Edition limit\u00e9e Cuir m\u00e9tallis\u00e9<\/span>\n        <div class=\"items\">\n                                                                    <div class=\"media-item\">\n                                                    <div class=\"image\">\n                                                                    <img decoding=\"async\" src=\"https:\/\/c-secure.eu\/wp-content\/uploads\/2025\/06\/Blue-Metallic-coin-XL.jpg\"\n                                         alt=\"XL Porte-monnaie Bleu M\u00e9tallique\">\n                                                                            <p class=\"text-under-image\">Cuir bleu m\u00e9tallis\u00e9<\/p>\n                                                                                                <\/div>\n                                            <\/div>\n                                                        <div class=\"media-item\">\n                                                    <div class=\"image\">\n                                                                    <img decoding=\"async\" src=\"https:\/\/c-secure.eu\/wp-content\/uploads\/2025\/06\/Red-Metallic-coin-XL.jpg\"\n                                         alt=\"XL Porte-monnaie Rouge M\u00e9tallique\">\n                                                                            <p class=\"text-under-image\">Cuir rouge m\u00e9tallis\u00e9<\/p>\n                                                                                                <\/div>\n                                            <\/div>\n                                    <\/div>\n    <\/div>\n<\/section>","protected":false},"featured_media":19290,"template":"","meta":{"_acf_changed":true},"class_list":["post-19292","product","type-product","status-publish","has-post-thumbnail","hentry"],"acf":[],"_links":{"self":[{"href":"https:\/\/c-secure.eu\/fr\/wp-json\/wp\/v2\/product\/19292","targetHints":{"allow":["GET"]}}],"collection":[{"href":"https:\/\/c-secure.eu\/fr\/wp-json\/wp\/v2\/product"}],"about":[{"href":"https:\/\/c-secure.eu\/fr\/wp-json\/wp\/v2\/types\/product"}],"wp:featuredmedia":[{"embeddable":true,"href":"https:\/\/c-secure.eu\/fr\/wp-json\/wp\/v2\/media\/19290"}],"wp:attachment":[{"href":"https:\/\/c-secure.eu\/fr\/wp-json\/wp\/v2\/media?parent=19292"}],"curies":[{"name":"wp","href":"https:\/\/api.w.org\/{rel}","templated":true}]}}