{"id":19293,"date":"2025-06-04T13:40:50","date_gmt":"2025-06-04T13:40:50","guid":{"rendered":"https:\/\/c-secure.eu\/?post_type=product&#038;p=19293"},"modified":"2025-06-12T14:23:01","modified_gmt":"2025-06-12T14:23:01","slug":"xl-wallet","status":"publish","type":"product","link":"https:\/\/c-secure.eu\/fr\/product\/portefeuille-xl\/","title":{"rendered":"Portefeuille XL"},"content":{"rendered":"<section class=\"media\">\n    <div class=\"boxed two-columns width-boxed\">\n        <span class=\"heading\"><\/span>\n        <div class=\"items\">\n                                                                    <div class=\"media-item\">\n                                                    <div class=\"splide\" id=\"slide-1782133419\" aria-label=\"Diaporama\" role=\"group\">\n                                <div class=\"splide__track\">\n                                    <ul class=\"splide__list\">\n                                                                                    <li class=\"splide__slide\">\n                                                <img decoding=\"async\" src=\"https:\/\/c-secure.eu\/wp-content\/uploads\/2025\/06\/XL_Wallet_C-secure_2019_01-1.jpg\" alt=\"\"\/>\n                                            <\/li>\n                                                                                    <li class=\"splide__slide\">\n                                                <img decoding=\"async\" src=\"https:\/\/c-secure.eu\/wp-content\/uploads\/2025\/06\/XL_Wallet_C-secure_2019_02.jpg\" alt=\"\"\/>\n                                            <\/li>\n                                                                            <\/ul>\n                                <\/div>\n                            <\/div>\n\n                            \n                            <script>\n                                document.addEventListener('DOMContentLoaded', function () {\n                                    const splide = new Splide('#slide-1782133419', {\n                                        type: 'fade',\n                                        perPage: 1,\n                                        autoplay: true,\n                                        focus: 'center',\n                                        padding: '0%',\n                                        pauseOnHover: false,\n                                        pauseOnFocus: false,\n                                        pagination: true,\n                                        arrows: true,\n                                        speed: 600,\n                                        rewind: true\n                                    });\n\n                                    splide.on('mounted move', function () {\n                                        const slides = splide.Components.Slides.get();\n                                        slides.forEach(slide => {\n                                            slide.slide.classList.remove('is-center');\n                                        });\n\n                                        const current = splide.Components.Slides.getAt(splide.index);\n                                        if (current) {\n                                            current.slide.classList.add('is-center');\n                                        }\n                                    });\n\n                                    splide.mount();\n                                });\n                            <\/script>\n\n                                            <\/div>\n                                                        <div class=\"media-item\">\n                                                    <div class=\"image\">\n                                                                    <img decoding=\"async\" src=\"https:\/\/c-secure.eu\/wp-content\/uploads\/2025\/06\/XL_Wallet_C-secure_2019_team.jpg\"\n                                         alt=\"Portefeuille XL\">\n                                                                                                <\/div>\n                                            <\/div>\n                                    <\/div>\n    <\/div>\n<\/section>\n\n\n\n\n\n<section class=\"texts\">\n    <div class=\"boxed\">\n                    <div class=\"rows\">\n                <div class=\"row row-headings\">\n                                            <div class=\"col heading-col index-0\">\n                                                            <h2 class=\"heading\">Portefeuille XL<\/h2>\n                                                    <\/div>\n                                    <\/div>\n                <div class=\"row row-content\">\n                                            <div class=\"col content-col index-0\">\n                            <div class=\"content\">\n                                                                    <p>La version XL du classique de C-secure<\/p>\n                                                            <\/div>\n                        <\/div>\n                                    <\/div>\n            <\/div>\n        \t      <\/div>\n<\/section>\n\n\n\n\n<section class=\"texts\">\n    <div class=\"boxed\">\n                    <div class=\"rows\">\n                <div class=\"row row-headings\">\n                                            <div class=\"col heading-col index-0\">\n                                                    <\/div>\n                                            <div class=\"col heading-col index-1\">\n                                                    <\/div>\n                                    <\/div>\n                <div class=\"row row-content\">\n                                            <div class=\"col content-col index-0\">\n                            <div class=\"content\">\n                                                                    <p>Dites bonjour \u00e0 la grande s\u0153ur du portefeuille simple, pour ceux qui aiment avoir un peu plus d'espace. Les portefeuilles XL peuvent contenir jusqu'\u00e0 12 cartes et sont fabriqu\u00e9s en cuir bovin classique pleine fleur d'origine europ\u00e9enne. Ils sont teints \u00e0 l'aniline et finis avec des huiles, des cires naturelles et des r\u00e9sines. L'ext\u00e9rieur a un toucher ferme et cireux et un aspect brillant avec un l\u00e9ger effet bicolore.<\/p>\n<p>Tous nos portefeuilles sont \u00e9quip\u00e9s d'un m\u00e9canisme brevet\u00e9 qui facilite l'acc\u00e8s \u00e0 vos cartes.<\/p>\n                                                            <\/div>\n                        <\/div>\n                                            <div class=\"col content-col index-1\">\n                            <div class=\"content\">\n                                                                    <ul>\n<li><b>Mat\u00e9riau :<\/b>\u00a0Cuir bovin pleine fleur classique d'origine europ\u00e9enne<\/li>\n<li><b><b>Contient et prot\u00e8ge:<\/b><\/b>\u00a08 \u00e0 12 cartes, cartes de visite, papier-monnaie et pi\u00e8ces de monnaie.<\/li>\n<li><b>Taille :<\/b>\u00a070 x 100 x 20 mm<\/li>\n<li><b><b>Poids:<\/b> 45 grammes<\/b>\u00a086 grammes<\/li>\n<\/ul>\n<p><em>*Pour tous nos portefeuilles, nous utilisons du cuir produit par Mastrotto en Italie. Il s'agit d'un cuir de haute qualit\u00e9, tann\u00e9 dans de bonnes conditions de travail et dans le respect de l'environnement.<\/em><\/p>\n                                                            <\/div>\n                        <\/div>\n                                    <\/div>\n            <\/div>\n        \t      <\/div>\n<\/section>\n\n\n\n\n<section class=\"media\">\n    <div class=\"boxed five-columns width-boxed\">\n        <span class=\"heading\"><\/span>\n        <div class=\"items\">\n                                                                    <div class=\"media-item\">\n                                                    <div class=\"image\">\n                                                                    <img decoding=\"async\" src=\"https:\/\/c-secure.eu\/wp-content\/uploads\/2025\/06\/C-secure_XL_wallet_Nero01.jpg\"\n                                         alt=\"Portefeuille XL Nero\">\n                                                                            <p class=\"text-under-image\">Nero<\/p>\n                                                                                                <\/div>\n                                            <\/div>\n                                                        <div class=\"media-item\">\n                                                    <div class=\"image\">\n                                                                    <img decoding=\"async\" src=\"https:\/\/c-secure.eu\/wp-content\/uploads\/2025\/06\/C-secure_XL_wallet_Mogano02.jpg\"\n                                         alt=\"Portefeuille XL Mogano\">\n                                                                            <p class=\"text-under-image\">Mogano<\/p>\n                                                                                                <\/div>\n                                            <\/div>\n                                                        <div class=\"media-item\">\n                                                    <div class=\"image\">\n                                                                    <img decoding=\"async\" src=\"https:\/\/c-secure.eu\/wp-content\/uploads\/2025\/06\/C-secure_XL_wallet_Chestnut03.jpg\"\n                                         alt=\"Portefeuille XL Ch\u00e2taigne\">\n                                                                            <p class=\"text-under-image\">Marron<\/p>\n                                                                                                <\/div>\n                                            <\/div>\n                                                        <div class=\"media-item\">\n                                                    <div class=\"image\">\n                                                                    <img decoding=\"async\" src=\"https:\/\/c-secure.eu\/wp-content\/uploads\/2025\/06\/C-secure_XL_wallet_Chic04.jpg\"\n                                         alt=\"Portefeuille XL Chic\">\n                                                                            <p class=\"text-under-image\">Chic<\/p>\n                                                                                                <\/div>\n                                            <\/div>\n                                    <\/div>\n    <\/div>\n<\/section>\n\n\n\n\n\n<section class=\"media\">\n    <div class=\"boxed five-columns width-boxed\">\n        <span class=\"heading\"><\/span>\n        <div class=\"items\">\n                                                                    <div class=\"media-item\">\n                                                    <div class=\"image\">\n                                                                    <img decoding=\"async\" src=\"https:\/\/c-secure.eu\/wp-content\/uploads\/2025\/06\/C-secure_XL_wallet_Cobalt05.jpg\"\n                                         alt=\"Portefeuille XL Cobalt\">\n                                                                            <p class=\"text-under-image\">Cobalt<\/p>\n                                                                                                <\/div>\n                                            <\/div>\n                                                        <div class=\"media-item\">\n                                                    <div class=\"image\">\n                                                                    <img decoding=\"async\" src=\"https:\/\/c-secure.eu\/wp-content\/uploads\/2025\/06\/C-secure_XL_wallet_Red06.jpg\"\n                                         alt=\"Portefeuille XL Rouge\">\n                                                                            <p class=\"text-under-image\">Rouge<\/p>\n                                                                                                <\/div>\n                                            <\/div>\n                                                        <div class=\"media-item\">\n                                                    <div class=\"image\">\n                                                                    <img decoding=\"async\" src=\"https:\/\/c-secure.eu\/wp-content\/uploads\/2025\/06\/C-secure_XL_wallet_Arancio_07.jpg\"\n                                         alt=\"Portefeuille XL Arancio\">\n                                                                            <p class=\"text-under-image\">Arancio<\/p>\n                                                                                                <\/div>\n                                            <\/div>\n                                                        <div class=\"media-item\">\n                                                    <div class=\"image\">\n                                                                    <img decoding=\"async\" src=\"https:\/\/c-secure.eu\/wp-content\/uploads\/2025\/06\/C-secure_XL_wallet_Solis_08.jpg\"\n                                         alt=\"Portefeuille XL Solis\">\n                                                                            <p class=\"text-under-image\">Solis<\/p>\n                                                                                                <\/div>\n                                            <\/div>\n                                    <\/div>\n    <\/div>\n<\/section>\n\n\n\n\n\n<section class=\"media\">\n    <div class=\"boxed five-columns width-boxed\">\n        <span class=\"heading\">Edition limit\u00e9e Cuir m\u00e9tallis\u00e9<\/span>\n        <div class=\"items\">\n                                                                    <div class=\"media-item\">\n                                                    <div class=\"image\">\n                                                                    <img decoding=\"async\" src=\"https:\/\/c-secure.eu\/wp-content\/uploads\/2025\/06\/Red-Metallic-XL.jpg\"\n                                         alt=\"Portefeuille XL Rouge\">\n                                                                            <p class=\"text-under-image\">Cuir rouge m\u00e9tallis\u00e9<\/p>\n                                                                                                <\/div>\n                                            <\/div>\n                                                        <div class=\"media-item\">\n                                                    <div class=\"image\">\n                                                                    <img decoding=\"async\" src=\"https:\/\/c-secure.eu\/wp-content\/uploads\/2025\/06\/Blue-Metallic-XL.jpg\"\n                                         alt=\"Portefeuille XL Bleu\">\n                                                                            <p class=\"text-under-image\">Cuir bleu m\u00e9tallis\u00e9<\/p>\n                                                                                                <\/div>\n                                            <\/div>\n                                    <\/div>\n    <\/div>\n<\/section>","protected":false},"featured_media":19294,"template":"","meta":{"_acf_changed":true},"class_list":["post-19293","product","type-product","status-publish","has-post-thumbnail","hentry"],"acf":[],"_links":{"self":[{"href":"https:\/\/c-secure.eu\/fr\/wp-json\/wp\/v2\/product\/19293","targetHints":{"allow":["GET"]}}],"collection":[{"href":"https:\/\/c-secure.eu\/fr\/wp-json\/wp\/v2\/product"}],"about":[{"href":"https:\/\/c-secure.eu\/fr\/wp-json\/wp\/v2\/types\/product"}],"wp:featuredmedia":[{"embeddable":true,"href":"https:\/\/c-secure.eu\/fr\/wp-json\/wp\/v2\/media\/19294"}],"wp:attachment":[{"href":"https:\/\/c-secure.eu\/fr\/wp-json\/wp\/v2\/media?parent=19293"}],"curies":[{"name":"wp","href":"https:\/\/api.w.org\/{rel}","templated":true}]}}