{"id":24,"date":"2025-06-03T10:10:21","date_gmt":"2025-06-03T10:10:21","guid":{"rendered":"https:\/\/c-secure.eu\/?page_id=24"},"modified":"2025-06-11T12:36:44","modified_gmt":"2025-06-11T12:36:44","slug":"about-c-secure","status":"publish","type":"page","link":"https:\/\/c-secure.eu\/it\/informazioni-su-c-secure\/","title":{"rendered":"Chi siamo"},"content":{"rendered":"<section\n        class=\"text-media bg-white class-full-width\">\n            <div class=\"container image-right\">\n                            <div class=\"media image-with-text\">\n                    <img decoding=\"async\" src=\"https:\/\/c-secure.eu\/wp-content\/uploads\/2025\/06\/About-C-secure-profile_2.jpg\" alt=\"Informazioni su-C-profilo sicuro_2\">\n                                    <\/div>\n                        <div class=\"info\">\n                <div>\n                                            <h2 class=\"heading\">C-secure<\/h2>\n                                                                <div class=\"content\"><p><em>Un team creativo<\/em><\/p>\n<p class=\"translation-block\"><b>Da sinistra a destra:<\/b> Alexis van der Wilde, Clea Ridder e Matthias Ridder. La direzione di C-secure con molti anni di esperienza nello sviluppo, nella produzione e nella vendita di bei prodotti di qualit\u00e0 in tutto il mondo, a prezzi molto interessanti. Prodotti interessanti non solo per i consumatori, ma anche per i nostri distributori.<\/p>\n<\/div>\n                                    <\/div>\n            <\/div>\n        <\/div>\n    <\/section>\n\n\n\n<section class=\"quote\">\n    <div class=\"boxed\">\n        <h2 class=\"heading\">La nostra storia<\/h2>\n            <\/div>\n<\/section>\n\n\n\n<section\n        class=\"text-media bg-pale-gray class-full-width\">\n            <div class=\"container image-right\">\n                            <div class=\"media image-with-text\">\n                    <img decoding=\"async\" src=\"https:\/\/c-secure.eu\/wp-content\/uploads\/2025\/06\/How-we-work-_-C-secure-03.jpg\" alt=\"How-we-work-_-C-secure-03\">\n                                    <\/div>\n                        <div class=\"info\">\n                <div>\n                                            <h2 class=\"heading\">Dal 2013<\/h2>\n                                                                <div class=\"content\"><p>Nel 2013 alcuni amici hanno iniziato a discutere del rapido sviluppo tecnologico su diversi mercati e sul problema che banche e societ\u00e0 di carte di credito dovevano affrontare, ovvero sostituire le vecchie carte di credito e bancarie con nuove carte per pagamento contactless, dotate di tecnologia RFID o NFC, e, allo stesso tempo, protette dal furto elettronico.<\/p>\n<\/div>\n                                    <\/div>\n            <\/div>\n        <\/div>\n    <\/section>\n\n\n\n<section\n        class=\"text-media bg-pale-gray class-full-width\">\n            <div class=\"container image-left\">\n                            <div class=\"media image-with-text\">\n                    <img decoding=\"async\" src=\"https:\/\/c-secure.eu\/wp-content\/uploads\/2025\/06\/Leather_c-secure_2019_pattern.jpg\" alt=\"Pelle_c-sicura_2019_pattern\">\n                                            <div class=\"text-in-image\">Bellissima pelle italiana<\/div>\n                                    <\/div>\n                        <div class=\"info\">\n                <div>\n                                            <h2 class=\"heading\">Noi innoviamo.<\/h2>\n                                                                <div class=\"content\"><p>Ci\u00f2 che ci occorre oggi \u00e8 un portafoglio o porta carte di credito protetto da RFID. Il lettore wireless che copia i tuoi dati pu\u00f2 leggere attraverso qualsiasi tipo di tessuto o pelle. Non c'\u00e8 modo di fermare le onde radio, a meno che, ovviamente, tu non protegga le tue carte di credito. \u00c8 proprio quello che fa C-secure. C-secure \u00e8 la soluzione perfetta quando cerchi un porta carte di credito con protezione RFID.<\/p>\n<\/div>\n                                    <\/div>\n            <\/div>\n        <\/div>\n    <\/section>\n\n\n\n<section\n        class=\"text-media bg-pale-gray class-full-width\">\n            <div class=\"container image-right\">\n                            <div class=\"media image-with-text\">\n                    <img decoding=\"async\" src=\"https:\/\/c-secure.eu\/wp-content\/uploads\/2025\/06\/How-we-work-_-C-secure-02.jpg\" alt=\"How-we-work-_-C-secure-02\">\n                                    <\/div>\n                        <div class=\"info\">\n                <div>\n                                            <h2 class=\"heading\">I Paesi Bassi, la nostra sede centrale<\/h2>\n                                                                <div class=\"content\"><p>Dall'inizio nel 2013, la vendita del portafogli \u00e8 stato un grande successo, sia nel settore B2B che B2C. Dato il costante aumento della domanda, C-secure \u00e8 sempre alla ricerca di nuovi punti vendita. Invitiamo i rivenditori che, come C-secure, hanno un eccellente servizio assistenza clienti, a contattare la nostra sede centrale di Arnhem, nei Paesi Bassi.<\/p>\n<\/div>\n                                    <\/div>\n            <\/div>\n        <\/div>\n    <\/section>\n\n\n\n<section class=\"texts\">\n    <div class=\"boxed\">\n                    <div class=\"rows\">\n                <div class=\"row row-headings\">\n                                            <div class=\"col heading-col index-0\">\n                                                            <h2 class=\"heading\">I nostri clienti<\/h2>\n                                                    <\/div>\n                                    <\/div>\n                <div class=\"row row-content\">\n                                            <div class=\"col content-col index-0\">\n                            <div class=\"content\">\n                                                                    <p><em>Lavoriamo con alcune delle migliori aziende al mondo, che hanno fiducia nelle nostre capacit\u00e0.<\/em><\/p>\n                                                            <\/div>\n                        <\/div>\n                                    <\/div>\n            <\/div>\n        \t      <\/div>\n<\/section>\n\n\n\n\n<section class=\"media\">\n    <div class=\"boxed one-column width-boxed\">\n        <span class=\"heading\"><\/span>\n        <div class=\"items\">\n                                                                    <div class=\"media-item\">\n                                                    <div class=\"image\">\n                                                                    <img decoding=\"async\" src=\"https:\/\/c-secure.eu\/wp-content\/uploads\/2025\/06\/Clients_C-Secure_logos_2019.jpg\"\n                                         alt=\"Clients_C-Secure_logos_2019\">\n                                                                                                <\/div>\n                                            <\/div>\n                                    <\/div>\n    <\/div>\n<\/section>\n\n\n\n\n\n<section class=\"call-to-action bg-green\">\n    <div class=\"container boxed\">\n        <div class=\"info\">\n            <div>\n                                    <h2 class=\"heading\">Vuoi lavorare con C-Secure?<\/h2>\n                                                                    <a href=\"https:\/\/c-secure.eu\/it\/contatto-c-secure\/\" class=\"button\">Contattaci<\/a>\n                            <\/div>\n        <\/div>\n    <\/div>\n<\/section>","protected":false},"excerpt":{"rendered":"","protected":false},"author":1,"featured_media":0,"parent":0,"menu_order":0,"comment_status":"closed","ping_status":"closed","template":"","meta":{"_acf_changed":false,"footnotes":""},"class_list":["post-24","page","type-page","status-publish"],"acf":[],"_links":{"self":[{"href":"https:\/\/c-secure.eu\/it\/wp-json\/wp\/v2\/pages\/24","targetHints":{"allow":["GET"]}}],"collection":[{"href":"https:\/\/c-secure.eu\/it\/wp-json\/wp\/v2\/pages"}],"about":[{"href":"https:\/\/c-secure.eu\/it\/wp-json\/wp\/v2\/types\/page"}],"author":[{"embeddable":true,"href":"https:\/\/c-secure.eu\/it\/wp-json\/wp\/v2\/users\/1"}],"replies":[{"embeddable":true,"href":"https:\/\/c-secure.eu\/it\/wp-json\/wp\/v2\/comments?post=24"}],"version-history":[{"count":16,"href":"https:\/\/c-secure.eu\/it\/wp-json\/wp\/v2\/pages\/24\/revisions"}],"predecessor-version":[{"id":19502,"href":"https:\/\/c-secure.eu\/it\/wp-json\/wp\/v2\/pages\/24\/revisions\/19502"}],"wp:attachment":[{"href":"https:\/\/c-secure.eu\/it\/wp-json\/wp\/v2\/media?parent=24"}],"curies":[{"name":"wp","href":"https:\/\/api.w.org\/{rel}","templated":true}]}}