{"id":19287,"date":"2025-06-04T13:40:13","date_gmt":"2025-06-04T13:40:13","guid":{"rendered":"https:\/\/c-secure.eu\/?post_type=product&#038;p=19287"},"modified":"2025-06-12T11:59:18","modified_gmt":"2025-06-12T11:59:18","slug":"coin-wallet","status":"publish","type":"product","link":"https:\/\/c-secure.eu\/it\/product\/portamonete\/","title":{"rendered":"Portafoglio con tasca porta monete"},"content":{"rendered":"<section class=\"media\">\n    <div class=\"boxed two-columns width-boxed\">\n        <span class=\"heading\"><\/span>\n        <div class=\"items\">\n                                                                    <div class=\"media-item\">\n                                                    <div class=\"splide\" id=\"slide-581993853\" aria-label=\"Presentazione\" role=\"group\">\n                                <div class=\"splide__track\">\n                                    <ul class=\"splide__list\">\n                                                                                    <li class=\"splide__slide\">\n                                                <img decoding=\"async\" src=\"https:\/\/c-secure.eu\/wp-content\/uploads\/2025\/06\/C-secure_coin_wallet_2019_front.jpg\" alt=\"\"\/>\n                                            <\/li>\n                                                                                    <li class=\"splide__slide\">\n                                                <img decoding=\"async\" src=\"https:\/\/c-secure.eu\/wp-content\/uploads\/2025\/06\/C-secure_coin_wallet_2019_side2.jpg\" alt=\"\"\/>\n                                            <\/li>\n                                                                            <\/ul>\n                                <\/div>\n                            <\/div>\n\n                            \n                            <script>\n                                document.addEventListener('DOMContentLoaded', function () {\n                                    const splide = new Splide('#slide-581993853', {\n                                        type: 'fade',\n                                        perPage: 1,\n                                        autoplay: true,\n                                        focus: 'center',\n                                        padding: '0%',\n                                        pauseOnHover: false,\n                                        pauseOnFocus: false,\n                                        pagination: true,\n                                        arrows: true,\n                                        speed: 600,\n                                        rewind: true\n                                    });\n\n                                    splide.on('mounted move', function () {\n                                        const slides = splide.Components.Slides.get();\n                                        slides.forEach(slide => {\n                                            slide.slide.classList.remove('is-center');\n                                        });\n\n                                        const current = splide.Components.Slides.getAt(splide.index);\n                                        if (current) {\n                                            current.slide.classList.add('is-center');\n                                        }\n                                    });\n\n                                    splide.mount();\n                                });\n                            <\/script>\n\n                                            <\/div>\n                                                        <div class=\"media-item\">\n                                                    <div class=\"image\">\n                                                                    <img decoding=\"async\" src=\"https:\/\/c-secure.eu\/wp-content\/uploads\/2025\/06\/C-secure_coin_wallet_2019_table.jpg\"\n                                         alt=\"\">\n                                                                                                <\/div>\n                                            <\/div>\n                                    <\/div>\n    <\/div>\n<\/section>\n\n\n\n\n\n<section class=\"texts\">\n    <div class=\"boxed\">\n                    <div class=\"rows\">\n                <div class=\"row row-headings\">\n                                            <div class=\"col heading-col index-0\">\n                                                            <h2 class=\"heading\">Portafoglio con tasca portamonete<\/h2>\n                                                    <\/div>\n                                    <\/div>\n                <div class=\"row row-content\">\n                                            <div class=\"col content-col index-0\">\n                            <div class=\"content\">\n                                                                    <div id=\"pg-2155-1\" class=\"panel-grid panel-has-style\">\n<div class=\"panel-row-style panel-row-style-for-2155-1\">\n<div id=\"pgc-2155-1-0\" class=\"panel-grid-cell\">\n<div id=\"panel-2155-1-0-0\" class=\"so-panel widget widget_black-studio-tinymce widget_black_studio_tinymce panel-first-child panel-last-child\" data-index=\"2\">\n<div class=\"textwidget\">\n<p>Il classico di C-secure con spazio per le monete<\/p>\n<\/div>\n<\/div>\n<\/div>\n<\/div>\n<\/div>\n                                                            <\/div>\n                        <\/div>\n                                    <\/div>\n            <\/div>\n        \t      <\/div>\n<\/section>\n\n\n\n\n<section class=\"texts\">\n    <div class=\"boxed\">\n                    <div class=\"rows\">\n                <div class=\"row row-headings\">\n                                            <div class=\"col heading-col index-0\">\n                                                    <\/div>\n                                            <div class=\"col heading-col index-1\">\n                                                    <\/div>\n                                    <\/div>\n                <div class=\"row row-content\">\n                                            <div class=\"col content-col index-0\">\n                            <div class=\"content\">\n                                                                    <p>Il classico portafoglio c-secure, ma questa volta con spazio per le monete. Questi portafogli possono contenere fino a 7 carte e offrono una tasca aggiuntiva per le monete. L'edizione vintage \u00e8 realizzata in pelle bovina vintage, leggermente smerigliata a grana naturale. La versione classica \u00e8 realizzata in pelle bovina nappa full size. La gamma prestige \u00e8 realizzata in crosta di bovino rifinita.<\/p>\n<p>Tutti i nostri portafogli sono dotati di un meccanismo brevettato che consente di accedere facilmente alle carte.<\/p>\n                                                            <\/div>\n                        <\/div>\n                                            <div class=\"col content-col index-1\">\n                            <div class=\"content\">\n                                                                    <ul>\n<li><b>Materiale:<\/b>\u00a0Pelle classica, Pelle vintage, Prestige Pull Up<\/li>\n<li><b>Conserva e protegge:<\/b>\u00a0Da 4 a 7 carte, biglietti da visita, carta moneta<\/li>\n<li><b>Dimensioni:<\/b>\u00a068 x 95 x 18 mm<\/li>\n<li class=\"translation-block\"><b>Peso:<\/b> 72 grammi<\/li>\n<\/ul>\n<p><em>*Per tutti i nostri portafogli utilizziamo la pelle prodotta da Mastrotto in Italia. Si tratta di pelle di alta qualit\u00e0, conciata in buone condizioni di lavoro e con attenzione all'ambiente.<\/em><\/p>\n<ul>\n<li style=\"list-style-type: none;\"><\/li>\n<\/ul>\n                                                            <\/div>\n                        <\/div>\n                                    <\/div>\n            <\/div>\n        \t      <\/div>\n<\/section>\n\n\n\n\n<section class=\"media\">\n    <div class=\"boxed six-columns width-boxed\">\n        <span class=\"heading\">Nuova edizione estiva:<\/span>\n        <div class=\"items\">\n                                                                    <div class=\"media-item\">\n                                                    <div class=\"image\">\n                                                                    <img decoding=\"async\" src=\"https:\/\/c-secure.eu\/wp-content\/uploads\/2025\/06\/C-secure_coinwallet_Orchidea.jpg\"\n                                         alt=\"\">\n                                                                            <p class=\"text-under-image\">Orchidea<\/p>\n                                                                                                <\/div>\n                                            <\/div>\n                                                        <div class=\"media-item\">\n                                                    <div class=\"image\">\n                                                                    <img decoding=\"async\" src=\"https:\/\/c-secure.eu\/wp-content\/uploads\/2025\/06\/C-secure_coinwallet_Lime.jpg\"\n                                         alt=\"\">\n                                                                            <p class=\"text-under-image\">Calce<\/p>\n                                                                                                <\/div>\n                                            <\/div>\n                                                        <div class=\"media-item\">\n                                                    <div class=\"image\">\n                                                                    <img decoding=\"async\" src=\"https:\/\/c-secure.eu\/wp-content\/uploads\/2025\/06\/C-secure_coinwallet_LiliumOrange.jpg\"\n                                         alt=\"\">\n                                                                            <p class=\"text-under-image\">Orchidea<\/p>\n                                                                                                <\/div>\n                                            <\/div>\n                                    <\/div>\n    <\/div>\n<\/section>\n\n\n\n\n\n<section class=\"media\">\n    <div class=\"boxed six-columns width-boxed\">\n        <span class=\"heading\">Pelle vintage:<\/span>\n        <div class=\"items\">\n                                                                    <div class=\"media-item\">\n                                                    <div class=\"image\">\n                                                                    <img decoding=\"async\" src=\"https:\/\/c-secure.eu\/wp-content\/uploads\/2025\/06\/C-secure_Blackwood_coinwallet.jpg\"\n                                         alt=\"\">\n                                                                            <p class=\"text-under-image\">Blackwood<\/p>\n                                                                                                <\/div>\n                                            <\/div>\n                                                        <div class=\"media-item\">\n                                                    <div class=\"image\">\n                                                                    <img decoding=\"async\" src=\"https:\/\/c-secure.eu\/wp-content\/uploads\/2025\/06\/C-secure_Gognac_coinwallet.jpg\"\n                                         alt=\"\">\n                                                                            <p class=\"text-under-image\">Cognac<\/p>\n                                                                                                <\/div>\n                                            <\/div>\n                                                        <div class=\"media-item\">\n                                                    <div class=\"image\">\n                                                                    <img decoding=\"async\" src=\"https:\/\/c-secure.eu\/wp-content\/uploads\/2025\/06\/C-secure_Bordeaux_coinwallet.jpg\"\n                                         alt=\"\">\n                                                                            <p class=\"text-under-image\">Bordeaux<\/p>\n                                                                                                <\/div>\n                                            <\/div>\n                                                        <div class=\"media-item\">\n                                                    <div class=\"image\">\n                                                                    <img decoding=\"async\" src=\"https:\/\/c-secure.eu\/wp-content\/uploads\/2025\/06\/C-secure_coin_wallet_Brown.jpg\"\n                                         alt=\"\">\n                                                                            <p class=\"text-under-image\">Marrone<\/p>\n                                                                                                <\/div>\n                                            <\/div>\n                                                        <div class=\"media-item\">\n                                                    <div class=\"image\">\n                                                                    <img decoding=\"async\" src=\"https:\/\/c-secure.eu\/wp-content\/uploads\/2025\/06\/C-secure_coin_wallet_Buffalo.jpg\"\n                                         alt=\"\">\n                                                                            <p class=\"text-under-image\">Bufalo<\/p>\n                                                                                                <\/div>\n                                            <\/div>\n                                    <\/div>\n    <\/div>\n<\/section>\n\n\n\n\n\n<section class=\"media\">\n    <div class=\"boxed six-columns width-boxed\">\n        <span class=\"heading\">Pelle classica:<\/span>\n        <div class=\"items\">\n                                                                    <div class=\"media-item\">\n                                                    <div class=\"image\">\n                                                                    <img decoding=\"async\" src=\"https:\/\/c-secure.eu\/wp-content\/uploads\/2025\/06\/C-secure_Black_Nero_coinwallet.jpg\"\n                                         alt=\"\">\n                                                                            <p class=\"text-under-image\">Nero<\/p>\n                                                                                                <\/div>\n                                            <\/div>\n                                                        <div class=\"media-item\">\n                                                    <div class=\"image\">\n                                                                    <img decoding=\"async\" src=\"https:\/\/c-secure.eu\/wp-content\/uploads\/2025\/06\/IMG_3515-Ciliegia-768x512_coinwallet.jpg\"\n                                         alt=\"\">\n                                                                            <p class=\"text-under-image\">Ciliegia<\/p>\n                                                                                                <\/div>\n                                            <\/div>\n                                                        <div class=\"media-item\">\n                                                    <div class=\"image\">\n                                                                    <img decoding=\"async\" src=\"https:\/\/c-secure.eu\/wp-content\/uploads\/2025\/06\/C-secure_coin_wallet_Blue_Marino.jpg\"\n                                         alt=\"\">\n                                                                            <p class=\"text-under-image\">Blu Marino<\/p>\n                                                                                                <\/div>\n                                            <\/div>\n                                    <\/div>\n    <\/div>\n<\/section>\n\n\n\n\n\n<section class=\"media\">\n    <div class=\"boxed four-columns width-boxed\">\n        <span class=\"heading\"><\/span>\n        <div class=\"items\">\n                                                                    <div class=\"media-item\">\n                                                    <div class=\"image\">\n                                                                    <img decoding=\"async\" src=\"https:\/\/c-secure.eu\/wp-content\/uploads\/2025\/06\/Olive-green_coinwallet.jpg\"\n                                         alt=\"\">\n                                                                            <p class=\"text-under-image\">Verde oliva<\/p>\n                                                                                                <\/div>\n                                            <\/div>\n                                                        <div class=\"media-item\">\n                                                    <div class=\"image\">\n                                                                    <a href=\"https:\/\/c-secure.eu\/wp-content\/uploads\/2025\/06\/Olive-Green-3_open_inside_whiteBG.jpg\"\n                                       class=\"glightbox\"\n                                       data-gallery=\"media-gallery\"\n                                       aria-label=\"\">\n                                        <img decoding=\"async\" src=\"https:\/\/c-secure.eu\/wp-content\/uploads\/2025\/06\/Olive-Green-3_open_inside_whiteBG.jpg\"\n                                             alt=\"\">\n                                    <\/a>\n                                    \n                                                            <\/div>\n                                            <\/div>\n                                    <\/div>\n    <\/div>\n<\/section>\n\n\n\n\n\n<section class=\"media\">\n    <div class=\"boxed six-columns width-boxed\">\n        <span class=\"heading\">Edizioni limitate:<\/span>\n        <div class=\"items\">\n                                                                    <div class=\"media-item\">\n                                                    <div class=\"image\">\n                                                                    <img decoding=\"async\" src=\"https:\/\/c-secure.eu\/wp-content\/uploads\/2025\/06\/C-secure_coinwallet_Naval.jpg\"\n                                         alt=\"\">\n                                                                            <p class=\"text-under-image\">Navale<\/p>\n                                                                                                <\/div>\n                                            <\/div>\n                                                        <div class=\"media-item\">\n                                                    <div class=\"image\">\n                                                                    <img decoding=\"async\" src=\"https:\/\/c-secure.eu\/wp-content\/uploads\/2025\/06\/C-secure_coinwallet_Purple.jpg\"\n                                         alt=\"\">\n                                                                            <p class=\"text-under-image\">Cardinale<\/p>\n                                                                                                <\/div>\n                                            <\/div>\n                                                        <div class=\"media-item\">\n                                                    <div class=\"image\">\n                                                                    <img decoding=\"async\" src=\"https:\/\/c-secure.eu\/wp-content\/uploads\/2025\/06\/C-secure_coinwallet_Auburn.jpg\"\n                                         alt=\"\">\n                                                                            <p class=\"text-under-image\">Auburn<\/p>\n                                                                                                <\/div>\n                                            <\/div>\n                                    <\/div>\n    <\/div>\n<\/section>\n\n\n\n\n\n<section class=\"media\">\n    <div class=\"boxed six-columns width-boxed\">\n        <span class=\"heading\">Edizione limitata in pelle metallizzata<\/span>\n        <div class=\"items\">\n                                                                    <div class=\"media-item\">\n                                                    <div class=\"image\">\n                                                                    <img decoding=\"async\" src=\"https:\/\/c-secure.eu\/wp-content\/uploads\/2025\/06\/Red-Metallic-coin.jpg\"\n                                         alt=\"\">\n                                                                            <p class=\"text-under-image\">Pelle rossa metallizzata<\/p>\n                                                                                                <\/div>\n                                            <\/div>\n                                                        <div class=\"media-item\">\n                                                    <div class=\"image\">\n                                                                    <img decoding=\"async\" src=\"https:\/\/c-secure.eu\/wp-content\/uploads\/2025\/06\/Blue-Metallic-coin.jpg\"\n                                         alt=\"\">\n                                                                            <p class=\"text-under-image\">Pelle blu metallizzata<\/p>\n                                                                                                <\/div>\n                                            <\/div>\n                                    <\/div>\n    <\/div>\n<\/section>","protected":false},"featured_media":19288,"template":"","meta":{"_acf_changed":true},"class_list":["post-19287","product","type-product","status-publish","has-post-thumbnail","hentry"],"acf":[],"_links":{"self":[{"href":"https:\/\/c-secure.eu\/it\/wp-json\/wp\/v2\/product\/19287","targetHints":{"allow":["GET"]}}],"collection":[{"href":"https:\/\/c-secure.eu\/it\/wp-json\/wp\/v2\/product"}],"about":[{"href":"https:\/\/c-secure.eu\/it\/wp-json\/wp\/v2\/types\/product"}],"wp:featuredmedia":[{"embeddable":true,"href":"https:\/\/c-secure.eu\/it\/wp-json\/wp\/v2\/media\/19288"}],"wp:attachment":[{"href":"https:\/\/c-secure.eu\/it\/wp-json\/wp\/v2\/media?parent=19287"}],"curies":[{"name":"wp","href":"https:\/\/api.w.org\/{rel}","templated":true}]}}